{"id":1029,"date":"2021-06-29T05:01:51","date_gmt":"2021-06-29T05:01:51","guid":{"rendered":"https:\/\/cataccounting.ap5cnyhy-liquidwebsites.com\/tax-planning-audits-and-refunds\/"},"modified":"2024-12-24T08:41:02","modified_gmt":"2024-12-24T08:41:02","slug":"tax-planning-audits-and-refunds","status":"publish","type":"page","link":"https:\/\/accounting-tax.co.th\/fr\/tax-planning-audits-and-refunds\/","title":{"rendered":"Tax Planning, Audits and Refunds"},"content":{"rendered":"\t\t<div data-elementor-type=\"wp-page\" data-elementor-id=\"1029\" class=\"elementor elementor-1029\">\n\t\t\t\t\t\t<section class=\"elementor-section elementor-top-section elementor-element elementor-element-41d0ada elementor-section-boxed elementor-section-height-default elementor-section-height-default\" data-id=\"41d0ada\" data-element_type=\"section\" data-e-type=\"section\" data-settings=\"{&quot;background_background&quot;:&quot;gradient&quot;}\">\n\t\t\t\t\t\t<div class=\"elementor-container elementor-column-gap-default\">\n\t\t\t\t\t<div class=\"elementor-column elementor-col-100 elementor-top-column elementor-element elementor-element-0dc2bf0\" data-id=\"0dc2bf0\" data-element_type=\"column\" data-e-type=\"column\">\n\t\t\t<div class=\"elementor-widget-wrap elementor-element-populated\">\n\t\t\t\t\t\t<div class=\"elementor-element elementor-element-9ec321a elementor-widget elementor-widget-spacer\" data-id=\"9ec321a\" data-element_type=\"widget\" data-e-type=\"widget\" data-widget_type=\"spacer.default\">\n\t\t\t\t<div class=\"elementor-widget-container\">\n\t\t\t\t\t\t\t<div class=\"elementor-spacer\">\n\t\t\t<div class=\"elementor-spacer-inner\"><\/div>\n\t\t<\/div>\n\t\t\t\t\t\t<\/div>\n\t\t\t\t<\/div>\n\t\t\t\t\t<\/div>\n\t\t<\/div>\n\t\t\t\t\t<\/div>\n\t\t<\/section>\n\t\t\t\t<section class=\"elementor-section elementor-top-section elementor-element elementor-element-0a6833e elementor-section-full_width elementor-section-height-default elementor-section-height-default\" data-id=\"0a6833e\" data-element_type=\"section\" data-e-type=\"section\" data-settings=\"{&quot;background_background&quot;:&quot;gradient&quot;}\">\n\t\t\t\t\t\t<div class=\"elementor-container elementor-column-gap-default\">\n\t\t\t\t\t<div class=\"elementor-column elementor-col-33 elementor-top-column elementor-element elementor-element-31665a0\" data-id=\"31665a0\" data-element_type=\"column\" data-e-type=\"column\">\n\t\t\t<div class=\"elementor-widget-wrap elementor-element-populated\">\n\t\t\t\t\t\t<div class=\"elementor-element elementor-element-3ebc22c elementor-widget elementor-widget-image\" data-id=\"3ebc22c\" data-element_type=\"widget\" data-e-type=\"widget\" data-widget_type=\"image.default\">\n\t\t\t\t<div class=\"elementor-widget-container\">\n\t\t\t\t\t\t\t\t\t\t\t\t\t\t\t<img fetchpriority=\"high\" decoding=\"async\" width=\"634\" height=\"723\" src=\"https:\/\/accounting-tax.co.th\/wp-content\/uploads\/2021\/06\/Group-27-1-e1624934523689.png\" class=\"attachment-full size-full wp-image-947\" alt=\"\" srcset=\"https:\/\/accounting-tax.co.th\/wp-content\/uploads\/2021\/06\/Group-27-1-e1624934523689.png 634w, https:\/\/accounting-tax.co.th\/wp-content\/uploads\/2021\/06\/Group-27-1-e1624934523689-263x300.png 263w\" sizes=\"(max-width: 634px) 100vw, 634px\" \/>\t\t\t\t\t\t\t\t\t\t\t\t\t\t\t<\/div>\n\t\t\t\t<\/div>\n\t\t\t\t<div class=\"elementor-element elementor-element-363cad1 head-box-tax-plan-service elementor-widget elementor-widget-heading\" data-id=\"363cad1\" data-element_type=\"widget\" data-e-type=\"widget\" data-widget_type=\"heading.default\">\n\t\t\t\t<div class=\"elementor-widget-container\">\n\t\t\t\t\t<h1 class=\"elementor-heading-title elementor-size-default\">Planning taxation, v\u00e9rifications et remboursements<\/h1>\t\t\t\t<\/div>\n\t\t\t\t<\/div>\n\t\t\t\t\t<\/div>\n\t\t<\/div>\n\t\t\t\t<div class=\"elementor-column elementor-col-33 elementor-top-column elementor-element elementor-element-713dd49 box-tax-plan-service box-tax-plan-service-fr\" data-id=\"713dd49\" data-element_type=\"column\" data-e-type=\"column\">\n\t\t\t<div class=\"elementor-widget-wrap elementor-element-populated\">\n\t\t\t\t\t\t<div class=\"elementor-element elementor-element-89acd09 elementor-widget elementor-widget-html\" data-id=\"89acd09\" data-element_type=\"widget\" data-e-type=\"widget\" data-widget_type=\"html.default\">\n\t\t\t\t<div class=\"elementor-widget-container\">\n\t\t\t\t\t<h2>Planning Taxation, V\u00e9rifications Et Remboursements.<\/h2>\r\n\r\n<h3>Personne n'aime payer des imp\u00f4ts, et surtout, personne n'aime payer plus qu'est due en vertu de la Loi. Ainsi, tout en acceptant l'in\u00e9vitabilit\u00e9 d'imp\u00f4ts, il est sage de consid\u00e9rer les avantages d\u00e9coulant d'un service de consultation planification fiscale strat\u00e9gique.<\/h3>\r\n\r\n<h2><span style=\"color: #707070;\">Consid\u00e9rations de planification fiscale<\/span><\/h2>\r\n<h3><span style=\"color: #707070;\">Planification fiscale est tout au sujet de structurer vos finances personnelles, ou des strat\u00e9gies commerciales et d'investissement de la soci\u00e9t\u00e9, pour tirer le meilleur parti de la l\u00e9gislation actuelle en Tha\u00eflande afin de r\u00e9duire votre facture d'imp\u00f4t.<\/span><\/h3>\r\n\r\n<h2><span style=\"color: #707070;\">La planification fiscale couvre la responsabilit\u00e9 potentielle aux imp\u00f4ts dans de nombreux domaines tels que :<\/span><\/h2>\r\n<h3><span style=\"color: #707070;\">Imp\u00f4t sur le revenu<\/span><\/h3>\r\n<h3><span style=\"color: #707070;\">Imp\u00f4t sur les successions<\/span><\/h3>\r\n<h3><span style=\"color: #707070;\">Imp\u00f4t sur les soci\u00e9t\u00e9s<\/span><\/h3>\r\n<h3><span style=\"color: #707070;\">Imp\u00f4t foncier<\/span><\/h3>\r\n<h3><span style=\"color: #707070;\">Valeur ajout\u00e9e (TVA)<\/span><\/h3>\r\n<h3><span style=\"color: #707070;\">Douanes accises et fonctions<\/span><\/h3>\r\n<h3><span style=\"color: #707070;\">Propri\u00e9t\u00e9 et autres \u00e9l\u00e9ments d'actifs<\/span><\/h3>\r\n\r\n<h3><span style=\"color: #707070;\">Comment vous structurez la propri\u00e9t\u00e9 et de contr\u00f4le de vos biens et autres actifs peuvent avoir un effet dramatique sur votre imp\u00f4t \u00e0 payer. Utilisation des entreprises offshore et d'autres strat\u00e9gies plus complexes peuvent \u00eatre n\u00e9cessaires, mais ne peuvent \u00eatre consid\u00e9r\u00e9 qu\u2019apr\u00e8s \u00e9valuation de tous les faits et des personnel et uniques circonstances concernant chaque client.<\/span><\/h3>\r\n\r\n<h3><span style=\"color: #707070;\">Donc premi\u00e8re \u00e9tape comme toujours ; venez nous voir pour un chat et une tasse de notre d\u00e9licieux caf\u00e9 et allons voir tout ce que nous pourrions faire pour \u00e9conomiser plus de vos \u00e9pargnes durement gagn\u00e9 de tomber entre les mains du minist\u00e8re du revenu !<\/span><\/h3>\r\n\r\n<h3><span style=\"color: #707070;\">Pour plus d'informations sur comment nous pouvons vous aider avec les exigences de planification sur vos taxes, s'il vous pla\u00eet envoyez-nous un courriel \u00e0 thananan@accounting-tax.co.th ou appeler pour organiser une consultation gratuite sans obligation.<\/span><\/h3>\r\n\r\n<h2>V\u00e9rifications<\/h2>\r\n\r\n<h3>Les Audits des Soci\u00e9t\u00e9s ind\u00e9pendantes sont parfois des instruments n\u00e9cessaires pour la gestion du PDG des soci\u00e9t\u00e9s m\u00e8res d'\u00e9valuer sous une forme globale leur rendement actuel et les pr\u00e9visions futures.<\/h3>\r\n\r\n<h3><span style=\"color: #707070;\">Lorsque cela devient n\u00e9cessaire, nous nous appuyons sur certains auditeurs ind\u00e9pendants convenus, pour produire ces \u00e9valuations conform\u00e9ment au Code de pratique Thai.<\/span><\/h3>\r\n\r\n<h2>Proc\u00e9dure de r\u00e9visions d'imp\u00f4t et remboursements.<\/h2>\r\n\r\n<h3>Un autre aspect important de la relation entre les entreprises et le Dept.<\/h3>\r\n<h3 style=\"color: #707070;\">des Recettes est l'id\u00e9e qui est tr\u00e8s difficile d'obtenir votre d\u00fb remboursements des taxes, sans devoir passer par certaines v\u00e9rifications minutieuses et enqu\u00eates, qui peuvent aboutir \u00e0 l'application des peines. Dans cette mesure un service tr\u00e8s important que notre compagnie peut fournir, est de prendre en charge la t\u00e2che d\u2019initier et de compl\u00e9ter les proc\u00e9dures de remboursement de tous les types de Taxes avec le Minist\u00e8re du Revenu.<\/h3>\r\n\r\n<h3 style=\"color: #707070;\">Le service consiste en l'examen de tous vos documents comptables pour conformit\u00e9 avec le r\u00e8glement des imp\u00f4ts, qui vous donnera droit \u00e0 un remboursement de la taxe de quelconque genre, que ce soit personnel ou imp\u00f4t sur les soci\u00e9t\u00e9s, TVA, Imp\u00f4t Affaires sp\u00e9cifiques, etc., puis le soumettre et suivi de l'application, y compris les r\u00e9unions et n\u00e9gociations avec les agents de minist\u00e8re du revenu, jusqu'\u00e0 ce que le remboursement est certes, pour une commission qui est normalement un pourcentage de la somme recouvr\u00e9e.<\/h3>\t\t\t\t<\/div>\n\t\t\t\t<\/div>\n\t\t\t\t\t<\/div>\n\t\t<\/div>\n\t\t\t\t<div class=\"elementor-column elementor-col-33 elementor-top-column elementor-element elementor-element-d067e72 box-about-us\" data-id=\"d067e72\" data-element_type=\"column\" data-e-type=\"column\">\n\t\t\t<div class=\"elementor-widget-wrap\">\n\t\t\t\t\t\t\t<\/div>\n\t\t<\/div>\n\t\t\t\t\t<\/div>\n\t\t<\/section>\n\t\t\t\t<section class=\"elementor-section elementor-top-section elementor-element elementor-element-8d5fb75 elementor-section-boxed elementor-section-height-default elementor-section-height-default\" data-id=\"8d5fb75\" data-element_type=\"section\" data-e-type=\"section\" data-settings=\"{&quot;background_background&quot;:&quot;gradient&quot;}\">\n\t\t\t\t\t\t<div class=\"elementor-container elementor-column-gap-default\">\n\t\t\t\t\t<div class=\"elementor-column elementor-col-100 elementor-top-column elementor-element elementor-element-17b2e13\" data-id=\"17b2e13\" data-element_type=\"column\" data-e-type=\"column\">\n\t\t\t<div class=\"elementor-widget-wrap elementor-element-populated\">\n\t\t\t\t\t\t<div class=\"elementor-element elementor-element-5c36595 elementor-widget elementor-widget-spacer\" data-id=\"5c36595\" data-element_type=\"widget\" data-e-type=\"widget\" data-widget_type=\"spacer.default\">\n\t\t\t\t<div class=\"elementor-widget-container\">\n\t\t\t\t\t\t\t<div class=\"elementor-spacer\">\n\t\t\t<div class=\"elementor-spacer-inner\"><\/div>\n\t\t<\/div>\n\t\t\t\t\t\t<\/div>\n\t\t\t\t<\/div>\n\t\t\t\t\t<\/div>\n\t\t<\/div>\n\t\t\t\t\t<\/div>\n\t\t<\/section>\n\t\t\t\t<\/div>\n\t\t","protected":false},"excerpt":{"rendered":"<p>Planning taxation, v\u00e9rifications et remboursements Planning Taxation, V\u00e9rifications Et Remboursements. Personne n&rsquo;aime payer des imp\u00f4ts, et surtout, personne n&rsquo;aime payer plus qu&rsquo;est due en vertu de la Loi. Ainsi, tout en acceptant l&rsquo;in\u00e9vitabilit\u00e9 d&rsquo;imp\u00f4ts, il est sage de consid\u00e9rer les avantages d\u00e9coulant d&rsquo;un service de consultation planification fiscale strat\u00e9gique. Consid\u00e9rations de planification fiscale Planification fiscale est tout au sujet de structurer vos finances personnelles, ou des strat\u00e9gies commerciales et d&rsquo;investissement de la soci\u00e9t\u00e9, pour tirer le meilleur parti de la l\u00e9gislation actuelle en Tha\u00eflande afin de r\u00e9duire votre facture d&rsquo;imp\u00f4t. La planification fiscale couvre la responsabilit\u00e9 potentielle aux imp\u00f4ts dans de nombreux domaines tels que : Imp\u00f4t sur le revenu Imp\u00f4t sur les successions Imp\u00f4t sur les soci\u00e9t\u00e9s Imp\u00f4t foncier Valeur ajout\u00e9e (TVA) Douanes accises et fonctions Propri\u00e9t\u00e9 et autres \u00e9l\u00e9ments d&rsquo;actifs Comment vous structurez la propri\u00e9t\u00e9 et de contr\u00f4le de vos biens et autres actifs peuvent avoir un effet&hellip;<\/p>\n<p> <a class=\"more-link\" href=\"https:\/\/accounting-tax.co.th\/fr\/tax-planning-audits-and-refunds\/\">Read more<\/a><\/p>\n","protected":false},"author":2,"featured_media":0,"parent":0,"menu_order":0,"comment_status":"closed","ping_status":"closed","template":"elementor_header_footer","meta":{"footnotes":""},"class_list":["post-1029","page","type-page","status-publish"],"yoast_head":"<!-- This site is optimized with the Yoast SEO plugin v27.3 - https:\/\/yoast.com\/product\/yoast-seo-wordpress\/ -->\n<title>Tax Planning, Audits and Refunds - CATAccounting<\/title>\n<meta name=\"robots\" content=\"index, follow, max-snippet:-1, max-image-preview:large, max-video-preview:-1\" \/>\n<link rel=\"canonical\" href=\"https:\/\/accounting-tax.co.th\/fr\/tax-planning-audits-and-refunds\/\" \/>\n<meta property=\"og:locale\" content=\"fr_FR\" \/>\n<meta property=\"og:type\" content=\"article\" \/>\n<meta property=\"og:title\" content=\"Tax Planning, Audits and Refunds - CATAccounting\" \/>\n<meta property=\"og:description\" content=\"Planning taxation, v\u00e9rifications et remboursements Planning Taxation, V\u00e9rifications Et Remboursements. Personne n&rsquo;aime payer des imp\u00f4ts, et surtout, personne n&rsquo;aime payer plus qu&rsquo;est due en vertu de la Loi. Ainsi, tout en acceptant l&rsquo;in\u00e9vitabilit\u00e9 d&rsquo;imp\u00f4ts, il est sage de consid\u00e9rer les avantages d\u00e9coulant d&rsquo;un service de consultation planification fiscale strat\u00e9gique. Consid\u00e9rations de planification fiscale Planification fiscale est tout au sujet de structurer vos finances personnelles, ou des strat\u00e9gies commerciales et d&rsquo;investissement de la soci\u00e9t\u00e9, pour tirer le meilleur parti de la l\u00e9gislation actuelle en Tha\u00eflande afin de r\u00e9duire votre facture d&rsquo;imp\u00f4t. La planification fiscale couvre la responsabilit\u00e9 potentielle aux imp\u00f4ts dans de nombreux domaines tels que : Imp\u00f4t sur le revenu Imp\u00f4t sur les successions Imp\u00f4t sur les soci\u00e9t\u00e9s Imp\u00f4t foncier Valeur ajout\u00e9e (TVA) Douanes accises et fonctions Propri\u00e9t\u00e9 et autres \u00e9l\u00e9ments d&rsquo;actifs Comment vous structurez la propri\u00e9t\u00e9 et de contr\u00f4le de vos biens et autres actifs peuvent avoir un effet&hellip;  Read more\" \/>\n<meta property=\"og:url\" content=\"https:\/\/accounting-tax.co.th\/fr\/tax-planning-audits-and-refunds\/\" \/>\n<meta property=\"og:site_name\" content=\"CATAccounting\" \/>\n<meta property=\"article:modified_time\" content=\"2024-12-24T08:41:02+00:00\" \/>\n<meta property=\"og:image\" content=\"https:\/\/accounting-tax.co.th\/wp-content\/uploads\/2021\/06\/Group-27-1-e1624934523689.png\" \/>\n\t<meta property=\"og:image:width\" content=\"634\" \/>\n\t<meta property=\"og:image:height\" content=\"723\" \/>\n\t<meta property=\"og:image:type\" content=\"image\/png\" \/>\n<meta name=\"twitter:card\" content=\"summary_large_image\" \/>\n<meta name=\"twitter:label1\" content=\"Dur\u00e9e de lecture estim\u00e9e\" \/>\n\t<meta name=\"twitter:data1\" content=\"3 minutes\" \/>\n<script type=\"application\/ld+json\" class=\"yoast-schema-graph\">{\"@context\":\"https:\\\/\\\/schema.org\",\"@graph\":[{\"@type\":\"WebPage\",\"@id\":\"https:\\\/\\\/accounting-tax.co.th\\\/fr\\\/tax-planning-audits-and-refunds\\\/\",\"url\":\"https:\\\/\\\/accounting-tax.co.th\\\/fr\\\/tax-planning-audits-and-refunds\\\/\",\"name\":\"Tax Planning, Audits and Refunds - CATAccounting\",\"isPartOf\":{\"@id\":\"https:\\\/\\\/accounting-tax.co.th\\\/fr\\\/#website\"},\"primaryImageOfPage\":{\"@id\":\"https:\\\/\\\/accounting-tax.co.th\\\/fr\\\/tax-planning-audits-and-refunds\\\/#primaryimage\"},\"image\":{\"@id\":\"https:\\\/\\\/accounting-tax.co.th\\\/fr\\\/tax-planning-audits-and-refunds\\\/#primaryimage\"},\"thumbnailUrl\":\"https:\\\/\\\/accounting-tax.co.th\\\/wp-content\\\/uploads\\\/2021\\\/06\\\/Group-27-1-e1624934523689.png\",\"datePublished\":\"2021-06-29T05:01:51+00:00\",\"dateModified\":\"2024-12-24T08:41:02+00:00\",\"breadcrumb\":{\"@id\":\"https:\\\/\\\/accounting-tax.co.th\\\/fr\\\/tax-planning-audits-and-refunds\\\/#breadcrumb\"},\"inLanguage\":\"fr-FR\",\"potentialAction\":[{\"@type\":\"ReadAction\",\"target\":[\"https:\\\/\\\/accounting-tax.co.th\\\/fr\\\/tax-planning-audits-and-refunds\\\/\"]}]},{\"@type\":\"ImageObject\",\"inLanguage\":\"fr-FR\",\"@id\":\"https:\\\/\\\/accounting-tax.co.th\\\/fr\\\/tax-planning-audits-and-refunds\\\/#primaryimage\",\"url\":\"https:\\\/\\\/accounting-tax.co.th\\\/wp-content\\\/uploads\\\/2021\\\/06\\\/Group-27-1-e1624934523689.png\",\"contentUrl\":\"https:\\\/\\\/accounting-tax.co.th\\\/wp-content\\\/uploads\\\/2021\\\/06\\\/Group-27-1-e1624934523689.png\"},{\"@type\":\"BreadcrumbList\",\"@id\":\"https:\\\/\\\/accounting-tax.co.th\\\/fr\\\/tax-planning-audits-and-refunds\\\/#breadcrumb\",\"itemListElement\":[{\"@type\":\"ListItem\",\"position\":1,\"name\":\"Home\",\"item\":\"https:\\\/\\\/accounting-tax.co.th\\\/fr\\\/\"},{\"@type\":\"ListItem\",\"position\":2,\"name\":\"Tax Planning, Audits and Refunds\"}]},{\"@type\":\"WebSite\",\"@id\":\"https:\\\/\\\/accounting-tax.co.th\\\/fr\\\/#website\",\"url\":\"https:\\\/\\\/accounting-tax.co.th\\\/fr\\\/\",\"name\":\"CATAccounting\",\"description\":\"\",\"publisher\":{\"@id\":\"https:\\\/\\\/accounting-tax.co.th\\\/fr\\\/#organization\"},\"potentialAction\":[{\"@type\":\"SearchAction\",\"target\":{\"@type\":\"EntryPoint\",\"urlTemplate\":\"https:\\\/\\\/accounting-tax.co.th\\\/fr\\\/?s={search_term_string}\"},\"query-input\":{\"@type\":\"PropertyValueSpecification\",\"valueRequired\":true,\"valueName\":\"search_term_string\"}}],\"inLanguage\":\"fr-FR\"},{\"@type\":\"Organization\",\"@id\":\"https:\\\/\\\/accounting-tax.co.th\\\/fr\\\/#organization\",\"name\":\"CATAccounting\",\"url\":\"https:\\\/\\\/accounting-tax.co.th\\\/fr\\\/\",\"logo\":{\"@type\":\"ImageObject\",\"inLanguage\":\"fr-FR\",\"@id\":\"https:\\\/\\\/accounting-tax.co.th\\\/fr\\\/#\\\/schema\\\/logo\\\/image\\\/\",\"url\":\"https:\\\/\\\/accounting-tax.co.th\\\/wp-content\\\/uploads\\\/2021\\\/06\\\/cropped-logo-original-white.png\",\"contentUrl\":\"https:\\\/\\\/accounting-tax.co.th\\\/wp-content\\\/uploads\\\/2021\\\/06\\\/cropped-logo-original-white.png\",\"width\":361,\"height\":220,\"caption\":\"CATAccounting\"},\"image\":{\"@id\":\"https:\\\/\\\/accounting-tax.co.th\\\/fr\\\/#\\\/schema\\\/logo\\\/image\\\/\"}}]}<\/script>\n<!-- \/ Yoast SEO plugin. -->","yoast_head_json":{"title":"Tax Planning, Audits and Refunds - CATAccounting","robots":{"index":"index","follow":"follow","max-snippet":"max-snippet:-1","max-image-preview":"max-image-preview:large","max-video-preview":"max-video-preview:-1"},"canonical":"https:\/\/accounting-tax.co.th\/fr\/tax-planning-audits-and-refunds\/","og_locale":"fr_FR","og_type":"article","og_title":"Tax Planning, Audits and Refunds - CATAccounting","og_description":"Planning taxation, v\u00e9rifications et remboursements Planning Taxation, V\u00e9rifications Et Remboursements. Personne n&rsquo;aime payer des imp\u00f4ts, et surtout, personne n&rsquo;aime payer plus qu&rsquo;est due en vertu de la Loi. Ainsi, tout en acceptant l&rsquo;in\u00e9vitabilit\u00e9 d&rsquo;imp\u00f4ts, il est sage de consid\u00e9rer les avantages d\u00e9coulant d&rsquo;un service de consultation planification fiscale strat\u00e9gique. Consid\u00e9rations de planification fiscale Planification fiscale est tout au sujet de structurer vos finances personnelles, ou des strat\u00e9gies commerciales et d&rsquo;investissement de la soci\u00e9t\u00e9, pour tirer le meilleur parti de la l\u00e9gislation actuelle en Tha\u00eflande afin de r\u00e9duire votre facture d&rsquo;imp\u00f4t. La planification fiscale couvre la responsabilit\u00e9 potentielle aux imp\u00f4ts dans de nombreux domaines tels que : Imp\u00f4t sur le revenu Imp\u00f4t sur les successions Imp\u00f4t sur les soci\u00e9t\u00e9s Imp\u00f4t foncier Valeur ajout\u00e9e (TVA) Douanes accises et fonctions Propri\u00e9t\u00e9 et autres \u00e9l\u00e9ments d&rsquo;actifs Comment vous structurez la propri\u00e9t\u00e9 et de contr\u00f4le de vos biens et autres actifs peuvent avoir un effet&hellip;  Read more","og_url":"https:\/\/accounting-tax.co.th\/fr\/tax-planning-audits-and-refunds\/","og_site_name":"CATAccounting","article_modified_time":"2024-12-24T08:41:02+00:00","og_image":[{"width":634,"height":723,"url":"https:\/\/accounting-tax.co.th\/wp-content\/uploads\/2021\/06\/Group-27-1-e1624934523689.png","type":"image\/png"}],"twitter_card":"summary_large_image","twitter_misc":{"Dur\u00e9e de lecture estim\u00e9e":"3 minutes"},"schema":{"@context":"https:\/\/schema.org","@graph":[{"@type":"WebPage","@id":"https:\/\/accounting-tax.co.th\/fr\/tax-planning-audits-and-refunds\/","url":"https:\/\/accounting-tax.co.th\/fr\/tax-planning-audits-and-refunds\/","name":"Tax Planning, Audits and Refunds - CATAccounting","isPartOf":{"@id":"https:\/\/accounting-tax.co.th\/fr\/#website"},"primaryImageOfPage":{"@id":"https:\/\/accounting-tax.co.th\/fr\/tax-planning-audits-and-refunds\/#primaryimage"},"image":{"@id":"https:\/\/accounting-tax.co.th\/fr\/tax-planning-audits-and-refunds\/#primaryimage"},"thumbnailUrl":"https:\/\/accounting-tax.co.th\/wp-content\/uploads\/2021\/06\/Group-27-1-e1624934523689.png","datePublished":"2021-06-29T05:01:51+00:00","dateModified":"2024-12-24T08:41:02+00:00","breadcrumb":{"@id":"https:\/\/accounting-tax.co.th\/fr\/tax-planning-audits-and-refunds\/#breadcrumb"},"inLanguage":"fr-FR","potentialAction":[{"@type":"ReadAction","target":["https:\/\/accounting-tax.co.th\/fr\/tax-planning-audits-and-refunds\/"]}]},{"@type":"ImageObject","inLanguage":"fr-FR","@id":"https:\/\/accounting-tax.co.th\/fr\/tax-planning-audits-and-refunds\/#primaryimage","url":"https:\/\/accounting-tax.co.th\/wp-content\/uploads\/2021\/06\/Group-27-1-e1624934523689.png","contentUrl":"https:\/\/accounting-tax.co.th\/wp-content\/uploads\/2021\/06\/Group-27-1-e1624934523689.png"},{"@type":"BreadcrumbList","@id":"https:\/\/accounting-tax.co.th\/fr\/tax-planning-audits-and-refunds\/#breadcrumb","itemListElement":[{"@type":"ListItem","position":1,"name":"Home","item":"https:\/\/accounting-tax.co.th\/fr\/"},{"@type":"ListItem","position":2,"name":"Tax Planning, Audits and Refunds"}]},{"@type":"WebSite","@id":"https:\/\/accounting-tax.co.th\/fr\/#website","url":"https:\/\/accounting-tax.co.th\/fr\/","name":"CATAccounting","description":"","publisher":{"@id":"https:\/\/accounting-tax.co.th\/fr\/#organization"},"potentialAction":[{"@type":"SearchAction","target":{"@type":"EntryPoint","urlTemplate":"https:\/\/accounting-tax.co.th\/fr\/?s={search_term_string}"},"query-input":{"@type":"PropertyValueSpecification","valueRequired":true,"valueName":"search_term_string"}}],"inLanguage":"fr-FR"},{"@type":"Organization","@id":"https:\/\/accounting-tax.co.th\/fr\/#organization","name":"CATAccounting","url":"https:\/\/accounting-tax.co.th\/fr\/","logo":{"@type":"ImageObject","inLanguage":"fr-FR","@id":"https:\/\/accounting-tax.co.th\/fr\/#\/schema\/logo\/image\/","url":"https:\/\/accounting-tax.co.th\/wp-content\/uploads\/2021\/06\/cropped-logo-original-white.png","contentUrl":"https:\/\/accounting-tax.co.th\/wp-content\/uploads\/2021\/06\/cropped-logo-original-white.png","width":361,"height":220,"caption":"CATAccounting"},"image":{"@id":"https:\/\/accounting-tax.co.th\/fr\/#\/schema\/logo\/image\/"}}]}},"_links":{"self":[{"href":"https:\/\/accounting-tax.co.th\/fr\/wp-json\/wp\/v2\/pages\/1029","targetHints":{"allow":["GET"]}}],"collection":[{"href":"https:\/\/accounting-tax.co.th\/fr\/wp-json\/wp\/v2\/pages"}],"about":[{"href":"https:\/\/accounting-tax.co.th\/fr\/wp-json\/wp\/v2\/types\/page"}],"author":[{"embeddable":true,"href":"https:\/\/accounting-tax.co.th\/fr\/wp-json\/wp\/v2\/users\/2"}],"replies":[{"embeddable":true,"href":"https:\/\/accounting-tax.co.th\/fr\/wp-json\/wp\/v2\/comments?post=1029"}],"version-history":[{"count":32,"href":"https:\/\/accounting-tax.co.th\/fr\/wp-json\/wp\/v2\/pages\/1029\/revisions"}],"predecessor-version":[{"id":2163,"href":"https:\/\/accounting-tax.co.th\/fr\/wp-json\/wp\/v2\/pages\/1029\/revisions\/2163"}],"wp:attachment":[{"href":"https:\/\/accounting-tax.co.th\/fr\/wp-json\/wp\/v2\/media?parent=1029"}],"curies":[{"name":"wp","href":"https:\/\/api.w.org\/{rel}","templated":true}]}}