{"id":1057,"date":"2021-06-29T06:12:07","date_gmt":"2021-06-29T06:12:07","guid":{"rendered":"https:\/\/cataccounting.ap5cnyhy-liquidwebsites.com\/visa-work-permit-services\/"},"modified":"2025-01-10T09:15:25","modified_gmt":"2025-01-10T09:15:25","slug":"visa-and-work-permit-services","status":"publish","type":"page","link":"https:\/\/accounting-tax.co.th\/fr\/visa-and-work-permit-services\/","title":{"rendered":"Visa &#038; Work Permit Services"},"content":{"rendered":"\t\t<div data-elementor-type=\"wp-page\" data-elementor-id=\"1057\" class=\"elementor elementor-1057\">\n\t\t\t\t\t\t<section class=\"elementor-section elementor-top-section elementor-element elementor-element-41d0ada elementor-section-boxed elementor-section-height-default elementor-section-height-default\" data-id=\"41d0ada\" data-element_type=\"section\" data-e-type=\"section\" data-settings=\"{&quot;background_background&quot;:&quot;gradient&quot;}\">\n\t\t\t\t\t\t<div class=\"elementor-container elementor-column-gap-default\">\n\t\t\t\t\t<div class=\"elementor-column elementor-col-100 elementor-top-column elementor-element elementor-element-0dc2bf0\" data-id=\"0dc2bf0\" data-element_type=\"column\" data-e-type=\"column\">\n\t\t\t<div class=\"elementor-widget-wrap elementor-element-populated\">\n\t\t\t\t\t\t<div class=\"elementor-element elementor-element-9ec321a elementor-widget elementor-widget-spacer\" data-id=\"9ec321a\" data-element_type=\"widget\" data-e-type=\"widget\" data-widget_type=\"spacer.default\">\n\t\t\t\t<div class=\"elementor-widget-container\">\n\t\t\t\t\t\t\t<div class=\"elementor-spacer\">\n\t\t\t<div class=\"elementor-spacer-inner\"><\/div>\n\t\t<\/div>\n\t\t\t\t\t\t<\/div>\n\t\t\t\t<\/div>\n\t\t\t\t\t<\/div>\n\t\t<\/div>\n\t\t\t\t\t<\/div>\n\t\t<\/section>\n\t\t\t\t<section class=\"elementor-section elementor-top-section elementor-element elementor-element-0a6833e elementor-section-full_width elementor-section-height-default elementor-section-height-default\" data-id=\"0a6833e\" data-element_type=\"section\" data-e-type=\"section\" data-settings=\"{&quot;background_background&quot;:&quot;gradient&quot;}\">\n\t\t\t\t\t\t<div class=\"elementor-container elementor-column-gap-default\">\n\t\t\t\t\t<div class=\"elementor-column elementor-col-33 elementor-top-column elementor-element elementor-element-31665a0\" data-id=\"31665a0\" data-element_type=\"column\" data-e-type=\"column\">\n\t\t\t<div class=\"elementor-widget-wrap elementor-element-populated\">\n\t\t\t\t\t\t<div class=\"elementor-element elementor-element-3ebc22c elementor-widget elementor-widget-image\" data-id=\"3ebc22c\" data-element_type=\"widget\" data-e-type=\"widget\" data-widget_type=\"image.default\">\n\t\t\t\t<div class=\"elementor-widget-container\">\n\t\t\t\t\t\t\t\t\t\t\t\t\t\t\t<img fetchpriority=\"high\" decoding=\"async\" width=\"634\" height=\"723\" src=\"https:\/\/accounting-tax.co.th\/wp-content\/uploads\/2021\/06\/Group-27-1-e1624934523689.png\" class=\"attachment-full size-full wp-image-947\" alt=\"\" srcset=\"https:\/\/accounting-tax.co.th\/wp-content\/uploads\/2021\/06\/Group-27-1-e1624934523689.png 634w, https:\/\/accounting-tax.co.th\/wp-content\/uploads\/2021\/06\/Group-27-1-e1624934523689-263x300.png 263w\" sizes=\"(max-width: 634px) 100vw, 634px\" \/>\t\t\t\t\t\t\t\t\t\t\t\t\t\t\t<\/div>\n\t\t\t\t<\/div>\n\t\t\t\t<div class=\"elementor-element elementor-element-363cad1 head-box-visa-service elementor-widget elementor-widget-heading\" data-id=\"363cad1\" data-element_type=\"widget\" data-e-type=\"widget\" data-widget_type=\"heading.default\">\n\t\t\t\t<div class=\"elementor-widget-container\">\n\t\t\t\t\t<h1 class=\"elementor-heading-title elementor-size-default\">Visa et Permis de Travail<\/h1>\t\t\t\t<\/div>\n\t\t\t\t<\/div>\n\t\t\t\t\t<\/div>\n\t\t<\/div>\n\t\t\t\t<div class=\"elementor-column elementor-col-33 elementor-top-column elementor-element elementor-element-713dd49 box-visa-service box-visa-service-fr\" data-id=\"713dd49\" data-element_type=\"column\" data-e-type=\"column\">\n\t\t\t<div class=\"elementor-widget-wrap elementor-element-populated\">\n\t\t\t\t\t\t<div class=\"elementor-element elementor-element-e7c394a elementor-widget elementor-widget-text-editor\" data-id=\"e7c394a\" data-element_type=\"widget\" data-e-type=\"widget\" data-widget_type=\"text-editor.default\">\n\t\t\t\t<div class=\"elementor-widget-container\">\n\t\t\t\t\t\t\t\t\t<h2>Visa Et Permis De Travail<\/h2>\n<h3>Un Visa c\u2019est toujours conseill\u00e9 pour tout obtenir d\u00e8s le d\u00e9but, en tout temps ; par cons\u00e9quent, nous sugg\u00e9rons que, avant de prendre toute d\u00e9cision d\u2019\u00e9tablir votre activit\u00e9 en Tha\u00eflande, vous demandiez l\u2019avis d\u2019experts.<\/h3>\n<h3>Nous \u00e0 CAT pourrons vous conseiller sur les \u00e9tapes qui vous permettent d\u2019obtenir les Business Visa pour entrer en Tha\u00eflande et par la suite, un permis de travail qui permettra de commencer votre occupation conform\u00e9ment aux r\u00e8glements Tha\u00ef.<\/h3>\n<h3>Au d\u00e9part, vous devez obtenir un type de visa de non-immigrant \u00ab B \u00bb ou \u00ab O \u00bb (mais pas un Visa de touriste) d\u2019une ambassade Royale de Tha\u00eflande dans votre pays de r\u00e9sidence, avant de vous installer en Tha\u00eflande.<\/h3>\n<h3>Vous pouvez lancer l\u2019application pour un permis de travail avec le soutien de la soci\u00e9t\u00e9 qui va vous engager ; cela peut \u00eatre organis\u00e9 par CAT, apr\u00e8s quoi, vous avez deux choix:<\/h3>\n<h3><span style=\"color: #707070;\">\u2013 voyager en Tha\u00eflande avant que votre permis de travail soit d\u00e9livr\u00e9 ou,<\/span><br><span style=\"color: #707070;\">\u2013 attendre avant de repartir ; que le permit soit approuv\u00e9.<\/span><\/h3>\n<h3>Toutefois, dans le premier cas, il est imp\u00e9ratif que vous ne commencez pas toute activit\u00e9 avant que le permis est effectivement accord\u00e9 ; cela sera fait avec une validit\u00e9 qui co\u00efncide avec la date d\u2019expiration du Visa d\u2019entr\u00e9e. Pendant ce temps, vous serez en mesure de demander une prolongation d\u2019un an pour les deux, qui doit \u00eatre renouvel\u00e9 r\u00e9guli\u00e8rement par la suite.<\/h3>\t\t\t\t\t\t\t\t<\/div>\n\t\t\t\t<\/div>\n\t\t\t\t\t<\/div>\n\t\t<\/div>\n\t\t\t\t<div class=\"elementor-column elementor-col-33 elementor-top-column elementor-element elementor-element-d067e72 box-about-us\" data-id=\"d067e72\" data-element_type=\"column\" data-e-type=\"column\">\n\t\t\t<div class=\"elementor-widget-wrap\">\n\t\t\t\t\t\t\t<\/div>\n\t\t<\/div>\n\t\t\t\t\t<\/div>\n\t\t<\/section>\n\t\t\t\t<section class=\"elementor-section elementor-top-section elementor-element elementor-element-8d5fb75 elementor-section-boxed elementor-section-height-default elementor-section-height-default\" data-id=\"8d5fb75\" data-element_type=\"section\" data-e-type=\"section\" data-settings=\"{&quot;background_background&quot;:&quot;gradient&quot;}\">\n\t\t\t\t\t\t<div class=\"elementor-container elementor-column-gap-default\">\n\t\t\t\t\t<div class=\"elementor-column elementor-col-100 elementor-top-column elementor-element elementor-element-17b2e13\" data-id=\"17b2e13\" data-element_type=\"column\" data-e-type=\"column\">\n\t\t\t<div class=\"elementor-widget-wrap elementor-element-populated\">\n\t\t\t\t\t\t<div class=\"elementor-element elementor-element-5c36595 elementor-widget elementor-widget-spacer\" data-id=\"5c36595\" data-element_type=\"widget\" data-e-type=\"widget\" data-widget_type=\"spacer.default\">\n\t\t\t\t<div class=\"elementor-widget-container\">\n\t\t\t\t\t\t\t<div class=\"elementor-spacer\">\n\t\t\t<div class=\"elementor-spacer-inner\"><\/div>\n\t\t<\/div>\n\t\t\t\t\t\t<\/div>\n\t\t\t\t<\/div>\n\t\t\t\t\t<\/div>\n\t\t<\/div>\n\t\t\t\t\t<\/div>\n\t\t<\/section>\n\t\t\t\t<\/div>\n\t\t","protected":false},"excerpt":{"rendered":"<p>Visa et Permis de Travail Visa Et Permis De Travail Un Visa c\u2019est toujours conseill\u00e9 pour tout obtenir d\u00e8s le d\u00e9but, en tout temps ; par cons\u00e9quent, nous sugg\u00e9rons que, avant de prendre toute d\u00e9cision d\u2019\u00e9tablir votre activit\u00e9 en Tha\u00eflande, vous demandiez l\u2019avis d\u2019experts. Nous \u00e0 CAT pourrons vous conseiller sur les \u00e9tapes qui vous permettent d\u2019obtenir les Business Visa pour entrer en Tha\u00eflande et par la suite, un permis de travail qui permettra de commencer votre occupation conform\u00e9ment aux r\u00e8glements Tha\u00ef. Au d\u00e9part, vous devez obtenir un type de visa de non-immigrant \u00ab B \u00bb ou \u00ab O \u00bb (mais pas un Visa de touriste) d\u2019une ambassade Royale de Tha\u00eflande dans votre pays de r\u00e9sidence, avant de vous installer en Tha\u00eflande. Vous pouvez lancer l\u2019application pour un permis de travail avec le soutien de la soci\u00e9t\u00e9 qui va vous engager ; cela peut \u00eatre organis\u00e9 par CAT, apr\u00e8s quoi,&hellip;<\/p>\n<p> <a class=\"more-link\" href=\"https:\/\/accounting-tax.co.th\/fr\/visa-and-work-permit-services\/\">Read more<\/a><\/p>\n","protected":false},"author":2,"featured_media":0,"parent":0,"menu_order":0,"comment_status":"closed","ping_status":"closed","template":"elementor_header_footer","meta":{"footnotes":""},"class_list":["post-1057","page","type-page","status-publish"],"yoast_head":"<!-- This site is optimized with the Yoast SEO plugin v27.3 - https:\/\/yoast.com\/product\/yoast-seo-wordpress\/ -->\n<title>Visa &amp; Work Permit Services - CATAccounting<\/title>\n<meta name=\"robots\" content=\"index, follow, max-snippet:-1, max-image-preview:large, max-video-preview:-1\" \/>\n<link rel=\"canonical\" href=\"https:\/\/accounting-tax.co.th\/fr\/visa-and-work-permit-services\/\" \/>\n<meta property=\"og:locale\" content=\"fr_FR\" \/>\n<meta property=\"og:type\" content=\"article\" \/>\n<meta property=\"og:title\" content=\"Visa &amp; Work Permit Services - CATAccounting\" \/>\n<meta property=\"og:description\" content=\"Visa et Permis de Travail Visa Et Permis De Travail Un Visa c\u2019est toujours conseill\u00e9 pour tout obtenir d\u00e8s le d\u00e9but, en tout temps ; par cons\u00e9quent, nous sugg\u00e9rons que, avant de prendre toute d\u00e9cision d\u2019\u00e9tablir votre activit\u00e9 en Tha\u00eflande, vous demandiez l\u2019avis d\u2019experts. Nous \u00e0 CAT pourrons vous conseiller sur les \u00e9tapes qui vous permettent d\u2019obtenir les Business Visa pour entrer en Tha\u00eflande et par la suite, un permis de travail qui permettra de commencer votre occupation conform\u00e9ment aux r\u00e8glements Tha\u00ef. Au d\u00e9part, vous devez obtenir un type de visa de non-immigrant \u00ab B \u00bb ou \u00ab O \u00bb (mais pas un Visa de touriste) d\u2019une ambassade Royale de Tha\u00eflande dans votre pays de r\u00e9sidence, avant de vous installer en Tha\u00eflande. Vous pouvez lancer l\u2019application pour un permis de travail avec le soutien de la soci\u00e9t\u00e9 qui va vous engager ; cela peut \u00eatre organis\u00e9 par CAT, apr\u00e8s quoi,&hellip;  Read more\" \/>\n<meta property=\"og:url\" content=\"https:\/\/accounting-tax.co.th\/fr\/visa-and-work-permit-services\/\" \/>\n<meta property=\"og:site_name\" content=\"CATAccounting\" \/>\n<meta property=\"article:modified_time\" content=\"2025-01-10T09:15:25+00:00\" \/>\n<meta property=\"og:image\" content=\"https:\/\/accounting-tax.co.th\/wp-content\/uploads\/2021\/06\/Group-27-1-e1624934523689.png\" \/>\n\t<meta property=\"og:image:width\" content=\"634\" \/>\n\t<meta property=\"og:image:height\" content=\"723\" \/>\n\t<meta property=\"og:image:type\" content=\"image\/png\" \/>\n<meta name=\"twitter:card\" content=\"summary_large_image\" \/>\n<meta name=\"twitter:label1\" content=\"Dur\u00e9e de lecture estim\u00e9e\" \/>\n\t<meta name=\"twitter:data1\" content=\"2 minutes\" \/>\n<script type=\"application\/ld+json\" class=\"yoast-schema-graph\">{\"@context\":\"https:\\\/\\\/schema.org\",\"@graph\":[{\"@type\":\"WebPage\",\"@id\":\"https:\\\/\\\/accounting-tax.co.th\\\/fr\\\/visa-and-work-permit-services\\\/\",\"url\":\"https:\\\/\\\/accounting-tax.co.th\\\/fr\\\/visa-and-work-permit-services\\\/\",\"name\":\"Visa & Work Permit Services - CATAccounting\",\"isPartOf\":{\"@id\":\"https:\\\/\\\/accounting-tax.co.th\\\/fr\\\/#website\"},\"primaryImageOfPage\":{\"@id\":\"https:\\\/\\\/accounting-tax.co.th\\\/fr\\\/visa-and-work-permit-services\\\/#primaryimage\"},\"image\":{\"@id\":\"https:\\\/\\\/accounting-tax.co.th\\\/fr\\\/visa-and-work-permit-services\\\/#primaryimage\"},\"thumbnailUrl\":\"https:\\\/\\\/accounting-tax.co.th\\\/wp-content\\\/uploads\\\/2021\\\/06\\\/Group-27-1-e1624934523689.png\",\"datePublished\":\"2021-06-29T06:12:07+00:00\",\"dateModified\":\"2025-01-10T09:15:25+00:00\",\"breadcrumb\":{\"@id\":\"https:\\\/\\\/accounting-tax.co.th\\\/fr\\\/visa-and-work-permit-services\\\/#breadcrumb\"},\"inLanguage\":\"fr-FR\",\"potentialAction\":[{\"@type\":\"ReadAction\",\"target\":[\"https:\\\/\\\/accounting-tax.co.th\\\/fr\\\/visa-and-work-permit-services\\\/\"]}]},{\"@type\":\"ImageObject\",\"inLanguage\":\"fr-FR\",\"@id\":\"https:\\\/\\\/accounting-tax.co.th\\\/fr\\\/visa-and-work-permit-services\\\/#primaryimage\",\"url\":\"https:\\\/\\\/accounting-tax.co.th\\\/wp-content\\\/uploads\\\/2021\\\/06\\\/Group-27-1-e1624934523689.png\",\"contentUrl\":\"https:\\\/\\\/accounting-tax.co.th\\\/wp-content\\\/uploads\\\/2021\\\/06\\\/Group-27-1-e1624934523689.png\"},{\"@type\":\"BreadcrumbList\",\"@id\":\"https:\\\/\\\/accounting-tax.co.th\\\/fr\\\/visa-and-work-permit-services\\\/#breadcrumb\",\"itemListElement\":[{\"@type\":\"ListItem\",\"position\":1,\"name\":\"Home\",\"item\":\"https:\\\/\\\/accounting-tax.co.th\\\/fr\\\/\"},{\"@type\":\"ListItem\",\"position\":2,\"name\":\"Visa &#038; Work Permit Services\"}]},{\"@type\":\"WebSite\",\"@id\":\"https:\\\/\\\/accounting-tax.co.th\\\/fr\\\/#website\",\"url\":\"https:\\\/\\\/accounting-tax.co.th\\\/fr\\\/\",\"name\":\"CATAccounting\",\"description\":\"\",\"publisher\":{\"@id\":\"https:\\\/\\\/accounting-tax.co.th\\\/fr\\\/#organization\"},\"potentialAction\":[{\"@type\":\"SearchAction\",\"target\":{\"@type\":\"EntryPoint\",\"urlTemplate\":\"https:\\\/\\\/accounting-tax.co.th\\\/fr\\\/?s={search_term_string}\"},\"query-input\":{\"@type\":\"PropertyValueSpecification\",\"valueRequired\":true,\"valueName\":\"search_term_string\"}}],\"inLanguage\":\"fr-FR\"},{\"@type\":\"Organization\",\"@id\":\"https:\\\/\\\/accounting-tax.co.th\\\/fr\\\/#organization\",\"name\":\"CATAccounting\",\"url\":\"https:\\\/\\\/accounting-tax.co.th\\\/fr\\\/\",\"logo\":{\"@type\":\"ImageObject\",\"inLanguage\":\"fr-FR\",\"@id\":\"https:\\\/\\\/accounting-tax.co.th\\\/fr\\\/#\\\/schema\\\/logo\\\/image\\\/\",\"url\":\"https:\\\/\\\/accounting-tax.co.th\\\/wp-content\\\/uploads\\\/2021\\\/06\\\/cropped-logo-original-white.png\",\"contentUrl\":\"https:\\\/\\\/accounting-tax.co.th\\\/wp-content\\\/uploads\\\/2021\\\/06\\\/cropped-logo-original-white.png\",\"width\":361,\"height\":220,\"caption\":\"CATAccounting\"},\"image\":{\"@id\":\"https:\\\/\\\/accounting-tax.co.th\\\/fr\\\/#\\\/schema\\\/logo\\\/image\\\/\"}}]}<\/script>\n<!-- \/ Yoast SEO plugin. -->","yoast_head_json":{"title":"Visa & Work Permit Services - CATAccounting","robots":{"index":"index","follow":"follow","max-snippet":"max-snippet:-1","max-image-preview":"max-image-preview:large","max-video-preview":"max-video-preview:-1"},"canonical":"https:\/\/accounting-tax.co.th\/fr\/visa-and-work-permit-services\/","og_locale":"fr_FR","og_type":"article","og_title":"Visa & Work Permit Services - CATAccounting","og_description":"Visa et Permis de Travail Visa Et Permis De Travail Un Visa c\u2019est toujours conseill\u00e9 pour tout obtenir d\u00e8s le d\u00e9but, en tout temps ; par cons\u00e9quent, nous sugg\u00e9rons que, avant de prendre toute d\u00e9cision d\u2019\u00e9tablir votre activit\u00e9 en Tha\u00eflande, vous demandiez l\u2019avis d\u2019experts. Nous \u00e0 CAT pourrons vous conseiller sur les \u00e9tapes qui vous permettent d\u2019obtenir les Business Visa pour entrer en Tha\u00eflande et par la suite, un permis de travail qui permettra de commencer votre occupation conform\u00e9ment aux r\u00e8glements Tha\u00ef. Au d\u00e9part, vous devez obtenir un type de visa de non-immigrant \u00ab B \u00bb ou \u00ab O \u00bb (mais pas un Visa de touriste) d\u2019une ambassade Royale de Tha\u00eflande dans votre pays de r\u00e9sidence, avant de vous installer en Tha\u00eflande. Vous pouvez lancer l\u2019application pour un permis de travail avec le soutien de la soci\u00e9t\u00e9 qui va vous engager ; cela peut \u00eatre organis\u00e9 par CAT, apr\u00e8s quoi,&hellip;  Read more","og_url":"https:\/\/accounting-tax.co.th\/fr\/visa-and-work-permit-services\/","og_site_name":"CATAccounting","article_modified_time":"2025-01-10T09:15:25+00:00","og_image":[{"width":634,"height":723,"url":"https:\/\/accounting-tax.co.th\/wp-content\/uploads\/2021\/06\/Group-27-1-e1624934523689.png","type":"image\/png"}],"twitter_card":"summary_large_image","twitter_misc":{"Dur\u00e9e de lecture estim\u00e9e":"2 minutes"},"schema":{"@context":"https:\/\/schema.org","@graph":[{"@type":"WebPage","@id":"https:\/\/accounting-tax.co.th\/fr\/visa-and-work-permit-services\/","url":"https:\/\/accounting-tax.co.th\/fr\/visa-and-work-permit-services\/","name":"Visa & Work Permit Services - CATAccounting","isPartOf":{"@id":"https:\/\/accounting-tax.co.th\/fr\/#website"},"primaryImageOfPage":{"@id":"https:\/\/accounting-tax.co.th\/fr\/visa-and-work-permit-services\/#primaryimage"},"image":{"@id":"https:\/\/accounting-tax.co.th\/fr\/visa-and-work-permit-services\/#primaryimage"},"thumbnailUrl":"https:\/\/accounting-tax.co.th\/wp-content\/uploads\/2021\/06\/Group-27-1-e1624934523689.png","datePublished":"2021-06-29T06:12:07+00:00","dateModified":"2025-01-10T09:15:25+00:00","breadcrumb":{"@id":"https:\/\/accounting-tax.co.th\/fr\/visa-and-work-permit-services\/#breadcrumb"},"inLanguage":"fr-FR","potentialAction":[{"@type":"ReadAction","target":["https:\/\/accounting-tax.co.th\/fr\/visa-and-work-permit-services\/"]}]},{"@type":"ImageObject","inLanguage":"fr-FR","@id":"https:\/\/accounting-tax.co.th\/fr\/visa-and-work-permit-services\/#primaryimage","url":"https:\/\/accounting-tax.co.th\/wp-content\/uploads\/2021\/06\/Group-27-1-e1624934523689.png","contentUrl":"https:\/\/accounting-tax.co.th\/wp-content\/uploads\/2021\/06\/Group-27-1-e1624934523689.png"},{"@type":"BreadcrumbList","@id":"https:\/\/accounting-tax.co.th\/fr\/visa-and-work-permit-services\/#breadcrumb","itemListElement":[{"@type":"ListItem","position":1,"name":"Home","item":"https:\/\/accounting-tax.co.th\/fr\/"},{"@type":"ListItem","position":2,"name":"Visa &#038; Work Permit Services"}]},{"@type":"WebSite","@id":"https:\/\/accounting-tax.co.th\/fr\/#website","url":"https:\/\/accounting-tax.co.th\/fr\/","name":"CATAccounting","description":"","publisher":{"@id":"https:\/\/accounting-tax.co.th\/fr\/#organization"},"potentialAction":[{"@type":"SearchAction","target":{"@type":"EntryPoint","urlTemplate":"https:\/\/accounting-tax.co.th\/fr\/?s={search_term_string}"},"query-input":{"@type":"PropertyValueSpecification","valueRequired":true,"valueName":"search_term_string"}}],"inLanguage":"fr-FR"},{"@type":"Organization","@id":"https:\/\/accounting-tax.co.th\/fr\/#organization","name":"CATAccounting","url":"https:\/\/accounting-tax.co.th\/fr\/","logo":{"@type":"ImageObject","inLanguage":"fr-FR","@id":"https:\/\/accounting-tax.co.th\/fr\/#\/schema\/logo\/image\/","url":"https:\/\/accounting-tax.co.th\/wp-content\/uploads\/2021\/06\/cropped-logo-original-white.png","contentUrl":"https:\/\/accounting-tax.co.th\/wp-content\/uploads\/2021\/06\/cropped-logo-original-white.png","width":361,"height":220,"caption":"CATAccounting"},"image":{"@id":"https:\/\/accounting-tax.co.th\/fr\/#\/schema\/logo\/image\/"}}]}},"_links":{"self":[{"href":"https:\/\/accounting-tax.co.th\/fr\/wp-json\/wp\/v2\/pages\/1057","targetHints":{"allow":["GET"]}}],"collection":[{"href":"https:\/\/accounting-tax.co.th\/fr\/wp-json\/wp\/v2\/pages"}],"about":[{"href":"https:\/\/accounting-tax.co.th\/fr\/wp-json\/wp\/v2\/types\/page"}],"author":[{"embeddable":true,"href":"https:\/\/accounting-tax.co.th\/fr\/wp-json\/wp\/v2\/users\/2"}],"replies":[{"embeddable":true,"href":"https:\/\/accounting-tax.co.th\/fr\/wp-json\/wp\/v2\/comments?post=1057"}],"version-history":[{"count":20,"href":"https:\/\/accounting-tax.co.th\/fr\/wp-json\/wp\/v2\/pages\/1057\/revisions"}],"predecessor-version":[{"id":2339,"href":"https:\/\/accounting-tax.co.th\/fr\/wp-json\/wp\/v2\/pages\/1057\/revisions\/2339"}],"wp:attachment":[{"href":"https:\/\/accounting-tax.co.th\/fr\/wp-json\/wp\/v2\/media?parent=1057"}],"curies":[{"name":"wp","href":"https:\/\/api.w.org\/{rel}","templated":true}]}}