{"id":1089,"date":"2021-06-29T07:20:26","date_gmt":"2021-06-29T07:20:26","guid":{"rendered":"https:\/\/cataccounting.ap5cnyhy-liquidwebsites.com\/tax-guide\/"},"modified":"2025-01-13T07:54:41","modified_gmt":"2025-01-13T07:54:41","slug":"tax-guide","status":"publish","type":"page","link":"https:\/\/accounting-tax.co.th\/fr\/tax-guide\/","title":{"rendered":"Tax Guide"},"content":{"rendered":"\t\t<div data-elementor-type=\"wp-page\" data-elementor-id=\"1089\" class=\"elementor elementor-1089\">\n\t\t\t\t\t\t<section class=\"elementor-section elementor-top-section elementor-element elementor-element-41d0ada elementor-section-boxed elementor-section-height-default elementor-section-height-default\" data-id=\"41d0ada\" data-element_type=\"section\" data-e-type=\"section\" data-settings=\"{&quot;background_background&quot;:&quot;gradient&quot;}\">\n\t\t\t\t\t\t<div class=\"elementor-container elementor-column-gap-default\">\n\t\t\t\t\t<div class=\"elementor-column elementor-col-100 elementor-top-column elementor-element elementor-element-0dc2bf0\" data-id=\"0dc2bf0\" data-element_type=\"column\" data-e-type=\"column\">\n\t\t\t<div class=\"elementor-widget-wrap elementor-element-populated\">\n\t\t\t\t\t\t<div class=\"elementor-element elementor-element-9ec321a elementor-widget elementor-widget-spacer\" data-id=\"9ec321a\" data-element_type=\"widget\" data-e-type=\"widget\" data-widget_type=\"spacer.default\">\n\t\t\t\t<div class=\"elementor-widget-container\">\n\t\t\t\t\t\t\t<div class=\"elementor-spacer\">\n\t\t\t<div class=\"elementor-spacer-inner\"><\/div>\n\t\t<\/div>\n\t\t\t\t\t\t<\/div>\n\t\t\t\t<\/div>\n\t\t\t\t\t<\/div>\n\t\t<\/div>\n\t\t\t\t\t<\/div>\n\t\t<\/section>\n\t\t\t\t<section class=\"elementor-section elementor-top-section elementor-element elementor-element-0a6833e elementor-section-full_width elementor-section-height-default elementor-section-height-default\" data-id=\"0a6833e\" data-element_type=\"section\" data-e-type=\"section\" data-settings=\"{&quot;background_background&quot;:&quot;gradient&quot;}\">\n\t\t\t\t\t\t<div class=\"elementor-container elementor-column-gap-default\">\n\t\t\t\t\t<div class=\"elementor-column elementor-col-33 elementor-top-column elementor-element elementor-element-31665a0\" data-id=\"31665a0\" data-element_type=\"column\" data-e-type=\"column\">\n\t\t\t<div class=\"elementor-widget-wrap elementor-element-populated\">\n\t\t\t\t\t\t<div class=\"elementor-element elementor-element-3ebc22c elementor-widget elementor-widget-image\" data-id=\"3ebc22c\" data-element_type=\"widget\" data-e-type=\"widget\" data-widget_type=\"image.default\">\n\t\t\t\t<div class=\"elementor-widget-container\">\n\t\t\t\t\t\t\t\t\t\t\t\t\t\t\t<img fetchpriority=\"high\" decoding=\"async\" width=\"693\" height=\"808\" src=\"https:\/\/accounting-tax.co.th\/wp-content\/uploads\/2021\/06\/Group-28.2.png\" class=\"attachment-full size-full wp-image-449\" alt=\"\" srcset=\"https:\/\/accounting-tax.co.th\/wp-content\/uploads\/2021\/06\/Group-28.2.png 693w, https:\/\/accounting-tax.co.th\/wp-content\/uploads\/2021\/06\/Group-28.2-257x300.png 257w\" sizes=\"(max-width: 693px) 100vw, 693px\" \/>\t\t\t\t\t\t\t\t\t\t\t\t\t\t\t<\/div>\n\t\t\t\t<\/div>\n\t\t\t\t<div class=\"elementor-element elementor-element-363cad1 head-box-tax-guide elementor-widget elementor-widget-heading\" data-id=\"363cad1\" data-element_type=\"widget\" data-e-type=\"widget\" data-widget_type=\"heading.default\">\n\t\t\t\t<div class=\"elementor-widget-container\">\n\t\t\t\t\t<h1 class=\"elementor-heading-title elementor-size-default\">Guide des imp\u00f4ts<\/h1>\t\t\t\t<\/div>\n\t\t\t\t<\/div>\n\t\t\t\t\t<\/div>\n\t\t<\/div>\n\t\t\t\t<div class=\"elementor-column elementor-col-33 elementor-top-column elementor-element elementor-element-713dd49 box-tax-guide box-tax-guide-fr\" data-id=\"713dd49\" data-element_type=\"column\" data-e-type=\"column\">\n\t\t\t<div class=\"elementor-widget-wrap elementor-element-populated\">\n\t\t\t\t\t\t<div class=\"elementor-element elementor-element-e7c394a elementor-widget elementor-widget-text-editor\" data-id=\"e7c394a\" data-element_type=\"widget\" data-e-type=\"widget\" data-widget_type=\"text-editor.default\">\n\t\t\t\t<div class=\"elementor-widget-container\">\n\t\t\t\t\t\t\t\t\t<h2>Guide aux Imp\u00f4ts<\/h2><h3>Taxe sur le revenu des particuliers : Income Tax<\/h3><h3>L\u2019assujettissement \u00e0 l\u2019imp\u00f4t d\u00e9pend de la notion de r\u00e9sidence ; il y a une responsabilit\u00e9 d\u2019imp\u00f4t sur le revenu si une personne est pr\u00e9sente en Tha\u00eflande pendant au moins 180 jours ou plus dans une ann\u00e9e d\u2019imposition. Individus et partenariats ordinaires sont tenus de payer un imp\u00f4t sur le revenu en tranches gradu\u00e9e de 0 \u00e0 35 % du revenu net.<\/h3><h2><span style=\"color: #707070;\">La Taxe est due sur toutes les formes de revenus gagn\u00e9s en Tha\u00eflande. Le revenu assujetti \u00e0 l\u2019imp\u00f4t constitue un revenu provenant de toutes sources, moins d\u00e9penses d\u00e9ductibles et indemnit\u00e9s personnelles.<\/span><\/h2><h2>Imp\u00f4t sur les soci\u00e9t\u00e9s : Corporate Income Tax<\/h2><h3>L\u2019imp\u00f4t des soci\u00e9t\u00e9s est \u00e0 payer par les Soci\u00e9t\u00e9s Anonymes ordinaires ainsi que les partenariats. Elle est impos\u00e9e sur les b\u00e9n\u00e9fices nets d\u2019une entreprise au cours d\u2019une ann\u00e9e d\u2019imposition, apr\u00e8s d\u00e9duction des amortissements autoris\u00e9s et des d\u00e9penses admissibles. La taxe est payable sur les profits nets d\u00e9coulant d\u2019une entreprise exploit\u00e9e. Soci\u00e9t\u00e9s \u00e9trang\u00e8res ou partenariats sont tenus de payer l\u2019imp\u00f4t sur le revenu, originaires de Tha\u00eflande.<\/h3><h3><span style=\"color: #707070;\">Le taux d\u2019imposition est de 20 % du revenu net. La taxe est pay\u00e9e en deux \u00e9tapes. La compagnie doit d\u00e9poser des comptes int\u00e9rimaires et une d\u00e9claration provisoire dans les deux mois de la fin des six premiers mois de son exercice comptable et payer 50 % de l\u2019imp\u00f4t estim\u00e9 \u00e0 \u00e9ch\u00e9ance. Les comptes d\u00e9finitifs et la d\u00e9claration de fin de l\u2019ann\u00e9e doivent \u00eatre class\u00e9 dans les 150 jours suivant la cl\u00f4ture de l\u2019exercice comptable et le solde de la taxe pay\u00e9e, prenant en compte le paiement interm\u00e9diaire effectu\u00e9 \u00e0 mi-chemin \u00e0 travers l\u2019exercice comptable.<\/span><\/h3><h2>Taxe Valeur ajout\u00e9e (\u201cTVA\u201d)<\/h2><h3>La TVA est due sur la fourniture de services taxables par une entit\u00e9 enregistr\u00e9e pour TVA.<br \/>Le syst\u00e8me de la TVA de la Tha\u00eflande est tr\u00e8s similaire \u00e0 celle du Royaume-Uni. Les diff\u00e9rences principales sont :<\/h3><ol><li>La TVA de la Tha\u00eflande est un montant forfaitaire de 10 %, mais temporairement r\u00e9duite \u00e0 7 % \u00e0 l\u2019heure actuelle ; et<\/li><li>Les d\u00e9clarations sont produites et la TVA due est pay\u00e9e mensuellement, dans le 15me jour du mois suivant le mois d\u2019\u00e9valuation.<\/li><\/ol><h2>Retenue d\u2019imp\u00f4t<\/h2><h3>Une Retenue d\u2019imp\u00f4t sur le revenu doit \u00eatre d\u00e9duite du salaire d\u2019un employ\u00e9 pay\u00e9 par son employeur et vers\u00e9 au minist\u00e8re du revenu sur une base mensuelle. Le syst\u00e8me est semblable au PAYE du Royaume Uni. Cr\u00e9dit est donn\u00e9 contre le relev\u00e9 d\u2019imposition annuel de l\u2019employ\u00e9 pour toute taxe pr\u00e9c\u00e9demment retenus et pay\u00e9s.<\/h3><h3><span style=\"color: #707070;\">Il y a bien d\u2019autres occasions o\u00f9 la responsabilit\u00e9 de retenir et de payer l\u2019imp\u00f4t commence, par exemple, sur le paiement des frais d\u2019int\u00e9r\u00eats, de location ou de service. Quand une Soci\u00e9t\u00e9 Tha\u00efe paie une facture pour les services \u00e0 une autre soci\u00e9t\u00e9 tha\u00eflandaise, 3 % du montant de la facture est d\u00e9duit et vers\u00e9 au minist\u00e8re du revenu comme une retenue d\u2019imp\u00f4t. L\u2019\u00e9metteur de la facture a alors droit au cr\u00e9dit pour ce montant, dont il peut utiliser dans sa propre d\u00e9claration de revenus.<\/span><\/h3><h3><span style=\"color: #707070;\">Autres retenues d\u2019imp\u00f4t Internationales peuvent \u00e9galement survenir (voir ci-dessous) :<\/span><\/h3><h2>Taxe d\u2019affaires sp\u00e9cifiques (\u201cSBT\u201d)<\/h2><h3>Certains types d\u2019entreprises, y compris les services bancaires et pr\u00eateurs, ne sont pas sous r\u00e9serve de l\u2019imp\u00f4t TVA, mais font l\u2019objet de la SBT. La SBT se pose \u00e9galement sur la vente d\u2019un terrain.<\/h3><h3><span style=\"color: #707070;\">Retenue d\u2019imp\u00f4t sur Conventions internationales de Double imposition.<\/span><\/h3><h3><span style=\"color: #707070;\">Entit\u00e9s \u00e9trang\u00e8res qui ne s\u2019engagent pas dans des affaires en Tha\u00eflande mais qui d\u00e9rivent revenus de Tha\u00eflande sont tenus de payer la retenue d\u2019imp\u00f4t international, sous r\u00e9serve des termes d\u2019une double Convention fiscale entre la Tha\u00eflande et du pays d\u2019origine destinataire. La taxe est due sur de nombreux types de revenus, y compris : l\u2019int\u00e9r\u00eat ; les dividendes ; gains en capital ; les paiements de location et les redevances. Bien que l\u2019assujettissement \u00e0 l\u2019imp\u00f4t puisse survenir, le destinataire peut avoir un cr\u00e9dit d\u2019imp\u00f4t pour la taxe d\u00e9duite aux termes d\u2019un trait\u00e9 de double imposition entre la Tha\u00eflande et le pays d\u2019origine du b\u00e9n\u00e9ficiaire.<\/span><\/h3>\t\t\t\t\t\t\t\t<\/div>\n\t\t\t\t<\/div>\n\t\t\t\t\t<\/div>\n\t\t<\/div>\n\t\t\t\t<div class=\"elementor-column elementor-col-33 elementor-top-column elementor-element elementor-element-d067e72 box-about-us\" data-id=\"d067e72\" data-element_type=\"column\" data-e-type=\"column\">\n\t\t\t<div class=\"elementor-widget-wrap\">\n\t\t\t\t\t\t\t<\/div>\n\t\t<\/div>\n\t\t\t\t\t<\/div>\n\t\t<\/section>\n\t\t\t\t<section class=\"elementor-section elementor-top-section elementor-element elementor-element-8d5fb75 elementor-section-boxed elementor-section-height-default elementor-section-height-default\" data-id=\"8d5fb75\" data-element_type=\"section\" data-e-type=\"section\" data-settings=\"{&quot;background_background&quot;:&quot;gradient&quot;}\">\n\t\t\t\t\t\t<div class=\"elementor-container elementor-column-gap-default\">\n\t\t\t\t\t<div class=\"elementor-column elementor-col-100 elementor-top-column elementor-element elementor-element-17b2e13\" data-id=\"17b2e13\" data-element_type=\"column\" data-e-type=\"column\">\n\t\t\t<div class=\"elementor-widget-wrap elementor-element-populated\">\n\t\t\t\t\t\t<div class=\"elementor-element elementor-element-5c36595 elementor-widget elementor-widget-spacer\" data-id=\"5c36595\" data-element_type=\"widget\" data-e-type=\"widget\" data-widget_type=\"spacer.default\">\n\t\t\t\t<div class=\"elementor-widget-container\">\n\t\t\t\t\t\t\t<div class=\"elementor-spacer\">\n\t\t\t<div class=\"elementor-spacer-inner\"><\/div>\n\t\t<\/div>\n\t\t\t\t\t\t<\/div>\n\t\t\t\t<\/div>\n\t\t\t\t\t<\/div>\n\t\t<\/div>\n\t\t\t\t\t<\/div>\n\t\t<\/section>\n\t\t\t\t<\/div>\n\t\t","protected":false},"excerpt":{"rendered":"<p>Guide des imp\u00f4ts Guide aux Imp\u00f4ts Taxe sur le revenu des particuliers : Income Tax L\u2019assujettissement \u00e0 l\u2019imp\u00f4t d\u00e9pend de la notion de r\u00e9sidence ; il y a une responsabilit\u00e9 d\u2019imp\u00f4t sur le revenu si une personne est pr\u00e9sente en Tha\u00eflande pendant au moins 180 jours ou plus dans une ann\u00e9e d\u2019imposition. Individus et partenariats ordinaires sont tenus de payer un imp\u00f4t sur le revenu en tranches gradu\u00e9e de 0 \u00e0 35 % du revenu net. La Taxe est due sur toutes les formes de revenus gagn\u00e9s en Tha\u00eflande. Le revenu assujetti \u00e0 l\u2019imp\u00f4t constitue un revenu provenant de toutes sources, moins d\u00e9penses d\u00e9ductibles et indemnit\u00e9s personnelles. Imp\u00f4t sur les soci\u00e9t\u00e9s : Corporate Income Tax L\u2019imp\u00f4t des soci\u00e9t\u00e9s est \u00e0 payer par les Soci\u00e9t\u00e9s Anonymes ordinaires ainsi que les partenariats. Elle est impos\u00e9e sur les b\u00e9n\u00e9fices nets d\u2019une entreprise au cours d\u2019une ann\u00e9e d\u2019imposition, apr\u00e8s d\u00e9duction des amortissements autoris\u00e9s et&hellip;<\/p>\n<p> <a class=\"more-link\" href=\"https:\/\/accounting-tax.co.th\/fr\/tax-guide\/\">Read more<\/a><\/p>\n","protected":false},"author":2,"featured_media":0,"parent":0,"menu_order":0,"comment_status":"closed","ping_status":"closed","template":"elementor_header_footer","meta":{"footnotes":""},"class_list":["post-1089","page","type-page","status-publish"],"yoast_head":"<!-- This site is optimized with the Yoast SEO plugin v27.4 - https:\/\/yoast.com\/product\/yoast-seo-wordpress\/ -->\n<title>Tax Guide - CATAccounting<\/title>\n<meta name=\"robots\" content=\"index, follow, max-snippet:-1, max-image-preview:large, max-video-preview:-1\" \/>\n<link rel=\"canonical\" href=\"https:\/\/accounting-tax.co.th\/fr\/tax-guide\/\" \/>\n<meta property=\"og:locale\" content=\"fr_FR\" \/>\n<meta property=\"og:type\" content=\"article\" \/>\n<meta property=\"og:title\" content=\"Tax Guide - CATAccounting\" \/>\n<meta property=\"og:description\" content=\"Guide des imp\u00f4ts Guide aux Imp\u00f4ts Taxe sur le revenu des particuliers : Income Tax L\u2019assujettissement \u00e0 l\u2019imp\u00f4t d\u00e9pend de la notion de r\u00e9sidence ; il y a une responsabilit\u00e9 d\u2019imp\u00f4t sur le revenu si une personne est pr\u00e9sente en Tha\u00eflande pendant au moins 180 jours ou plus dans une ann\u00e9e d\u2019imposition. Individus et partenariats ordinaires sont tenus de payer un imp\u00f4t sur le revenu en tranches gradu\u00e9e de 0 \u00e0 35 % du revenu net. La Taxe est due sur toutes les formes de revenus gagn\u00e9s en Tha\u00eflande. Le revenu assujetti \u00e0 l\u2019imp\u00f4t constitue un revenu provenant de toutes sources, moins d\u00e9penses d\u00e9ductibles et indemnit\u00e9s personnelles. Imp\u00f4t sur les soci\u00e9t\u00e9s : Corporate Income Tax L\u2019imp\u00f4t des soci\u00e9t\u00e9s est \u00e0 payer par les Soci\u00e9t\u00e9s Anonymes ordinaires ainsi que les partenariats. Elle est impos\u00e9e sur les b\u00e9n\u00e9fices nets d\u2019une entreprise au cours d\u2019une ann\u00e9e d\u2019imposition, apr\u00e8s d\u00e9duction des amortissements autoris\u00e9s et&hellip;  Read more\" \/>\n<meta property=\"og:url\" content=\"https:\/\/accounting-tax.co.th\/fr\/tax-guide\/\" \/>\n<meta property=\"og:site_name\" content=\"CATAccounting\" \/>\n<meta property=\"article:modified_time\" content=\"2025-01-13T07:54:41+00:00\" \/>\n<meta property=\"og:image\" content=\"https:\/\/accounting-tax.co.th\/wp-content\/uploads\/2021\/06\/Group-28.2.png\" \/>\n\t<meta property=\"og:image:width\" content=\"693\" \/>\n\t<meta property=\"og:image:height\" content=\"808\" \/>\n\t<meta property=\"og:image:type\" content=\"image\/png\" \/>\n<meta name=\"twitter:card\" content=\"summary_large_image\" \/>\n<meta name=\"twitter:label1\" content=\"Dur\u00e9e de lecture estim\u00e9e\" \/>\n\t<meta name=\"twitter:data1\" content=\"4 minutes\" \/>\n<script type=\"application\/ld+json\" class=\"yoast-schema-graph\">{\"@context\":\"https:\\\/\\\/schema.org\",\"@graph\":[{\"@type\":\"WebPage\",\"@id\":\"https:\\\/\\\/accounting-tax.co.th\\\/fr\\\/tax-guide\\\/\",\"url\":\"https:\\\/\\\/accounting-tax.co.th\\\/fr\\\/tax-guide\\\/\",\"name\":\"Tax Guide - CATAccounting\",\"isPartOf\":{\"@id\":\"https:\\\/\\\/accounting-tax.co.th\\\/fr\\\/#website\"},\"primaryImageOfPage\":{\"@id\":\"https:\\\/\\\/accounting-tax.co.th\\\/fr\\\/tax-guide\\\/#primaryimage\"},\"image\":{\"@id\":\"https:\\\/\\\/accounting-tax.co.th\\\/fr\\\/tax-guide\\\/#primaryimage\"},\"thumbnailUrl\":\"https:\\\/\\\/accounting-tax.co.th\\\/wp-content\\\/uploads\\\/2021\\\/06\\\/Group-28.2.png\",\"datePublished\":\"2021-06-29T07:20:26+00:00\",\"dateModified\":\"2025-01-13T07:54:41+00:00\",\"breadcrumb\":{\"@id\":\"https:\\\/\\\/accounting-tax.co.th\\\/fr\\\/tax-guide\\\/#breadcrumb\"},\"inLanguage\":\"fr-FR\",\"potentialAction\":[{\"@type\":\"ReadAction\",\"target\":[\"https:\\\/\\\/accounting-tax.co.th\\\/fr\\\/tax-guide\\\/\"]}]},{\"@type\":\"ImageObject\",\"inLanguage\":\"fr-FR\",\"@id\":\"https:\\\/\\\/accounting-tax.co.th\\\/fr\\\/tax-guide\\\/#primaryimage\",\"url\":\"https:\\\/\\\/accounting-tax.co.th\\\/wp-content\\\/uploads\\\/2021\\\/06\\\/Group-28.2.png\",\"contentUrl\":\"https:\\\/\\\/accounting-tax.co.th\\\/wp-content\\\/uploads\\\/2021\\\/06\\\/Group-28.2.png\"},{\"@type\":\"BreadcrumbList\",\"@id\":\"https:\\\/\\\/accounting-tax.co.th\\\/fr\\\/tax-guide\\\/#breadcrumb\",\"itemListElement\":[{\"@type\":\"ListItem\",\"position\":1,\"name\":\"Home\",\"item\":\"https:\\\/\\\/accounting-tax.co.th\\\/fr\\\/\"},{\"@type\":\"ListItem\",\"position\":2,\"name\":\"Tax Guide\"}]},{\"@type\":\"WebSite\",\"@id\":\"https:\\\/\\\/accounting-tax.co.th\\\/fr\\\/#website\",\"url\":\"https:\\\/\\\/accounting-tax.co.th\\\/fr\\\/\",\"name\":\"CATAccounting\",\"description\":\"\",\"publisher\":{\"@id\":\"https:\\\/\\\/accounting-tax.co.th\\\/fr\\\/#organization\"},\"potentialAction\":[{\"@type\":\"SearchAction\",\"target\":{\"@type\":\"EntryPoint\",\"urlTemplate\":\"https:\\\/\\\/accounting-tax.co.th\\\/fr\\\/?s={search_term_string}\"},\"query-input\":{\"@type\":\"PropertyValueSpecification\",\"valueRequired\":true,\"valueName\":\"search_term_string\"}}],\"inLanguage\":\"fr-FR\"},{\"@type\":\"Organization\",\"@id\":\"https:\\\/\\\/accounting-tax.co.th\\\/fr\\\/#organization\",\"name\":\"CATAccounting\",\"url\":\"https:\\\/\\\/accounting-tax.co.th\\\/fr\\\/\",\"logo\":{\"@type\":\"ImageObject\",\"inLanguage\":\"fr-FR\",\"@id\":\"https:\\\/\\\/accounting-tax.co.th\\\/fr\\\/#\\\/schema\\\/logo\\\/image\\\/\",\"url\":\"https:\\\/\\\/accounting-tax.co.th\\\/wp-content\\\/uploads\\\/2021\\\/06\\\/cropped-logo-original-white.png\",\"contentUrl\":\"https:\\\/\\\/accounting-tax.co.th\\\/wp-content\\\/uploads\\\/2021\\\/06\\\/cropped-logo-original-white.png\",\"width\":361,\"height\":220,\"caption\":\"CATAccounting\"},\"image\":{\"@id\":\"https:\\\/\\\/accounting-tax.co.th\\\/fr\\\/#\\\/schema\\\/logo\\\/image\\\/\"}}]}<\/script>\n<!-- \/ Yoast SEO plugin. -->","yoast_head_json":{"title":"Tax Guide - CATAccounting","robots":{"index":"index","follow":"follow","max-snippet":"max-snippet:-1","max-image-preview":"max-image-preview:large","max-video-preview":"max-video-preview:-1"},"canonical":"https:\/\/accounting-tax.co.th\/fr\/tax-guide\/","og_locale":"fr_FR","og_type":"article","og_title":"Tax Guide - CATAccounting","og_description":"Guide des imp\u00f4ts Guide aux Imp\u00f4ts Taxe sur le revenu des particuliers : Income Tax L\u2019assujettissement \u00e0 l\u2019imp\u00f4t d\u00e9pend de la notion de r\u00e9sidence ; il y a une responsabilit\u00e9 d\u2019imp\u00f4t sur le revenu si une personne est pr\u00e9sente en Tha\u00eflande pendant au moins 180 jours ou plus dans une ann\u00e9e d\u2019imposition. Individus et partenariats ordinaires sont tenus de payer un imp\u00f4t sur le revenu en tranches gradu\u00e9e de 0 \u00e0 35 % du revenu net. La Taxe est due sur toutes les formes de revenus gagn\u00e9s en Tha\u00eflande. Le revenu assujetti \u00e0 l\u2019imp\u00f4t constitue un revenu provenant de toutes sources, moins d\u00e9penses d\u00e9ductibles et indemnit\u00e9s personnelles. Imp\u00f4t sur les soci\u00e9t\u00e9s : Corporate Income Tax L\u2019imp\u00f4t des soci\u00e9t\u00e9s est \u00e0 payer par les Soci\u00e9t\u00e9s Anonymes ordinaires ainsi que les partenariats. Elle est impos\u00e9e sur les b\u00e9n\u00e9fices nets d\u2019une entreprise au cours d\u2019une ann\u00e9e d\u2019imposition, apr\u00e8s d\u00e9duction des amortissements autoris\u00e9s et&hellip;  Read more","og_url":"https:\/\/accounting-tax.co.th\/fr\/tax-guide\/","og_site_name":"CATAccounting","article_modified_time":"2025-01-13T07:54:41+00:00","og_image":[{"width":693,"height":808,"url":"https:\/\/accounting-tax.co.th\/wp-content\/uploads\/2021\/06\/Group-28.2.png","type":"image\/png"}],"twitter_card":"summary_large_image","twitter_misc":{"Dur\u00e9e de lecture estim\u00e9e":"4 minutes"},"schema":{"@context":"https:\/\/schema.org","@graph":[{"@type":"WebPage","@id":"https:\/\/accounting-tax.co.th\/fr\/tax-guide\/","url":"https:\/\/accounting-tax.co.th\/fr\/tax-guide\/","name":"Tax Guide - CATAccounting","isPartOf":{"@id":"https:\/\/accounting-tax.co.th\/fr\/#website"},"primaryImageOfPage":{"@id":"https:\/\/accounting-tax.co.th\/fr\/tax-guide\/#primaryimage"},"image":{"@id":"https:\/\/accounting-tax.co.th\/fr\/tax-guide\/#primaryimage"},"thumbnailUrl":"https:\/\/accounting-tax.co.th\/wp-content\/uploads\/2021\/06\/Group-28.2.png","datePublished":"2021-06-29T07:20:26+00:00","dateModified":"2025-01-13T07:54:41+00:00","breadcrumb":{"@id":"https:\/\/accounting-tax.co.th\/fr\/tax-guide\/#breadcrumb"},"inLanguage":"fr-FR","potentialAction":[{"@type":"ReadAction","target":["https:\/\/accounting-tax.co.th\/fr\/tax-guide\/"]}]},{"@type":"ImageObject","inLanguage":"fr-FR","@id":"https:\/\/accounting-tax.co.th\/fr\/tax-guide\/#primaryimage","url":"https:\/\/accounting-tax.co.th\/wp-content\/uploads\/2021\/06\/Group-28.2.png","contentUrl":"https:\/\/accounting-tax.co.th\/wp-content\/uploads\/2021\/06\/Group-28.2.png"},{"@type":"BreadcrumbList","@id":"https:\/\/accounting-tax.co.th\/fr\/tax-guide\/#breadcrumb","itemListElement":[{"@type":"ListItem","position":1,"name":"Home","item":"https:\/\/accounting-tax.co.th\/fr\/"},{"@type":"ListItem","position":2,"name":"Tax Guide"}]},{"@type":"WebSite","@id":"https:\/\/accounting-tax.co.th\/fr\/#website","url":"https:\/\/accounting-tax.co.th\/fr\/","name":"CATAccounting","description":"","publisher":{"@id":"https:\/\/accounting-tax.co.th\/fr\/#organization"},"potentialAction":[{"@type":"SearchAction","target":{"@type":"EntryPoint","urlTemplate":"https:\/\/accounting-tax.co.th\/fr\/?s={search_term_string}"},"query-input":{"@type":"PropertyValueSpecification","valueRequired":true,"valueName":"search_term_string"}}],"inLanguage":"fr-FR"},{"@type":"Organization","@id":"https:\/\/accounting-tax.co.th\/fr\/#organization","name":"CATAccounting","url":"https:\/\/accounting-tax.co.th\/fr\/","logo":{"@type":"ImageObject","inLanguage":"fr-FR","@id":"https:\/\/accounting-tax.co.th\/fr\/#\/schema\/logo\/image\/","url":"https:\/\/accounting-tax.co.th\/wp-content\/uploads\/2021\/06\/cropped-logo-original-white.png","contentUrl":"https:\/\/accounting-tax.co.th\/wp-content\/uploads\/2021\/06\/cropped-logo-original-white.png","width":361,"height":220,"caption":"CATAccounting"},"image":{"@id":"https:\/\/accounting-tax.co.th\/fr\/#\/schema\/logo\/image\/"}}]}},"_links":{"self":[{"href":"https:\/\/accounting-tax.co.th\/fr\/wp-json\/wp\/v2\/pages\/1089","targetHints":{"allow":["GET"]}}],"collection":[{"href":"https:\/\/accounting-tax.co.th\/fr\/wp-json\/wp\/v2\/pages"}],"about":[{"href":"https:\/\/accounting-tax.co.th\/fr\/wp-json\/wp\/v2\/types\/page"}],"author":[{"embeddable":true,"href":"https:\/\/accounting-tax.co.th\/fr\/wp-json\/wp\/v2\/users\/2"}],"replies":[{"embeddable":true,"href":"https:\/\/accounting-tax.co.th\/fr\/wp-json\/wp\/v2\/comments?post=1089"}],"version-history":[{"count":30,"href":"https:\/\/accounting-tax.co.th\/fr\/wp-json\/wp\/v2\/pages\/1089\/revisions"}],"predecessor-version":[{"id":2427,"href":"https:\/\/accounting-tax.co.th\/fr\/wp-json\/wp\/v2\/pages\/1089\/revisions\/2427"}],"wp:attachment":[{"href":"https:\/\/accounting-tax.co.th\/fr\/wp-json\/wp\/v2\/media?parent=1089"}],"curies":[{"name":"wp","href":"https:\/\/api.w.org\/{rel}","templated":true}]}}