{"id":1141,"date":"2021-06-29T08:42:42","date_gmt":"2021-06-29T08:42:42","guid":{"rendered":"https:\/\/cataccounting.ap5cnyhy-liquidwebsites.com\/standard-conditions-of-business\/"},"modified":"2021-09-15T04:04:12","modified_gmt":"2021-09-15T04:04:12","slug":"standard-conditions-of-business","status":"publish","type":"page","link":"https:\/\/accounting-tax.co.th\/fr\/standard-conditions-of-business\/","title":{"rendered":"Standard Conditions of Business"},"content":{"rendered":"\t\t<div data-elementor-type=\"wp-page\" data-elementor-id=\"1141\" class=\"elementor elementor-1141\">\n\t\t\t\t\t\t<section class=\"elementor-section elementor-top-section elementor-element elementor-element-41d0ada elementor-section-boxed elementor-section-height-default elementor-section-height-default\" data-id=\"41d0ada\" data-element_type=\"section\" data-e-type=\"section\" data-settings=\"{&quot;background_background&quot;:&quot;gradient&quot;}\">\n\t\t\t\t\t\t<div class=\"elementor-container elementor-column-gap-default\">\n\t\t\t\t\t<div class=\"elementor-column elementor-col-100 elementor-top-column elementor-element elementor-element-0dc2bf0\" data-id=\"0dc2bf0\" data-element_type=\"column\" data-e-type=\"column\">\n\t\t\t<div class=\"elementor-widget-wrap elementor-element-populated\">\n\t\t\t\t\t\t<div class=\"elementor-element elementor-element-9ec321a elementor-widget elementor-widget-spacer\" data-id=\"9ec321a\" data-element_type=\"widget\" data-e-type=\"widget\" data-widget_type=\"spacer.default\">\n\t\t\t\t<div class=\"elementor-widget-container\">\n\t\t\t\t\t\t\t<div class=\"elementor-spacer\">\n\t\t\t<div class=\"elementor-spacer-inner\"><\/div>\n\t\t<\/div>\n\t\t\t\t\t\t<\/div>\n\t\t\t\t<\/div>\n\t\t\t\t\t<\/div>\n\t\t<\/div>\n\t\t\t\t\t<\/div>\n\t\t<\/section>\n\t\t\t\t<section class=\"elementor-section elementor-top-section elementor-element elementor-element-0a6833e elementor-section-full_width elementor-section-height-default elementor-section-height-default\" data-id=\"0a6833e\" data-element_type=\"section\" data-e-type=\"section\" data-settings=\"{&quot;background_background&quot;:&quot;gradient&quot;}\">\n\t\t\t\t\t\t<div class=\"elementor-container elementor-column-gap-default\">\n\t\t\t\t\t<div class=\"elementor-column elementor-col-33 elementor-top-column elementor-element elementor-element-31665a0\" data-id=\"31665a0\" data-element_type=\"column\" data-e-type=\"column\">\n\t\t\t<div class=\"elementor-widget-wrap elementor-element-populated\">\n\t\t\t\t\t\t<div class=\"elementor-element elementor-element-3ebc22c elementor-widget elementor-widget-image\" data-id=\"3ebc22c\" data-element_type=\"widget\" data-e-type=\"widget\" data-widget_type=\"image.default\">\n\t\t\t\t<div class=\"elementor-widget-container\">\n\t\t\t\t\t\t\t\t\t\t\t\t\t\t\t<img fetchpriority=\"high\" decoding=\"async\" width=\"657\" height=\"823\" src=\"https:\/\/accounting-tax.co.th\/wp-content\/uploads\/2021\/06\/Group-29.png\" class=\"attachment-full size-full wp-image-1107\" alt=\"\" srcset=\"https:\/\/accounting-tax.co.th\/wp-content\/uploads\/2021\/06\/Group-29.png 657w, https:\/\/accounting-tax.co.th\/wp-content\/uploads\/2021\/06\/Group-29-239x300.png 239w\" sizes=\"(max-width: 657px) 100vw, 657px\" \/>\t\t\t\t\t\t\t\t\t\t\t\t\t\t\t<\/div>\n\t\t\t\t<\/div>\n\t\t\t\t<div class=\"elementor-element elementor-element-363cad1 head-box-testimo-cond elementor-widget elementor-widget-heading\" data-id=\"363cad1\" data-element_type=\"widget\" data-e-type=\"widget\" data-widget_type=\"heading.default\">\n\t\t\t\t<div class=\"elementor-widget-container\">\n\t\t\t\t\t<h2 class=\"elementor-heading-title elementor-size-default\">Conditions Standards d'Entreprise<\/h2>\t\t\t\t<\/div>\n\t\t\t\t<\/div>\n\t\t\t\t\t<\/div>\n\t\t<\/div>\n\t\t\t\t<div class=\"elementor-column elementor-col-33 elementor-top-column elementor-element elementor-element-713dd49 box-testimo-cond box-testimo-cond-en\" data-id=\"713dd49\" data-element_type=\"column\" data-e-type=\"column\">\n\t\t\t<div class=\"elementor-widget-wrap elementor-element-populated\">\n\t\t\t\t\t\t<div class=\"elementor-element elementor-element-e7c394a elementor-widget elementor-widget-text-editor\" data-id=\"e7c394a\" data-element_type=\"widget\" data-e-type=\"widget\" data-widget_type=\"text-editor.default\">\n\t\t\t\t<div class=\"elementor-widget-container\">\n\t\t\t\t\t\t\t\t\t<p><strong>Conditions Standards d&rsquo;Entreprise<\/strong><\/p><p>1. Champ d&rsquo;application. <span style=\"color: #707070;\">Les pr\u00e9sentes conditions g\u00e9n\u00e9rales s&rsquo;appliquent \u00e0 la fourniture de tous produits et services par CAT Accounting and Tax Co., Ltd., \u00e0 l&rsquo;exception des produits logiciels, sauf dans le cas contraire par accord \u00e9crit. Un contrat de service \u00e9crit sera entr\u00e9 et convenu entre les parties pour la fourniture \u00e0 long terme de services. Les frais de consultation sont gratuits pour les enqu\u00eates de renseignements initiales dans les exigences du client. Par la suite seront factur\u00e9s \u00e0 un taux horaire.<\/span><\/p><p>2. Ad\u00e9quation des instructions. <span style=\"color: #707070;\">Nous fournissons des services uniquement sur la base que nous recevions des instructions autoris\u00e9es, appropri\u00e9es, n\u00e9cessaires et opportunes de vous, pour permettre que nous entreprenions l\u00e9galement et efficacement les affaires pour lesquelles nous sommes entr\u00e9s dans un accord avec vous, dont le repr\u00e9sentant autoris\u00e9 sera charg\u00e9 de nous indemniser en cons\u00e9quence.<\/span><\/p><p>3. Recherche et autres rapports. <span style=\"color: #707070;\">Nous n&rsquo;acceptons aucune responsabilit\u00e9 pour l&rsquo;exactitude d\u2019une partie de vos recherches ou autres rapports o\u00f9 il est \u00e9vident qui n&rsquo;est pas d\u00e9riv\u00e9e de l&rsquo;information du public, ou pour toute inexactitude, omission ou autre erreur dans un registre public sur lequel nos rapports de recherche ont la base.<\/span><\/p><p>4. Non ach\u00e8vement des services. <span style=\"color: #707070;\">O\u00f9 vous nous demandez d&rsquo;entreprendre n&rsquo;importe quel service, vous serez responsable de nos co\u00fbts dans la fourniture de ce service si ou pas, elle proc\u00e8de \u00e0 sa conclusion.<\/span><\/p><p>5. Droit d&rsquo;annuler. <span style=\"color: #707070;\">Vous pouvez avoir le droit d&rsquo;annuler le contrat entre nous sous 7 jours ouvrables suivant la date \u00e0 laquelle vous recevez tout produit de notre part ou, la date d&rsquo;ach\u00e8vement du contrat avec nous. Ce droit d&rsquo;annuler ne s&rsquo;applique pas aux produits qui ont \u00e9t\u00e9 fournis ou en train d&rsquo;\u00eatre fournis avec votre approbation.<\/span><\/p><p>6. Responsabilit\u00e9. <span style=\"color: #707070;\">Sauf qui aient \u00e9t\u00e9 exclu par la Loi, nous ne pourrons \u00eatre tenus responsables envers vous de toutes frais de pertes ou dommages, co\u00fbts, indirects ou cons\u00e9cutifs ou d&rsquo;autres demandes d&rsquo;indemnisation indirectes que ce soit qui se posent ou, en connexion avec nos services de ces Conditions et Termes.<\/span><\/p><p>7. Changements apport\u00e9s aux modalit\u00e9s standards. <span style=\"color: #707070;\">Nous nous r\u00e9servons le droit d&rsquo;apporter des changements \u00e0 ces Conditions g\u00e9n\u00e9rales \u00e0 tout moment.<\/span><\/p><p>8. Juridiction. <span style=\"color: #707070;\">Sauf convention contraire, les accords entre nous seront conclu en la langue anglaise et nos relations avec vous seront gouvern\u00e9s \u00e0 la Loi Tha\u00eflandaise et soumis \u00e0 la juridiction exclusive des tribunaux Tha\u00ef.<\/span><\/p>\t\t\t\t\t\t\t\t<\/div>\n\t\t\t\t<\/div>\n\t\t\t\t\t<\/div>\n\t\t<\/div>\n\t\t\t\t<div class=\"elementor-column elementor-col-33 elementor-top-column elementor-element elementor-element-d067e72 box-about-us\" data-id=\"d067e72\" data-element_type=\"column\" data-e-type=\"column\">\n\t\t\t<div class=\"elementor-widget-wrap\">\n\t\t\t\t\t\t\t<\/div>\n\t\t<\/div>\n\t\t\t\t\t<\/div>\n\t\t<\/section>\n\t\t\t\t<section class=\"elementor-section elementor-top-section elementor-element elementor-element-8d5fb75 elementor-section-boxed elementor-section-height-default elementor-section-height-default\" data-id=\"8d5fb75\" data-element_type=\"section\" data-e-type=\"section\" data-settings=\"{&quot;background_background&quot;:&quot;gradient&quot;}\">\n\t\t\t\t\t\t<div class=\"elementor-container elementor-column-gap-default\">\n\t\t\t\t\t<div class=\"elementor-column elementor-col-100 elementor-top-column elementor-element elementor-element-17b2e13\" data-id=\"17b2e13\" data-element_type=\"column\" data-e-type=\"column\">\n\t\t\t<div class=\"elementor-widget-wrap elementor-element-populated\">\n\t\t\t\t\t\t<div class=\"elementor-element elementor-element-5c36595 elementor-widget elementor-widget-spacer\" data-id=\"5c36595\" data-element_type=\"widget\" data-e-type=\"widget\" data-widget_type=\"spacer.default\">\n\t\t\t\t<div class=\"elementor-widget-container\">\n\t\t\t\t\t\t\t<div class=\"elementor-spacer\">\n\t\t\t<div class=\"elementor-spacer-inner\"><\/div>\n\t\t<\/div>\n\t\t\t\t\t\t<\/div>\n\t\t\t\t<\/div>\n\t\t\t\t\t<\/div>\n\t\t<\/div>\n\t\t\t\t\t<\/div>\n\t\t<\/section>\n\t\t\t\t<\/div>\n\t\t","protected":false},"excerpt":{"rendered":"<p>Conditions Standards d&rsquo;Entreprise Conditions Standards d&rsquo;Entreprise 1. Champ d&rsquo;application. Les pr\u00e9sentes conditions g\u00e9n\u00e9rales s&rsquo;appliquent \u00e0 la fourniture de tous produits et services par CAT Accounting and Tax Co., Ltd., \u00e0 l&rsquo;exception des produits logiciels, sauf dans le cas contraire par accord \u00e9crit. Un contrat de service \u00e9crit sera entr\u00e9 et convenu entre les parties pour la fourniture \u00e0 long terme de services. Les frais de consultation sont gratuits pour les enqu\u00eates de renseignements initiales dans les exigences du client. Par la suite seront factur\u00e9s \u00e0 un taux horaire. 2. Ad\u00e9quation des instructions. Nous fournissons des services uniquement sur la base que nous recevions des instructions autoris\u00e9es, appropri\u00e9es, n\u00e9cessaires et opportunes de vous, pour permettre que nous entreprenions l\u00e9galement et efficacement les affaires pour lesquelles nous sommes entr\u00e9s dans un accord avec vous, dont le repr\u00e9sentant autoris\u00e9 sera charg\u00e9 de nous indemniser en cons\u00e9quence. 3. Recherche et autres rapports. Nous n&rsquo;acceptons&hellip;<\/p>\n<p> <a class=\"more-link\" href=\"https:\/\/accounting-tax.co.th\/fr\/standard-conditions-of-business\/\">Read more<\/a><\/p>\n","protected":false},"author":2,"featured_media":0,"parent":0,"menu_order":0,"comment_status":"closed","ping_status":"closed","template":"elementor_header_footer","meta":{"footnotes":""},"class_list":["post-1141","page","type-page","status-publish"],"yoast_head":"<!-- This site is optimized with the Yoast SEO plugin v27.3 - https:\/\/yoast.com\/product\/yoast-seo-wordpress\/ -->\n<title>Standard Conditions of Business - CATAccounting<\/title>\n<meta name=\"robots\" content=\"index, follow, max-snippet:-1, max-image-preview:large, max-video-preview:-1\" \/>\n<link rel=\"canonical\" href=\"https:\/\/accounting-tax.co.th\/fr\/standard-conditions-of-business\/\" \/>\n<meta property=\"og:locale\" content=\"fr_FR\" \/>\n<meta property=\"og:type\" content=\"article\" \/>\n<meta property=\"og:title\" content=\"Standard Conditions of Business - CATAccounting\" \/>\n<meta property=\"og:description\" content=\"Conditions Standards d&rsquo;Entreprise Conditions Standards d&rsquo;Entreprise 1. Champ d&rsquo;application. Les pr\u00e9sentes conditions g\u00e9n\u00e9rales s&rsquo;appliquent \u00e0 la fourniture de tous produits et services par CAT Accounting and Tax Co., Ltd., \u00e0 l&rsquo;exception des produits logiciels, sauf dans le cas contraire par accord \u00e9crit. Un contrat de service \u00e9crit sera entr\u00e9 et convenu entre les parties pour la fourniture \u00e0 long terme de services. Les frais de consultation sont gratuits pour les enqu\u00eates de renseignements initiales dans les exigences du client. Par la suite seront factur\u00e9s \u00e0 un taux horaire. 2. Ad\u00e9quation des instructions. Nous fournissons des services uniquement sur la base que nous recevions des instructions autoris\u00e9es, appropri\u00e9es, n\u00e9cessaires et opportunes de vous, pour permettre que nous entreprenions l\u00e9galement et efficacement les affaires pour lesquelles nous sommes entr\u00e9s dans un accord avec vous, dont le repr\u00e9sentant autoris\u00e9 sera charg\u00e9 de nous indemniser en cons\u00e9quence. 3. Recherche et autres rapports. Nous n&rsquo;acceptons&hellip;  Read more\" \/>\n<meta property=\"og:url\" content=\"https:\/\/accounting-tax.co.th\/fr\/standard-conditions-of-business\/\" \/>\n<meta property=\"og:site_name\" content=\"CATAccounting\" \/>\n<meta property=\"article:modified_time\" content=\"2021-09-15T04:04:12+00:00\" \/>\n<meta property=\"og:image\" content=\"https:\/\/accounting-tax.co.th\/wp-content\/uploads\/2021\/06\/Group-29.png\" \/>\n<meta name=\"twitter:card\" content=\"summary_large_image\" \/>\n<meta name=\"twitter:label1\" content=\"Dur\u00e9e de lecture estim\u00e9e\" \/>\n\t<meta name=\"twitter:data1\" content=\"2 minutes\" \/>\n<script type=\"application\/ld+json\" class=\"yoast-schema-graph\">{\"@context\":\"https:\\\/\\\/schema.org\",\"@graph\":[{\"@type\":\"WebPage\",\"@id\":\"https:\\\/\\\/accounting-tax.co.th\\\/fr\\\/standard-conditions-of-business\\\/\",\"url\":\"https:\\\/\\\/accounting-tax.co.th\\\/fr\\\/standard-conditions-of-business\\\/\",\"name\":\"Standard Conditions of Business - CATAccounting\",\"isPartOf\":{\"@id\":\"https:\\\/\\\/accounting-tax.co.th\\\/fr\\\/#website\"},\"primaryImageOfPage\":{\"@id\":\"https:\\\/\\\/accounting-tax.co.th\\\/fr\\\/standard-conditions-of-business\\\/#primaryimage\"},\"image\":{\"@id\":\"https:\\\/\\\/accounting-tax.co.th\\\/fr\\\/standard-conditions-of-business\\\/#primaryimage\"},\"thumbnailUrl\":\"https:\\\/\\\/accounting-tax.co.th\\\/wp-content\\\/uploads\\\/2021\\\/06\\\/Group-29.png\",\"datePublished\":\"2021-06-29T08:42:42+00:00\",\"dateModified\":\"2021-09-15T04:04:12+00:00\",\"breadcrumb\":{\"@id\":\"https:\\\/\\\/accounting-tax.co.th\\\/fr\\\/standard-conditions-of-business\\\/#breadcrumb\"},\"inLanguage\":\"fr-FR\",\"potentialAction\":[{\"@type\":\"ReadAction\",\"target\":[\"https:\\\/\\\/accounting-tax.co.th\\\/fr\\\/standard-conditions-of-business\\\/\"]}]},{\"@type\":\"ImageObject\",\"inLanguage\":\"fr-FR\",\"@id\":\"https:\\\/\\\/accounting-tax.co.th\\\/fr\\\/standard-conditions-of-business\\\/#primaryimage\",\"url\":\"https:\\\/\\\/accounting-tax.co.th\\\/wp-content\\\/uploads\\\/2021\\\/06\\\/Group-29.png\",\"contentUrl\":\"https:\\\/\\\/accounting-tax.co.th\\\/wp-content\\\/uploads\\\/2021\\\/06\\\/Group-29.png\"},{\"@type\":\"BreadcrumbList\",\"@id\":\"https:\\\/\\\/accounting-tax.co.th\\\/fr\\\/standard-conditions-of-business\\\/#breadcrumb\",\"itemListElement\":[{\"@type\":\"ListItem\",\"position\":1,\"name\":\"Home\",\"item\":\"https:\\\/\\\/accounting-tax.co.th\\\/fr\\\/\"},{\"@type\":\"ListItem\",\"position\":2,\"name\":\"Standard Conditions of Business\"}]},{\"@type\":\"WebSite\",\"@id\":\"https:\\\/\\\/accounting-tax.co.th\\\/fr\\\/#website\",\"url\":\"https:\\\/\\\/accounting-tax.co.th\\\/fr\\\/\",\"name\":\"CATAccounting\",\"description\":\"\",\"publisher\":{\"@id\":\"https:\\\/\\\/accounting-tax.co.th\\\/fr\\\/#organization\"},\"potentialAction\":[{\"@type\":\"SearchAction\",\"target\":{\"@type\":\"EntryPoint\",\"urlTemplate\":\"https:\\\/\\\/accounting-tax.co.th\\\/fr\\\/?s={search_term_string}\"},\"query-input\":{\"@type\":\"PropertyValueSpecification\",\"valueRequired\":true,\"valueName\":\"search_term_string\"}}],\"inLanguage\":\"fr-FR\"},{\"@type\":\"Organization\",\"@id\":\"https:\\\/\\\/accounting-tax.co.th\\\/fr\\\/#organization\",\"name\":\"CATAccounting\",\"url\":\"https:\\\/\\\/accounting-tax.co.th\\\/fr\\\/\",\"logo\":{\"@type\":\"ImageObject\",\"inLanguage\":\"fr-FR\",\"@id\":\"https:\\\/\\\/accounting-tax.co.th\\\/fr\\\/#\\\/schema\\\/logo\\\/image\\\/\",\"url\":\"https:\\\/\\\/accounting-tax.co.th\\\/wp-content\\\/uploads\\\/2021\\\/06\\\/cropped-logo-original-white.png\",\"contentUrl\":\"https:\\\/\\\/accounting-tax.co.th\\\/wp-content\\\/uploads\\\/2021\\\/06\\\/cropped-logo-original-white.png\",\"width\":361,\"height\":220,\"caption\":\"CATAccounting\"},\"image\":{\"@id\":\"https:\\\/\\\/accounting-tax.co.th\\\/fr\\\/#\\\/schema\\\/logo\\\/image\\\/\"}}]}<\/script>\n<!-- \/ Yoast SEO plugin. -->","yoast_head_json":{"title":"Standard Conditions of Business - CATAccounting","robots":{"index":"index","follow":"follow","max-snippet":"max-snippet:-1","max-image-preview":"max-image-preview:large","max-video-preview":"max-video-preview:-1"},"canonical":"https:\/\/accounting-tax.co.th\/fr\/standard-conditions-of-business\/","og_locale":"fr_FR","og_type":"article","og_title":"Standard Conditions of Business - CATAccounting","og_description":"Conditions Standards d&rsquo;Entreprise Conditions Standards d&rsquo;Entreprise 1. Champ d&rsquo;application. Les pr\u00e9sentes conditions g\u00e9n\u00e9rales s&rsquo;appliquent \u00e0 la fourniture de tous produits et services par CAT Accounting and Tax Co., Ltd., \u00e0 l&rsquo;exception des produits logiciels, sauf dans le cas contraire par accord \u00e9crit. Un contrat de service \u00e9crit sera entr\u00e9 et convenu entre les parties pour la fourniture \u00e0 long terme de services. Les frais de consultation sont gratuits pour les enqu\u00eates de renseignements initiales dans les exigences du client. Par la suite seront factur\u00e9s \u00e0 un taux horaire. 2. Ad\u00e9quation des instructions. Nous fournissons des services uniquement sur la base que nous recevions des instructions autoris\u00e9es, appropri\u00e9es, n\u00e9cessaires et opportunes de vous, pour permettre que nous entreprenions l\u00e9galement et efficacement les affaires pour lesquelles nous sommes entr\u00e9s dans un accord avec vous, dont le repr\u00e9sentant autoris\u00e9 sera charg\u00e9 de nous indemniser en cons\u00e9quence. 3. Recherche et autres rapports. Nous n&rsquo;acceptons&hellip;  Read more","og_url":"https:\/\/accounting-tax.co.th\/fr\/standard-conditions-of-business\/","og_site_name":"CATAccounting","article_modified_time":"2021-09-15T04:04:12+00:00","og_image":[{"url":"https:\/\/accounting-tax.co.th\/wp-content\/uploads\/2021\/06\/Group-29.png","type":"","width":"","height":""}],"twitter_card":"summary_large_image","twitter_misc":{"Dur\u00e9e de lecture estim\u00e9e":"2 minutes"},"schema":{"@context":"https:\/\/schema.org","@graph":[{"@type":"WebPage","@id":"https:\/\/accounting-tax.co.th\/fr\/standard-conditions-of-business\/","url":"https:\/\/accounting-tax.co.th\/fr\/standard-conditions-of-business\/","name":"Standard Conditions of Business - CATAccounting","isPartOf":{"@id":"https:\/\/accounting-tax.co.th\/fr\/#website"},"primaryImageOfPage":{"@id":"https:\/\/accounting-tax.co.th\/fr\/standard-conditions-of-business\/#primaryimage"},"image":{"@id":"https:\/\/accounting-tax.co.th\/fr\/standard-conditions-of-business\/#primaryimage"},"thumbnailUrl":"https:\/\/accounting-tax.co.th\/wp-content\/uploads\/2021\/06\/Group-29.png","datePublished":"2021-06-29T08:42:42+00:00","dateModified":"2021-09-15T04:04:12+00:00","breadcrumb":{"@id":"https:\/\/accounting-tax.co.th\/fr\/standard-conditions-of-business\/#breadcrumb"},"inLanguage":"fr-FR","potentialAction":[{"@type":"ReadAction","target":["https:\/\/accounting-tax.co.th\/fr\/standard-conditions-of-business\/"]}]},{"@type":"ImageObject","inLanguage":"fr-FR","@id":"https:\/\/accounting-tax.co.th\/fr\/standard-conditions-of-business\/#primaryimage","url":"https:\/\/accounting-tax.co.th\/wp-content\/uploads\/2021\/06\/Group-29.png","contentUrl":"https:\/\/accounting-tax.co.th\/wp-content\/uploads\/2021\/06\/Group-29.png"},{"@type":"BreadcrumbList","@id":"https:\/\/accounting-tax.co.th\/fr\/standard-conditions-of-business\/#breadcrumb","itemListElement":[{"@type":"ListItem","position":1,"name":"Home","item":"https:\/\/accounting-tax.co.th\/fr\/"},{"@type":"ListItem","position":2,"name":"Standard Conditions of Business"}]},{"@type":"WebSite","@id":"https:\/\/accounting-tax.co.th\/fr\/#website","url":"https:\/\/accounting-tax.co.th\/fr\/","name":"CATAccounting","description":"","publisher":{"@id":"https:\/\/accounting-tax.co.th\/fr\/#organization"},"potentialAction":[{"@type":"SearchAction","target":{"@type":"EntryPoint","urlTemplate":"https:\/\/accounting-tax.co.th\/fr\/?s={search_term_string}"},"query-input":{"@type":"PropertyValueSpecification","valueRequired":true,"valueName":"search_term_string"}}],"inLanguage":"fr-FR"},{"@type":"Organization","@id":"https:\/\/accounting-tax.co.th\/fr\/#organization","name":"CATAccounting","url":"https:\/\/accounting-tax.co.th\/fr\/","logo":{"@type":"ImageObject","inLanguage":"fr-FR","@id":"https:\/\/accounting-tax.co.th\/fr\/#\/schema\/logo\/image\/","url":"https:\/\/accounting-tax.co.th\/wp-content\/uploads\/2021\/06\/cropped-logo-original-white.png","contentUrl":"https:\/\/accounting-tax.co.th\/wp-content\/uploads\/2021\/06\/cropped-logo-original-white.png","width":361,"height":220,"caption":"CATAccounting"},"image":{"@id":"https:\/\/accounting-tax.co.th\/fr\/#\/schema\/logo\/image\/"}}]}},"_links":{"self":[{"href":"https:\/\/accounting-tax.co.th\/fr\/wp-json\/wp\/v2\/pages\/1141","targetHints":{"allow":["GET"]}}],"collection":[{"href":"https:\/\/accounting-tax.co.th\/fr\/wp-json\/wp\/v2\/pages"}],"about":[{"href":"https:\/\/accounting-tax.co.th\/fr\/wp-json\/wp\/v2\/types\/page"}],"author":[{"embeddable":true,"href":"https:\/\/accounting-tax.co.th\/fr\/wp-json\/wp\/v2\/users\/2"}],"replies":[{"embeddable":true,"href":"https:\/\/accounting-tax.co.th\/fr\/wp-json\/wp\/v2\/comments?post=1141"}],"version-history":[{"count":12,"href":"https:\/\/accounting-tax.co.th\/fr\/wp-json\/wp\/v2\/pages\/1141\/revisions"}],"predecessor-version":[{"id":1714,"href":"https:\/\/accounting-tax.co.th\/fr\/wp-json\/wp\/v2\/pages\/1141\/revisions\/1714"}],"wp:attachment":[{"href":"https:\/\/accounting-tax.co.th\/fr\/wp-json\/wp\/v2\/media?parent=1141"}],"curies":[{"name":"wp","href":"https:\/\/api.w.org\/{rel}","templated":true}]}}