{"id":735,"date":"2021-06-28T06:19:17","date_gmt":"2021-06-28T06:19:17","guid":{"rendered":"https:\/\/cataccounting.ap5cnyhy-liquidwebsites.com\/about-us\/"},"modified":"2024-12-20T03:24:25","modified_gmt":"2024-12-20T03:24:25","slug":"about-us","status":"publish","type":"page","link":"https:\/\/accounting-tax.co.th\/fr\/about-us\/","title":{"rendered":"About us"},"content":{"rendered":"\t\t<div data-elementor-type=\"wp-page\" data-elementor-id=\"735\" class=\"elementor elementor-735\">\n\t\t\t\t\t\t<section class=\"elementor-section elementor-top-section elementor-element elementor-element-41d0ada elementor-section-boxed elementor-section-height-default elementor-section-height-default\" data-id=\"41d0ada\" data-element_type=\"section\" data-e-type=\"section\" data-settings=\"{&quot;background_background&quot;:&quot;gradient&quot;}\">\n\t\t\t\t\t\t<div class=\"elementor-container elementor-column-gap-default\">\n\t\t\t\t\t<div class=\"elementor-column elementor-col-100 elementor-top-column elementor-element elementor-element-0dc2bf0\" data-id=\"0dc2bf0\" data-element_type=\"column\" data-e-type=\"column\">\n\t\t\t<div class=\"elementor-widget-wrap elementor-element-populated\">\n\t\t\t\t\t\t<div class=\"elementor-element elementor-element-9ec321a elementor-widget elementor-widget-spacer\" data-id=\"9ec321a\" data-element_type=\"widget\" data-e-type=\"widget\" data-widget_type=\"spacer.default\">\n\t\t\t\t<div class=\"elementor-widget-container\">\n\t\t\t\t\t\t\t<div class=\"elementor-spacer\">\n\t\t\t<div class=\"elementor-spacer-inner\"><\/div>\n\t\t<\/div>\n\t\t\t\t\t\t<\/div>\n\t\t\t\t<\/div>\n\t\t\t\t\t<\/div>\n\t\t<\/div>\n\t\t\t\t\t<\/div>\n\t\t<\/section>\n\t\t\t\t<section class=\"elementor-section elementor-top-section elementor-element elementor-element-0a6833e elementor-section-full_width elementor-section-height-default elementor-section-height-default\" data-id=\"0a6833e\" data-element_type=\"section\" data-e-type=\"section\" data-settings=\"{&quot;background_background&quot;:&quot;gradient&quot;}\">\n\t\t\t\t\t\t<div class=\"elementor-container elementor-column-gap-default\">\n\t\t\t\t\t<div class=\"elementor-column elementor-col-33 elementor-top-column elementor-element elementor-element-31665a0\" data-id=\"31665a0\" data-element_type=\"column\" data-e-type=\"column\">\n\t\t\t<div class=\"elementor-widget-wrap elementor-element-populated\">\n\t\t\t\t\t\t<div class=\"elementor-element elementor-element-3ebc22c elementor-widget elementor-widget-image\" data-id=\"3ebc22c\" data-element_type=\"widget\" data-e-type=\"widget\" data-widget_type=\"image.default\">\n\t\t\t\t<div class=\"elementor-widget-container\">\n\t\t\t\t\t\t\t\t\t\t\t\t\t\t\t<img fetchpriority=\"high\" decoding=\"async\" width=\"635\" height=\"749\" src=\"https:\/\/accounting-tax.co.th\/wp-content\/uploads\/2021\/06\/Group-25.png\" class=\"attachment-full size-full wp-image-207\" alt=\"\" srcset=\"https:\/\/accounting-tax.co.th\/wp-content\/uploads\/2021\/06\/Group-25.png 635w, https:\/\/accounting-tax.co.th\/wp-content\/uploads\/2021\/06\/Group-25-254x300.png 254w\" sizes=\"(max-width: 635px) 100vw, 635px\" \/>\t\t\t\t\t\t\t\t\t\t\t\t\t\t\t<\/div>\n\t\t\t\t<\/div>\n\t\t\t\t<div class=\"elementor-element elementor-element-363cad1 head-box-about elementor-widget elementor-widget-heading\" data-id=\"363cad1\" data-element_type=\"widget\" data-e-type=\"widget\" data-widget_type=\"heading.default\">\n\t\t\t\t<div class=\"elementor-widget-container\">\n\t\t\t\t\t<h1 class=\"elementor-heading-title elementor-size-default\">\u00c0 propos de nous<\/h1>\t\t\t\t<\/div>\n\t\t\t\t<\/div>\n\t\t\t\t\t<\/div>\n\t\t<\/div>\n\t\t\t\t<div class=\"elementor-column elementor-col-33 elementor-top-column elementor-element elementor-element-713dd49 box-about-us\" data-id=\"713dd49\" data-element_type=\"column\" data-e-type=\"column\">\n\t\t\t<div class=\"elementor-widget-wrap elementor-element-populated\">\n\t\t\t\t\t\t<div class=\"elementor-element elementor-element-e7c394a elementor-widget elementor-widget-text-editor\" data-id=\"e7c394a\" data-element_type=\"widget\" data-e-type=\"widget\" data-widget_type=\"text-editor.default\">\n\t\t\t\t<div class=\"elementor-widget-container\">\n\t\t\t\t\t\t\t\t\t<h3>CAT Accounting and Tax Company Limited a \u00e9t\u00e9 cr\u00e9\u00e9 en 2001 dans le but de fournir des services comptabilit\u00e9, de fiscalit\u00e9, d\u2019audit et des services administratifs, aux entreprises et aux particuliers dans la r\u00e9gion de Pattaya et des zones industrielles de l\u2019Eastern Seabord.<\/h3>\n<h3>Le si\u00e8ge social est situ\u00e9 dans Thepprasit Road, South Pattaya et occupe des bureaux sur deux unit\u00e9s d\u2019immeuble commerciales de 4 \u00e9tages, au total 400 mt carr\u00e9. L\u2019\u00e9quipement de bureau est \u00e0 la hauteur des derni\u00e8res versions de syst\u00e8me de comptabilit\u00e9 Express et est enti\u00e8rement int\u00e9gr\u00e9e au r\u00e9seau local.<\/h3>\n<h3>R\u00e9cemment une Branche office a \u00e9t\u00e9 ouverte \u00e0 Bowin, dans la r\u00e9gion du complexe industriel du Eastern Seaboard, dans le but de fournir plus de support pour le d\u00e9veloppement du EEC, le Eastern Economic Corridor.<\/h3>\n<h3>La direction et le personnel est compos\u00e9 au total de 20 personnes permanentes, en moyenne.<\/h3>\n<h3>Le directeur g\u00e9n\u00e9ral est Mme Thananan Khomkai . Elle est dipl\u00f4m\u00e9e en administration des affaires, et comptabilit\u00e9 de l\u2019Universit\u00e9 Ramkhamhaeng et a obtenu un MBA en administration des affaires de la City University , USA .<\/h3>\n<h3>Elle a eu plus de 30 ans d\u2019exp\u00e9rience en finance et comptabilit\u00e9 avec les industries de fabrication et de commerce.<\/h3>\n<h3>Les v\u00e9rificateurs de la Soci\u00e9t\u00e9 sont choisis parmi des soci\u00e9t\u00e9s de Certified Public Auditors enregistr\u00e9s ayant une exp\u00e9rience av\u00e9r\u00e9e dans le domaine de l\u2019audit.<\/h3>\n<h3>La Soci\u00e9t\u00e9 se sp\u00e9cialise dans la comptabilit\u00e9, les proc\u00e9dures d\u2019\u00e9valuation, soumission, approbation et remboursement de tous les types d\u2019imp\u00f4ts avec le D\u00e9partement du Revenu.<\/h3><h3>En outre, gr\u00e2ce \u00e0 l\u2019expansion r\u00e9cente de notre exp\u00e9rience dans le secteur, nous sommes en mesure de fournir, en \u00e9quipe avec des sp\u00e9cialistes bien connus, des services de conseil pour la planification de l\u2019imp\u00f4t des petites, moyennes et grandes entreprises dans le domaine mentionn\u00e9 ci-dessus, et leurs projets pertinents.<\/h3>\n<h3>Enfin, nous pouvons \u00e9galement fournir le savoir-faire pour la pr\u00e9sentation et l\u2019approbation du Comit\u00e9 National pour la promotion des projets d\u2019investissement, BOI.<\/h3>\n<h3>La solidit\u00e9 de notre entreprise, \u00e0 c\u00f4t\u00e9 de la confidentialit\u00e9 absolue, le professionnalisme et le respect de principes \u00e9thiques, repose, comme dans toute l\u2019industrie de service , de la qualit\u00e9 des personnes charg\u00e9es de la fourniture du service ; en particulier, nous nous sommes sp\u00e9cialis\u00e9s dans la comptabilit\u00e9 et la correcte application de la fiscalit\u00e9.<\/h3>\t\t\t\t\t\t\t\t<\/div>\n\t\t\t\t<\/div>\n\t\t\t\t\t<\/div>\n\t\t<\/div>\n\t\t\t\t<div class=\"elementor-column elementor-col-33 elementor-top-column elementor-element elementor-element-d067e72 box-about-us\" data-id=\"d067e72\" data-element_type=\"column\" data-e-type=\"column\">\n\t\t\t<div class=\"elementor-widget-wrap\">\n\t\t\t\t\t\t\t<\/div>\n\t\t<\/div>\n\t\t\t\t\t<\/div>\n\t\t<\/section>\n\t\t\t\t<section class=\"elementor-section elementor-top-section elementor-element elementor-element-8d5fb75 elementor-section-boxed elementor-section-height-default elementor-section-height-default\" data-id=\"8d5fb75\" data-element_type=\"section\" data-e-type=\"section\" data-settings=\"{&quot;background_background&quot;:&quot;gradient&quot;}\">\n\t\t\t\t\t\t<div class=\"elementor-container elementor-column-gap-default\">\n\t\t\t\t\t<div class=\"elementor-column elementor-col-100 elementor-top-column elementor-element elementor-element-17b2e13\" data-id=\"17b2e13\" data-element_type=\"column\" data-e-type=\"column\">\n\t\t\t<div class=\"elementor-widget-wrap elementor-element-populated\">\n\t\t\t\t\t\t<div class=\"elementor-element elementor-element-5c36595 elementor-widget elementor-widget-spacer\" data-id=\"5c36595\" data-element_type=\"widget\" data-e-type=\"widget\" data-widget_type=\"spacer.default\">\n\t\t\t\t<div class=\"elementor-widget-container\">\n\t\t\t\t\t\t\t<div class=\"elementor-spacer\">\n\t\t\t<div class=\"elementor-spacer-inner\"><\/div>\n\t\t<\/div>\n\t\t\t\t\t\t<\/div>\n\t\t\t\t<\/div>\n\t\t\t\t\t<\/div>\n\t\t<\/div>\n\t\t\t\t\t<\/div>\n\t\t<\/section>\n\t\t\t\t<\/div>\n\t\t","protected":false},"excerpt":{"rendered":"<p>\u00c0 propos de nous CAT Accounting and Tax Company Limited a \u00e9t\u00e9 cr\u00e9\u00e9 en 2001 dans le but de fournir des services comptabilit\u00e9, de fiscalit\u00e9, d\u2019audit et des services administratifs, aux entreprises et aux particuliers dans la r\u00e9gion de Pattaya et des zones industrielles de l\u2019Eastern Seabord. Le si\u00e8ge social est situ\u00e9 dans Thepprasit Road, South Pattaya et occupe des bureaux sur deux unit\u00e9s d\u2019immeuble commerciales de 4 \u00e9tages, au total 400 mt carr\u00e9. L\u2019\u00e9quipement de bureau est \u00e0 la hauteur des derni\u00e8res versions de syst\u00e8me de comptabilit\u00e9 Express et est enti\u00e8rement int\u00e9gr\u00e9e au r\u00e9seau local. R\u00e9cemment une Branche office a \u00e9t\u00e9 ouverte \u00e0 Bowin, dans la r\u00e9gion du complexe industriel du Eastern Seaboard, dans le but de fournir plus de support pour le d\u00e9veloppement du EEC, le Eastern Economic Corridor. La direction et le personnel est compos\u00e9 au total de 20 personnes permanentes, en moyenne. Le directeur g\u00e9n\u00e9ral est&hellip;<\/p>\n<p> <a class=\"more-link\" href=\"https:\/\/accounting-tax.co.th\/fr\/about-us\/\">Read more<\/a><\/p>\n","protected":false},"author":2,"featured_media":0,"parent":0,"menu_order":0,"comment_status":"closed","ping_status":"closed","template":"elementor_header_footer","meta":{"footnotes":""},"class_list":["post-735","page","type-page","status-publish"],"yoast_head":"<!-- This site is optimized with the Yoast SEO plugin v27.3 - https:\/\/yoast.com\/product\/yoast-seo-wordpress\/ -->\n<title>About us - CATAccounting<\/title>\n<meta name=\"robots\" content=\"index, follow, max-snippet:-1, max-image-preview:large, max-video-preview:-1\" \/>\n<link rel=\"canonical\" href=\"https:\/\/accounting-tax.co.th\/fr\/about-us\/\" \/>\n<meta property=\"og:locale\" content=\"fr_FR\" \/>\n<meta property=\"og:type\" content=\"article\" \/>\n<meta property=\"og:title\" content=\"About us - CATAccounting\" \/>\n<meta property=\"og:description\" content=\"\u00c0 propos de nous CAT Accounting and Tax Company Limited a \u00e9t\u00e9 cr\u00e9\u00e9 en 2001 dans le but de fournir des services comptabilit\u00e9, de fiscalit\u00e9, d\u2019audit et des services administratifs, aux entreprises et aux particuliers dans la r\u00e9gion de Pattaya et des zones industrielles de l\u2019Eastern Seabord. Le si\u00e8ge social est situ\u00e9 dans Thepprasit Road, South Pattaya et occupe des bureaux sur deux unit\u00e9s d\u2019immeuble commerciales de 4 \u00e9tages, au total 400 mt carr\u00e9. L\u2019\u00e9quipement de bureau est \u00e0 la hauteur des derni\u00e8res versions de syst\u00e8me de comptabilit\u00e9 Express et est enti\u00e8rement int\u00e9gr\u00e9e au r\u00e9seau local. R\u00e9cemment une Branche office a \u00e9t\u00e9 ouverte \u00e0 Bowin, dans la r\u00e9gion du complexe industriel du Eastern Seaboard, dans le but de fournir plus de support pour le d\u00e9veloppement du EEC, le Eastern Economic Corridor. La direction et le personnel est compos\u00e9 au total de 20 personnes permanentes, en moyenne. Le directeur g\u00e9n\u00e9ral est&hellip;  Read more\" \/>\n<meta property=\"og:url\" content=\"https:\/\/accounting-tax.co.th\/fr\/about-us\/\" \/>\n<meta property=\"og:site_name\" content=\"CATAccounting\" \/>\n<meta property=\"article:modified_time\" content=\"2024-12-20T03:24:25+00:00\" \/>\n<meta property=\"og:image\" content=\"https:\/\/accounting-tax.co.th\/wp-content\/uploads\/2021\/06\/Group-25.png\" \/>\n\t<meta property=\"og:image:width\" content=\"635\" \/>\n\t<meta property=\"og:image:height\" content=\"749\" \/>\n\t<meta property=\"og:image:type\" content=\"image\/png\" \/>\n<meta name=\"twitter:card\" content=\"summary_large_image\" \/>\n<meta name=\"twitter:label1\" content=\"Dur\u00e9e de lecture estim\u00e9e\" \/>\n\t<meta name=\"twitter:data1\" content=\"2 minutes\" \/>\n<script type=\"application\/ld+json\" class=\"yoast-schema-graph\">{\"@context\":\"https:\\\/\\\/schema.org\",\"@graph\":[{\"@type\":\"WebPage\",\"@id\":\"https:\\\/\\\/accounting-tax.co.th\\\/fr\\\/about-us\\\/\",\"url\":\"https:\\\/\\\/accounting-tax.co.th\\\/fr\\\/about-us\\\/\",\"name\":\"About us - CATAccounting\",\"isPartOf\":{\"@id\":\"https:\\\/\\\/accounting-tax.co.th\\\/fr\\\/#website\"},\"primaryImageOfPage\":{\"@id\":\"https:\\\/\\\/accounting-tax.co.th\\\/fr\\\/about-us\\\/#primaryimage\"},\"image\":{\"@id\":\"https:\\\/\\\/accounting-tax.co.th\\\/fr\\\/about-us\\\/#primaryimage\"},\"thumbnailUrl\":\"https:\\\/\\\/accounting-tax.co.th\\\/wp-content\\\/uploads\\\/2021\\\/06\\\/Group-25.png\",\"datePublished\":\"2021-06-28T06:19:17+00:00\",\"dateModified\":\"2024-12-20T03:24:25+00:00\",\"breadcrumb\":{\"@id\":\"https:\\\/\\\/accounting-tax.co.th\\\/fr\\\/about-us\\\/#breadcrumb\"},\"inLanguage\":\"fr-FR\",\"potentialAction\":[{\"@type\":\"ReadAction\",\"target\":[\"https:\\\/\\\/accounting-tax.co.th\\\/fr\\\/about-us\\\/\"]}]},{\"@type\":\"ImageObject\",\"inLanguage\":\"fr-FR\",\"@id\":\"https:\\\/\\\/accounting-tax.co.th\\\/fr\\\/about-us\\\/#primaryimage\",\"url\":\"https:\\\/\\\/accounting-tax.co.th\\\/wp-content\\\/uploads\\\/2021\\\/06\\\/Group-25.png\",\"contentUrl\":\"https:\\\/\\\/accounting-tax.co.th\\\/wp-content\\\/uploads\\\/2021\\\/06\\\/Group-25.png\"},{\"@type\":\"BreadcrumbList\",\"@id\":\"https:\\\/\\\/accounting-tax.co.th\\\/fr\\\/about-us\\\/#breadcrumb\",\"itemListElement\":[{\"@type\":\"ListItem\",\"position\":1,\"name\":\"Home\",\"item\":\"https:\\\/\\\/accounting-tax.co.th\\\/fr\\\/\"},{\"@type\":\"ListItem\",\"position\":2,\"name\":\"About us\"}]},{\"@type\":\"WebSite\",\"@id\":\"https:\\\/\\\/accounting-tax.co.th\\\/fr\\\/#website\",\"url\":\"https:\\\/\\\/accounting-tax.co.th\\\/fr\\\/\",\"name\":\"CATAccounting\",\"description\":\"\",\"publisher\":{\"@id\":\"https:\\\/\\\/accounting-tax.co.th\\\/fr\\\/#organization\"},\"potentialAction\":[{\"@type\":\"SearchAction\",\"target\":{\"@type\":\"EntryPoint\",\"urlTemplate\":\"https:\\\/\\\/accounting-tax.co.th\\\/fr\\\/?s={search_term_string}\"},\"query-input\":{\"@type\":\"PropertyValueSpecification\",\"valueRequired\":true,\"valueName\":\"search_term_string\"}}],\"inLanguage\":\"fr-FR\"},{\"@type\":\"Organization\",\"@id\":\"https:\\\/\\\/accounting-tax.co.th\\\/fr\\\/#organization\",\"name\":\"CATAccounting\",\"url\":\"https:\\\/\\\/accounting-tax.co.th\\\/fr\\\/\",\"logo\":{\"@type\":\"ImageObject\",\"inLanguage\":\"fr-FR\",\"@id\":\"https:\\\/\\\/accounting-tax.co.th\\\/fr\\\/#\\\/schema\\\/logo\\\/image\\\/\",\"url\":\"https:\\\/\\\/accounting-tax.co.th\\\/wp-content\\\/uploads\\\/2021\\\/06\\\/cropped-logo-original-white.png\",\"contentUrl\":\"https:\\\/\\\/accounting-tax.co.th\\\/wp-content\\\/uploads\\\/2021\\\/06\\\/cropped-logo-original-white.png\",\"width\":361,\"height\":220,\"caption\":\"CATAccounting\"},\"image\":{\"@id\":\"https:\\\/\\\/accounting-tax.co.th\\\/fr\\\/#\\\/schema\\\/logo\\\/image\\\/\"}}]}<\/script>\n<!-- \/ Yoast SEO plugin. -->","yoast_head_json":{"title":"About us - CATAccounting","robots":{"index":"index","follow":"follow","max-snippet":"max-snippet:-1","max-image-preview":"max-image-preview:large","max-video-preview":"max-video-preview:-1"},"canonical":"https:\/\/accounting-tax.co.th\/fr\/about-us\/","og_locale":"fr_FR","og_type":"article","og_title":"About us - CATAccounting","og_description":"\u00c0 propos de nous CAT Accounting and Tax Company Limited a \u00e9t\u00e9 cr\u00e9\u00e9 en 2001 dans le but de fournir des services comptabilit\u00e9, de fiscalit\u00e9, d\u2019audit et des services administratifs, aux entreprises et aux particuliers dans la r\u00e9gion de Pattaya et des zones industrielles de l\u2019Eastern Seabord. Le si\u00e8ge social est situ\u00e9 dans Thepprasit Road, South Pattaya et occupe des bureaux sur deux unit\u00e9s d\u2019immeuble commerciales de 4 \u00e9tages, au total 400 mt carr\u00e9. L\u2019\u00e9quipement de bureau est \u00e0 la hauteur des derni\u00e8res versions de syst\u00e8me de comptabilit\u00e9 Express et est enti\u00e8rement int\u00e9gr\u00e9e au r\u00e9seau local. R\u00e9cemment une Branche office a \u00e9t\u00e9 ouverte \u00e0 Bowin, dans la r\u00e9gion du complexe industriel du Eastern Seaboard, dans le but de fournir plus de support pour le d\u00e9veloppement du EEC, le Eastern Economic Corridor. La direction et le personnel est compos\u00e9 au total de 20 personnes permanentes, en moyenne. Le directeur g\u00e9n\u00e9ral est&hellip;  Read more","og_url":"https:\/\/accounting-tax.co.th\/fr\/about-us\/","og_site_name":"CATAccounting","article_modified_time":"2024-12-20T03:24:25+00:00","og_image":[{"width":635,"height":749,"url":"https:\/\/accounting-tax.co.th\/wp-content\/uploads\/2021\/06\/Group-25.png","type":"image\/png"}],"twitter_card":"summary_large_image","twitter_misc":{"Dur\u00e9e de lecture estim\u00e9e":"2 minutes"},"schema":{"@context":"https:\/\/schema.org","@graph":[{"@type":"WebPage","@id":"https:\/\/accounting-tax.co.th\/fr\/about-us\/","url":"https:\/\/accounting-tax.co.th\/fr\/about-us\/","name":"About us - CATAccounting","isPartOf":{"@id":"https:\/\/accounting-tax.co.th\/fr\/#website"},"primaryImageOfPage":{"@id":"https:\/\/accounting-tax.co.th\/fr\/about-us\/#primaryimage"},"image":{"@id":"https:\/\/accounting-tax.co.th\/fr\/about-us\/#primaryimage"},"thumbnailUrl":"https:\/\/accounting-tax.co.th\/wp-content\/uploads\/2021\/06\/Group-25.png","datePublished":"2021-06-28T06:19:17+00:00","dateModified":"2024-12-20T03:24:25+00:00","breadcrumb":{"@id":"https:\/\/accounting-tax.co.th\/fr\/about-us\/#breadcrumb"},"inLanguage":"fr-FR","potentialAction":[{"@type":"ReadAction","target":["https:\/\/accounting-tax.co.th\/fr\/about-us\/"]}]},{"@type":"ImageObject","inLanguage":"fr-FR","@id":"https:\/\/accounting-tax.co.th\/fr\/about-us\/#primaryimage","url":"https:\/\/accounting-tax.co.th\/wp-content\/uploads\/2021\/06\/Group-25.png","contentUrl":"https:\/\/accounting-tax.co.th\/wp-content\/uploads\/2021\/06\/Group-25.png"},{"@type":"BreadcrumbList","@id":"https:\/\/accounting-tax.co.th\/fr\/about-us\/#breadcrumb","itemListElement":[{"@type":"ListItem","position":1,"name":"Home","item":"https:\/\/accounting-tax.co.th\/fr\/"},{"@type":"ListItem","position":2,"name":"About us"}]},{"@type":"WebSite","@id":"https:\/\/accounting-tax.co.th\/fr\/#website","url":"https:\/\/accounting-tax.co.th\/fr\/","name":"CATAccounting","description":"","publisher":{"@id":"https:\/\/accounting-tax.co.th\/fr\/#organization"},"potentialAction":[{"@type":"SearchAction","target":{"@type":"EntryPoint","urlTemplate":"https:\/\/accounting-tax.co.th\/fr\/?s={search_term_string}"},"query-input":{"@type":"PropertyValueSpecification","valueRequired":true,"valueName":"search_term_string"}}],"inLanguage":"fr-FR"},{"@type":"Organization","@id":"https:\/\/accounting-tax.co.th\/fr\/#organization","name":"CATAccounting","url":"https:\/\/accounting-tax.co.th\/fr\/","logo":{"@type":"ImageObject","inLanguage":"fr-FR","@id":"https:\/\/accounting-tax.co.th\/fr\/#\/schema\/logo\/image\/","url":"https:\/\/accounting-tax.co.th\/wp-content\/uploads\/2021\/06\/cropped-logo-original-white.png","contentUrl":"https:\/\/accounting-tax.co.th\/wp-content\/uploads\/2021\/06\/cropped-logo-original-white.png","width":361,"height":220,"caption":"CATAccounting"},"image":{"@id":"https:\/\/accounting-tax.co.th\/fr\/#\/schema\/logo\/image\/"}}]}},"_links":{"self":[{"href":"https:\/\/accounting-tax.co.th\/fr\/wp-json\/wp\/v2\/pages\/735","targetHints":{"allow":["GET"]}}],"collection":[{"href":"https:\/\/accounting-tax.co.th\/fr\/wp-json\/wp\/v2\/pages"}],"about":[{"href":"https:\/\/accounting-tax.co.th\/fr\/wp-json\/wp\/v2\/types\/page"}],"author":[{"embeddable":true,"href":"https:\/\/accounting-tax.co.th\/fr\/wp-json\/wp\/v2\/users\/2"}],"replies":[{"embeddable":true,"href":"https:\/\/accounting-tax.co.th\/fr\/wp-json\/wp\/v2\/comments?post=735"}],"version-history":[{"count":19,"href":"https:\/\/accounting-tax.co.th\/fr\/wp-json\/wp\/v2\/pages\/735\/revisions"}],"predecessor-version":[{"id":2087,"href":"https:\/\/accounting-tax.co.th\/fr\/wp-json\/wp\/v2\/pages\/735\/revisions\/2087"}],"wp:attachment":[{"href":"https:\/\/accounting-tax.co.th\/fr\/wp-json\/wp\/v2\/media?parent=735"}],"curies":[{"name":"wp","href":"https:\/\/api.w.org\/{rel}","templated":true}]}}