{"id":930,"date":"2021-06-28T10:24:05","date_gmt":"2021-06-28T10:24:05","guid":{"rendered":"https:\/\/cataccounting.ap5cnyhy-liquidwebsites.com\/accounting-and-tax-services\/"},"modified":"2025-01-03T09:24:33","modified_gmt":"2025-01-03T09:24:33","slug":"accounting-and-tax-services","status":"publish","type":"page","link":"https:\/\/accounting-tax.co.th\/fr\/accounting-and-tax-services\/","title":{"rendered":"Accounting and tax services"},"content":{"rendered":"\t\t<div data-elementor-type=\"wp-page\" data-elementor-id=\"930\" class=\"elementor elementor-930\">\n\t\t\t\t\t\t<section class=\"elementor-section elementor-top-section elementor-element elementor-element-41d0ada elementor-section-boxed elementor-section-height-default elementor-section-height-default\" data-id=\"41d0ada\" data-element_type=\"section\" data-e-type=\"section\" data-settings=\"{&quot;background_background&quot;:&quot;gradient&quot;}\">\n\t\t\t\t\t\t<div class=\"elementor-container elementor-column-gap-default\">\n\t\t\t\t\t<div class=\"elementor-column elementor-col-100 elementor-top-column elementor-element elementor-element-0dc2bf0\" data-id=\"0dc2bf0\" data-element_type=\"column\" data-e-type=\"column\">\n\t\t\t<div class=\"elementor-widget-wrap elementor-element-populated\">\n\t\t\t\t\t\t<div class=\"elementor-element elementor-element-9ec321a elementor-widget elementor-widget-spacer\" data-id=\"9ec321a\" data-element_type=\"widget\" data-e-type=\"widget\" data-widget_type=\"spacer.default\">\n\t\t\t\t<div class=\"elementor-widget-container\">\n\t\t\t\t\t\t\t<div class=\"elementor-spacer\">\n\t\t\t<div class=\"elementor-spacer-inner\"><\/div>\n\t\t<\/div>\n\t\t\t\t\t\t<\/div>\n\t\t\t\t<\/div>\n\t\t\t\t\t<\/div>\n\t\t<\/div>\n\t\t\t\t\t<\/div>\n\t\t<\/section>\n\t\t\t\t<section class=\"elementor-section elementor-top-section elementor-element elementor-element-0a6833e elementor-section-full_width elementor-section-height-default elementor-section-height-default\" data-id=\"0a6833e\" data-element_type=\"section\" data-e-type=\"section\" data-settings=\"{&quot;background_background&quot;:&quot;gradient&quot;}\">\n\t\t\t\t\t\t<div class=\"elementor-container elementor-column-gap-default\">\n\t\t\t\t\t<div class=\"elementor-column elementor-col-33 elementor-top-column elementor-element elementor-element-31665a0\" data-id=\"31665a0\" data-element_type=\"column\" data-e-type=\"column\">\n\t\t\t<div class=\"elementor-widget-wrap elementor-element-populated\">\n\t\t\t\t\t\t<div class=\"elementor-element elementor-element-3ebc22c elementor-widget elementor-widget-image\" data-id=\"3ebc22c\" data-element_type=\"widget\" data-e-type=\"widget\" data-widget_type=\"image.default\">\n\t\t\t\t<div class=\"elementor-widget-container\">\n\t\t\t\t\t\t\t\t\t\t\t\t\t\t\t<img fetchpriority=\"high\" decoding=\"async\" width=\"634\" height=\"723\" src=\"https:\/\/accounting-tax.co.th\/wp-content\/uploads\/2021\/06\/Group-27-1-e1624934523689.png\" class=\"attachment-full size-full wp-image-947\" alt=\"\" srcset=\"https:\/\/accounting-tax.co.th\/wp-content\/uploads\/2021\/06\/Group-27-1-e1624934523689.png 634w, https:\/\/accounting-tax.co.th\/wp-content\/uploads\/2021\/06\/Group-27-1-e1624934523689-263x300.png 263w\" sizes=\"(max-width: 634px) 100vw, 634px\" \/>\t\t\t\t\t\t\t\t\t\t\t\t\t\t\t<\/div>\n\t\t\t\t<\/div>\n\t\t\t\t<div class=\"elementor-element elementor-element-363cad1 head-box-acc-service elementor-widget elementor-widget-heading\" data-id=\"363cad1\" data-element_type=\"widget\" data-e-type=\"widget\" data-widget_type=\"heading.default\">\n\t\t\t\t<div class=\"elementor-widget-container\">\n\t\t\t\t\t<h1 class=\"elementor-heading-title elementor-size-default\">Services comptables <br>et fiscaux<\/h1>\t\t\t\t<\/div>\n\t\t\t\t<\/div>\n\t\t\t\t\t<\/div>\n\t\t<\/div>\n\t\t\t\t<div class=\"elementor-column elementor-col-33 elementor-top-column elementor-element elementor-element-713dd49 box-acc-service\" data-id=\"713dd49\" data-element_type=\"column\" data-e-type=\"column\">\n\t\t\t<div class=\"elementor-widget-wrap elementor-element-populated\">\n\t\t\t\t\t\t<div class=\"elementor-element elementor-element-e7c394a elementor-widget elementor-widget-text-editor\" data-id=\"e7c394a\" data-element_type=\"widget\" data-e-type=\"widget\" data-widget_type=\"text-editor.default\">\n\t\t\t\t<div class=\"elementor-widget-container\">\n\t\t\t\t\t\t\t\t\t<h2 style=\"font-weight: bold;\">Services Comptables Et Fiscaux<\/h2>\n<h3>Nos comptables exp\u00e9riment\u00e9s combinent la connaissance de votre entreprise avec une expertise technique pour s\u2019assurer que toutes les obligations l\u00e9gales sont remplies. Nous offrons un service rapide, efficace et commercial qui se concentre sur l\u2019adaptation de nos services pour r\u00e9pondre aux besoins sp\u00e9cifiques de votre entreprise, qui incluent, mais ne se limitent pas \u00e0:<\/h3>\n<h3>\u2013 R\u00e9conciliation des comptes bancaires de la soci\u00e9t\u00e9.<br>\n\u2013 Pr\u00e9paration de comptes rendus des Profits et Pertes et du Bilan.<br>\n\u2013 Enregistrement et paiement mensuel de la TVA et autres taxes.<br>\n\u2013 Ecritures comptables et \u00e9tablissement des comptes de gestion.<\/h3>\n<h3>Nous offrons une gamme de services, y compris la g\u00e9n\u00e9ration de factures, paiements aux fournisseurs, gestion des d\u00e9penses, gestion des registres financiers et la cr\u00e9ation de Reports financiers et la pr\u00e9paration et la pr\u00e9sentation des comptes annuels et de la pr\u00e9paration du rapport du directeur<\/h3>\n<h3>Pr\u00e9paration et d\u00e9p\u00f4t des comptes statutaires<\/h3>\n<h3>Chaque soci\u00e9t\u00e9 tha\u00eflandaise est tenue par la loi de maintenir livres comptables afin que toutes les transactions financi\u00e8res effectu\u00e9es par la soci\u00e9t\u00e9 puissent \u00eatre identifi\u00e9s, si l\u2019entreprise soit active ou non. Notre \u00e9quipe exp\u00e9riment\u00e9e peut g\u00e9rer les obligations statutaires plus complexes, y compris la pr\u00e9paration de compte et le d\u00e9p\u00f4t de l\u2019imp\u00f4t sur les soci\u00e9t\u00e9s.<\/h3>\n<h3>Nomination d\u2019un v\u00e9rificateur tha\u00eflandais<\/h3>\n<h3>En collaboration avec nos partenaires, nous pouvons offrir un service d\u2019audit adapt\u00e9 \u00e0 la taille de votre entreprise.<\/h3>\t\t\t\t\t\t\t\t<\/div>\n\t\t\t\t<\/div>\n\t\t\t\t\t<\/div>\n\t\t<\/div>\n\t\t\t\t<div class=\"elementor-column elementor-col-33 elementor-top-column elementor-element elementor-element-d067e72 box-about-us\" data-id=\"d067e72\" data-element_type=\"column\" data-e-type=\"column\">\n\t\t\t<div class=\"elementor-widget-wrap\">\n\t\t\t\t\t\t\t<\/div>\n\t\t<\/div>\n\t\t\t\t\t<\/div>\n\t\t<\/section>\n\t\t\t\t<section class=\"elementor-section elementor-top-section elementor-element elementor-element-8d5fb75 elementor-section-boxed elementor-section-height-default elementor-section-height-default\" data-id=\"8d5fb75\" data-element_type=\"section\" data-e-type=\"section\" data-settings=\"{&quot;background_background&quot;:&quot;gradient&quot;}\">\n\t\t\t\t\t\t<div class=\"elementor-container elementor-column-gap-default\">\n\t\t\t\t\t<div class=\"elementor-column elementor-col-100 elementor-top-column elementor-element elementor-element-17b2e13\" data-id=\"17b2e13\" data-element_type=\"column\" data-e-type=\"column\">\n\t\t\t<div class=\"elementor-widget-wrap elementor-element-populated\">\n\t\t\t\t\t\t<div class=\"elementor-element elementor-element-5c36595 elementor-widget elementor-widget-spacer\" data-id=\"5c36595\" data-element_type=\"widget\" data-e-type=\"widget\" data-widget_type=\"spacer.default\">\n\t\t\t\t<div class=\"elementor-widget-container\">\n\t\t\t\t\t\t\t<div class=\"elementor-spacer\">\n\t\t\t<div class=\"elementor-spacer-inner\"><\/div>\n\t\t<\/div>\n\t\t\t\t\t\t<\/div>\n\t\t\t\t<\/div>\n\t\t\t\t\t<\/div>\n\t\t<\/div>\n\t\t\t\t\t<\/div>\n\t\t<\/section>\n\t\t\t\t<\/div>\n\t\t","protected":false},"excerpt":{"rendered":"<p>Services comptables et fiscaux Services Comptables Et Fiscaux Nos comptables exp\u00e9riment\u00e9s combinent la connaissance de votre entreprise avec une expertise technique pour s\u2019assurer que toutes les obligations l\u00e9gales sont remplies. Nous offrons un service rapide, efficace et commercial qui se concentre sur l\u2019adaptation de nos services pour r\u00e9pondre aux besoins sp\u00e9cifiques de votre entreprise, qui incluent, mais ne se limitent pas \u00e0: \u2013 R\u00e9conciliation des comptes bancaires de la soci\u00e9t\u00e9. \u2013 Pr\u00e9paration de comptes rendus des Profits et Pertes et du Bilan. \u2013 Enregistrement et paiement mensuel de la TVA et autres taxes. \u2013 Ecritures comptables et \u00e9tablissement des comptes de gestion. Nous offrons une gamme de services, y compris la g\u00e9n\u00e9ration de factures, paiements aux fournisseurs, gestion des d\u00e9penses, gestion des registres financiers et la cr\u00e9ation de Reports financiers et la pr\u00e9paration et la pr\u00e9sentation des comptes annuels et de la pr\u00e9paration du rapport du directeur Pr\u00e9paration et d\u00e9p\u00f4t&hellip;<\/p>\n<p> <a class=\"more-link\" href=\"https:\/\/accounting-tax.co.th\/fr\/accounting-and-tax-services\/\">Read more<\/a><\/p>\n","protected":false},"author":2,"featured_media":0,"parent":0,"menu_order":0,"comment_status":"closed","ping_status":"closed","template":"elementor_header_footer","meta":{"footnotes":""},"class_list":["post-930","page","type-page","status-publish"],"yoast_head":"<!-- This site is optimized with the Yoast SEO plugin v27.3 - https:\/\/yoast.com\/product\/yoast-seo-wordpress\/ -->\n<title>Accounting and tax services - CATAccounting<\/title>\n<meta name=\"robots\" content=\"index, follow, max-snippet:-1, max-image-preview:large, max-video-preview:-1\" \/>\n<link rel=\"canonical\" href=\"https:\/\/accounting-tax.co.th\/fr\/accounting-and-tax-services\/\" \/>\n<meta property=\"og:locale\" content=\"fr_FR\" \/>\n<meta property=\"og:type\" content=\"article\" \/>\n<meta property=\"og:title\" content=\"Accounting and tax services - CATAccounting\" \/>\n<meta property=\"og:description\" content=\"Services comptables et fiscaux Services Comptables Et Fiscaux Nos comptables exp\u00e9riment\u00e9s combinent la connaissance de votre entreprise avec une expertise technique pour s\u2019assurer que toutes les obligations l\u00e9gales sont remplies. Nous offrons un service rapide, efficace et commercial qui se concentre sur l\u2019adaptation de nos services pour r\u00e9pondre aux besoins sp\u00e9cifiques de votre entreprise, qui incluent, mais ne se limitent pas \u00e0: \u2013 R\u00e9conciliation des comptes bancaires de la soci\u00e9t\u00e9. \u2013 Pr\u00e9paration de comptes rendus des Profits et Pertes et du Bilan. \u2013 Enregistrement et paiement mensuel de la TVA et autres taxes. \u2013 Ecritures comptables et \u00e9tablissement des comptes de gestion. Nous offrons une gamme de services, y compris la g\u00e9n\u00e9ration de factures, paiements aux fournisseurs, gestion des d\u00e9penses, gestion des registres financiers et la cr\u00e9ation de Reports financiers et la pr\u00e9paration et la pr\u00e9sentation des comptes annuels et de la pr\u00e9paration du rapport du directeur Pr\u00e9paration et d\u00e9p\u00f4t&hellip;  Read more\" \/>\n<meta property=\"og:url\" content=\"https:\/\/accounting-tax.co.th\/fr\/accounting-and-tax-services\/\" \/>\n<meta property=\"og:site_name\" content=\"CATAccounting\" \/>\n<meta property=\"article:modified_time\" content=\"2025-01-03T09:24:33+00:00\" \/>\n<meta property=\"og:image\" content=\"https:\/\/accounting-tax.co.th\/wp-content\/uploads\/2021\/06\/Group-27-1-e1624934523689.png\" \/>\n\t<meta property=\"og:image:width\" content=\"634\" \/>\n\t<meta property=\"og:image:height\" content=\"723\" \/>\n\t<meta property=\"og:image:type\" content=\"image\/png\" \/>\n<meta name=\"twitter:card\" content=\"summary_large_image\" \/>\n<meta name=\"twitter:label1\" content=\"Dur\u00e9e de lecture estim\u00e9e\" \/>\n\t<meta name=\"twitter:data1\" content=\"2 minutes\" \/>\n<script type=\"application\/ld+json\" class=\"yoast-schema-graph\">{\"@context\":\"https:\\\/\\\/schema.org\",\"@graph\":[{\"@type\":\"WebPage\",\"@id\":\"https:\\\/\\\/accounting-tax.co.th\\\/fr\\\/accounting-and-tax-services\\\/\",\"url\":\"https:\\\/\\\/accounting-tax.co.th\\\/fr\\\/accounting-and-tax-services\\\/\",\"name\":\"Accounting and tax services - CATAccounting\",\"isPartOf\":{\"@id\":\"https:\\\/\\\/accounting-tax.co.th\\\/fr\\\/#website\"},\"primaryImageOfPage\":{\"@id\":\"https:\\\/\\\/accounting-tax.co.th\\\/fr\\\/accounting-and-tax-services\\\/#primaryimage\"},\"image\":{\"@id\":\"https:\\\/\\\/accounting-tax.co.th\\\/fr\\\/accounting-and-tax-services\\\/#primaryimage\"},\"thumbnailUrl\":\"https:\\\/\\\/accounting-tax.co.th\\\/wp-content\\\/uploads\\\/2021\\\/06\\\/Group-27-1-e1624934523689.png\",\"datePublished\":\"2021-06-28T10:24:05+00:00\",\"dateModified\":\"2025-01-03T09:24:33+00:00\",\"breadcrumb\":{\"@id\":\"https:\\\/\\\/accounting-tax.co.th\\\/fr\\\/accounting-and-tax-services\\\/#breadcrumb\"},\"inLanguage\":\"fr-FR\",\"potentialAction\":[{\"@type\":\"ReadAction\",\"target\":[\"https:\\\/\\\/accounting-tax.co.th\\\/fr\\\/accounting-and-tax-services\\\/\"]}]},{\"@type\":\"ImageObject\",\"inLanguage\":\"fr-FR\",\"@id\":\"https:\\\/\\\/accounting-tax.co.th\\\/fr\\\/accounting-and-tax-services\\\/#primaryimage\",\"url\":\"https:\\\/\\\/accounting-tax.co.th\\\/wp-content\\\/uploads\\\/2021\\\/06\\\/Group-27-1-e1624934523689.png\",\"contentUrl\":\"https:\\\/\\\/accounting-tax.co.th\\\/wp-content\\\/uploads\\\/2021\\\/06\\\/Group-27-1-e1624934523689.png\"},{\"@type\":\"BreadcrumbList\",\"@id\":\"https:\\\/\\\/accounting-tax.co.th\\\/fr\\\/accounting-and-tax-services\\\/#breadcrumb\",\"itemListElement\":[{\"@type\":\"ListItem\",\"position\":1,\"name\":\"Home\",\"item\":\"https:\\\/\\\/accounting-tax.co.th\\\/fr\\\/\"},{\"@type\":\"ListItem\",\"position\":2,\"name\":\"Accounting and tax services\"}]},{\"@type\":\"WebSite\",\"@id\":\"https:\\\/\\\/accounting-tax.co.th\\\/fr\\\/#website\",\"url\":\"https:\\\/\\\/accounting-tax.co.th\\\/fr\\\/\",\"name\":\"CATAccounting\",\"description\":\"\",\"publisher\":{\"@id\":\"https:\\\/\\\/accounting-tax.co.th\\\/fr\\\/#organization\"},\"potentialAction\":[{\"@type\":\"SearchAction\",\"target\":{\"@type\":\"EntryPoint\",\"urlTemplate\":\"https:\\\/\\\/accounting-tax.co.th\\\/fr\\\/?s={search_term_string}\"},\"query-input\":{\"@type\":\"PropertyValueSpecification\",\"valueRequired\":true,\"valueName\":\"search_term_string\"}}],\"inLanguage\":\"fr-FR\"},{\"@type\":\"Organization\",\"@id\":\"https:\\\/\\\/accounting-tax.co.th\\\/fr\\\/#organization\",\"name\":\"CATAccounting\",\"url\":\"https:\\\/\\\/accounting-tax.co.th\\\/fr\\\/\",\"logo\":{\"@type\":\"ImageObject\",\"inLanguage\":\"fr-FR\",\"@id\":\"https:\\\/\\\/accounting-tax.co.th\\\/fr\\\/#\\\/schema\\\/logo\\\/image\\\/\",\"url\":\"https:\\\/\\\/accounting-tax.co.th\\\/wp-content\\\/uploads\\\/2021\\\/06\\\/cropped-logo-original-white.png\",\"contentUrl\":\"https:\\\/\\\/accounting-tax.co.th\\\/wp-content\\\/uploads\\\/2021\\\/06\\\/cropped-logo-original-white.png\",\"width\":361,\"height\":220,\"caption\":\"CATAccounting\"},\"image\":{\"@id\":\"https:\\\/\\\/accounting-tax.co.th\\\/fr\\\/#\\\/schema\\\/logo\\\/image\\\/\"}}]}<\/script>\n<!-- \/ Yoast SEO plugin. -->","yoast_head_json":{"title":"Accounting and tax services - CATAccounting","robots":{"index":"index","follow":"follow","max-snippet":"max-snippet:-1","max-image-preview":"max-image-preview:large","max-video-preview":"max-video-preview:-1"},"canonical":"https:\/\/accounting-tax.co.th\/fr\/accounting-and-tax-services\/","og_locale":"fr_FR","og_type":"article","og_title":"Accounting and tax services - CATAccounting","og_description":"Services comptables et fiscaux Services Comptables Et Fiscaux Nos comptables exp\u00e9riment\u00e9s combinent la connaissance de votre entreprise avec une expertise technique pour s\u2019assurer que toutes les obligations l\u00e9gales sont remplies. Nous offrons un service rapide, efficace et commercial qui se concentre sur l\u2019adaptation de nos services pour r\u00e9pondre aux besoins sp\u00e9cifiques de votre entreprise, qui incluent, mais ne se limitent pas \u00e0: \u2013 R\u00e9conciliation des comptes bancaires de la soci\u00e9t\u00e9. \u2013 Pr\u00e9paration de comptes rendus des Profits et Pertes et du Bilan. \u2013 Enregistrement et paiement mensuel de la TVA et autres taxes. \u2013 Ecritures comptables et \u00e9tablissement des comptes de gestion. Nous offrons une gamme de services, y compris la g\u00e9n\u00e9ration de factures, paiements aux fournisseurs, gestion des d\u00e9penses, gestion des registres financiers et la cr\u00e9ation de Reports financiers et la pr\u00e9paration et la pr\u00e9sentation des comptes annuels et de la pr\u00e9paration du rapport du directeur Pr\u00e9paration et d\u00e9p\u00f4t&hellip;  Read more","og_url":"https:\/\/accounting-tax.co.th\/fr\/accounting-and-tax-services\/","og_site_name":"CATAccounting","article_modified_time":"2025-01-03T09:24:33+00:00","og_image":[{"width":634,"height":723,"url":"https:\/\/accounting-tax.co.th\/wp-content\/uploads\/2021\/06\/Group-27-1-e1624934523689.png","type":"image\/png"}],"twitter_card":"summary_large_image","twitter_misc":{"Dur\u00e9e de lecture estim\u00e9e":"2 minutes"},"schema":{"@context":"https:\/\/schema.org","@graph":[{"@type":"WebPage","@id":"https:\/\/accounting-tax.co.th\/fr\/accounting-and-tax-services\/","url":"https:\/\/accounting-tax.co.th\/fr\/accounting-and-tax-services\/","name":"Accounting and tax services - CATAccounting","isPartOf":{"@id":"https:\/\/accounting-tax.co.th\/fr\/#website"},"primaryImageOfPage":{"@id":"https:\/\/accounting-tax.co.th\/fr\/accounting-and-tax-services\/#primaryimage"},"image":{"@id":"https:\/\/accounting-tax.co.th\/fr\/accounting-and-tax-services\/#primaryimage"},"thumbnailUrl":"https:\/\/accounting-tax.co.th\/wp-content\/uploads\/2021\/06\/Group-27-1-e1624934523689.png","datePublished":"2021-06-28T10:24:05+00:00","dateModified":"2025-01-03T09:24:33+00:00","breadcrumb":{"@id":"https:\/\/accounting-tax.co.th\/fr\/accounting-and-tax-services\/#breadcrumb"},"inLanguage":"fr-FR","potentialAction":[{"@type":"ReadAction","target":["https:\/\/accounting-tax.co.th\/fr\/accounting-and-tax-services\/"]}]},{"@type":"ImageObject","inLanguage":"fr-FR","@id":"https:\/\/accounting-tax.co.th\/fr\/accounting-and-tax-services\/#primaryimage","url":"https:\/\/accounting-tax.co.th\/wp-content\/uploads\/2021\/06\/Group-27-1-e1624934523689.png","contentUrl":"https:\/\/accounting-tax.co.th\/wp-content\/uploads\/2021\/06\/Group-27-1-e1624934523689.png"},{"@type":"BreadcrumbList","@id":"https:\/\/accounting-tax.co.th\/fr\/accounting-and-tax-services\/#breadcrumb","itemListElement":[{"@type":"ListItem","position":1,"name":"Home","item":"https:\/\/accounting-tax.co.th\/fr\/"},{"@type":"ListItem","position":2,"name":"Accounting and tax services"}]},{"@type":"WebSite","@id":"https:\/\/accounting-tax.co.th\/fr\/#website","url":"https:\/\/accounting-tax.co.th\/fr\/","name":"CATAccounting","description":"","publisher":{"@id":"https:\/\/accounting-tax.co.th\/fr\/#organization"},"potentialAction":[{"@type":"SearchAction","target":{"@type":"EntryPoint","urlTemplate":"https:\/\/accounting-tax.co.th\/fr\/?s={search_term_string}"},"query-input":{"@type":"PropertyValueSpecification","valueRequired":true,"valueName":"search_term_string"}}],"inLanguage":"fr-FR"},{"@type":"Organization","@id":"https:\/\/accounting-tax.co.th\/fr\/#organization","name":"CATAccounting","url":"https:\/\/accounting-tax.co.th\/fr\/","logo":{"@type":"ImageObject","inLanguage":"fr-FR","@id":"https:\/\/accounting-tax.co.th\/fr\/#\/schema\/logo\/image\/","url":"https:\/\/accounting-tax.co.th\/wp-content\/uploads\/2021\/06\/cropped-logo-original-white.png","contentUrl":"https:\/\/accounting-tax.co.th\/wp-content\/uploads\/2021\/06\/cropped-logo-original-white.png","width":361,"height":220,"caption":"CATAccounting"},"image":{"@id":"https:\/\/accounting-tax.co.th\/fr\/#\/schema\/logo\/image\/"}}]}},"_links":{"self":[{"href":"https:\/\/accounting-tax.co.th\/fr\/wp-json\/wp\/v2\/pages\/930","targetHints":{"allow":["GET"]}}],"collection":[{"href":"https:\/\/accounting-tax.co.th\/fr\/wp-json\/wp\/v2\/pages"}],"about":[{"href":"https:\/\/accounting-tax.co.th\/fr\/wp-json\/wp\/v2\/types\/page"}],"author":[{"embeddable":true,"href":"https:\/\/accounting-tax.co.th\/fr\/wp-json\/wp\/v2\/users\/2"}],"replies":[{"embeddable":true,"href":"https:\/\/accounting-tax.co.th\/fr\/wp-json\/wp\/v2\/comments?post=930"}],"version-history":[{"count":26,"href":"https:\/\/accounting-tax.co.th\/fr\/wp-json\/wp\/v2\/pages\/930\/revisions"}],"predecessor-version":[{"id":2186,"href":"https:\/\/accounting-tax.co.th\/fr\/wp-json\/wp\/v2\/pages\/930\/revisions\/2186"}],"wp:attachment":[{"href":"https:\/\/accounting-tax.co.th\/fr\/wp-json\/wp\/v2\/media?parent=930"}],"curies":[{"name":"wp","href":"https:\/\/api.w.org\/{rel}","templated":true}]}}