{"id":1034,"date":"2021-06-29T05:01:51","date_gmt":"2021-06-29T05:01:51","guid":{"rendered":"https:\/\/cataccounting.ap5cnyhy-liquidwebsites.com\/tax-planning-audits-and-refunds\/"},"modified":"2025-01-07T09:04:27","modified_gmt":"2025-01-07T09:04:27","slug":"tax-planning-audits-and-refunds","status":"publish","type":"page","link":"https:\/\/accounting-tax.co.th\/it\/tax-planning-audits-and-refunds\/","title":{"rendered":"Tax Planning , Audits and Refunds"},"content":{"rendered":"\t\t<div data-elementor-type=\"wp-page\" data-elementor-id=\"1034\" class=\"elementor elementor-1034\">\n\t\t\t\t\t\t<section class=\"elementor-section elementor-top-section elementor-element elementor-element-41d0ada elementor-section-boxed elementor-section-height-default elementor-section-height-default\" data-id=\"41d0ada\" data-element_type=\"section\" data-e-type=\"section\" data-settings=\"{&quot;background_background&quot;:&quot;gradient&quot;}\">\n\t\t\t\t\t\t<div class=\"elementor-container elementor-column-gap-default\">\n\t\t\t\t\t<div class=\"elementor-column elementor-col-100 elementor-top-column elementor-element elementor-element-0dc2bf0\" data-id=\"0dc2bf0\" data-element_type=\"column\" data-e-type=\"column\">\n\t\t\t<div class=\"elementor-widget-wrap elementor-element-populated\">\n\t\t\t\t\t\t<div class=\"elementor-element elementor-element-9ec321a elementor-widget elementor-widget-spacer\" data-id=\"9ec321a\" data-element_type=\"widget\" data-e-type=\"widget\" data-widget_type=\"spacer.default\">\n\t\t\t\t<div class=\"elementor-widget-container\">\n\t\t\t\t\t\t\t<div class=\"elementor-spacer\">\n\t\t\t<div class=\"elementor-spacer-inner\"><\/div>\n\t\t<\/div>\n\t\t\t\t\t\t<\/div>\n\t\t\t\t<\/div>\n\t\t\t\t\t<\/div>\n\t\t<\/div>\n\t\t\t\t\t<\/div>\n\t\t<\/section>\n\t\t\t\t<section class=\"elementor-section elementor-top-section elementor-element elementor-element-0a6833e elementor-section-full_width elementor-section-height-default elementor-section-height-default\" data-id=\"0a6833e\" data-element_type=\"section\" data-e-type=\"section\" data-settings=\"{&quot;background_background&quot;:&quot;gradient&quot;}\">\n\t\t\t\t\t\t<div class=\"elementor-container elementor-column-gap-default\">\n\t\t\t\t\t<div class=\"elementor-column elementor-col-33 elementor-top-column elementor-element elementor-element-31665a0\" data-id=\"31665a0\" data-element_type=\"column\" data-e-type=\"column\">\n\t\t\t<div class=\"elementor-widget-wrap elementor-element-populated\">\n\t\t\t\t\t\t<div class=\"elementor-element elementor-element-3ebc22c elementor-widget elementor-widget-image\" data-id=\"3ebc22c\" data-element_type=\"widget\" data-e-type=\"widget\" data-widget_type=\"image.default\">\n\t\t\t\t<div class=\"elementor-widget-container\">\n\t\t\t\t\t\t\t\t\t\t\t\t\t\t\t<img fetchpriority=\"high\" decoding=\"async\" width=\"634\" height=\"723\" src=\"https:\/\/accounting-tax.co.th\/wp-content\/uploads\/2021\/06\/Group-27-1-e1624934523689.png\" class=\"attachment-full size-full wp-image-956\" alt=\"\" srcset=\"https:\/\/accounting-tax.co.th\/wp-content\/uploads\/2021\/06\/Group-27-1-e1624934523689.png 634w, https:\/\/accounting-tax.co.th\/wp-content\/uploads\/2021\/06\/Group-27-1-e1624934523689-263x300.png 263w\" sizes=\"(max-width: 634px) 100vw, 634px\" \/>\t\t\t\t\t\t\t\t\t\t\t\t\t\t\t<\/div>\n\t\t\t\t<\/div>\n\t\t\t\t<div class=\"elementor-element elementor-element-363cad1 head-box-tax-plan-service elementor-widget elementor-widget-heading\" data-id=\"363cad1\" data-element_type=\"widget\" data-e-type=\"widget\" data-widget_type=\"heading.default\">\n\t\t\t\t<div class=\"elementor-widget-container\">\n\t\t\t\t\t<h1 class=\"elementor-heading-title elementor-size-default\">Pianificazione tasse, audit e rimborsi<\/h1>\t\t\t\t<\/div>\n\t\t\t\t<\/div>\n\t\t\t\t\t<\/div>\n\t\t<\/div>\n\t\t\t\t<div class=\"elementor-column elementor-col-33 elementor-top-column elementor-element elementor-element-713dd49 box-tax-plan-service box-tax-plan-service-it\" data-id=\"713dd49\" data-element_type=\"column\" data-e-type=\"column\">\n\t\t\t<div class=\"elementor-widget-wrap elementor-element-populated\">\n\t\t\t\t\t\t<div class=\"elementor-element elementor-element-e7c394a elementor-widget elementor-widget-text-editor\" data-id=\"e7c394a\" data-element_type=\"widget\" data-e-type=\"widget\" data-widget_type=\"text-editor.default\">\n\t\t\t\t<div class=\"elementor-widget-container\">\n\t\t\t\t\t\t\t\t\t<h2>Pianificazione tasse, audit e rimborsi.<\/h2><h3>A nessuno piace pagare le tasse e, soprattutto, a nessuno piace pagare pi\u00f9 di quanto \u00e8 dovuto ai sensi della legge. Cos\u00ec, pur accettando l\u2019inevitabilit\u00e0 di pagare le tasse \u00e8 saggio considerare i vantaggi derivanti da un servizio di consulenza strategico di pianificazione fiscale.<\/h3><h2><span style=\"color: #707070;\">Considerazioni di pianificazione fiscale.<\/span><\/h2><h3><span style=\"color: #707070;\">La pianificazione fiscale consiste principalmente nello strutturare le attivit\u00e0 dell\u2019azienda o le finanze personali e le strategie di investimento per fare il miglior uso possibile della legislazione corrente in Thailandia, al fine di ridurre le vostre adempienze fiscali.<\/span><\/h3><h3><span style=\"color: #707070;\">La pianificazione fiscale copre le responsabilit\u00e0 potenziali per le tasse in molti campi, come:<\/span><\/h3><h3><span style=\"color: #707070;\">Imposta sul reddito<\/span><br \/><span style=\"color: #707070;\">Imposta di successione<\/span><br \/><span style=\"color: #707070;\">Imposte sulle societ\u00e0<\/span><br \/><span style=\"color: #707070;\">Tasse di propriet\u00e0<\/span><br \/><span style=\"color: #707070;\">Imposta sul valore aggiunto (IVA)<\/span><br \/><span style=\"color: #707070;\">Accise e dazi Doganali<\/span><br \/><span style=\"color: #707070;\">Imposte sulle propriet\u00e0 e altre attivit\u00e0<\/span><\/h3><h3><span style=\"color: #707070;\">La maniera in cui si strutturano le propriet\u00e0 ed il controllo delle vostre propriet\u00e0 e di altri beni, pu\u00f2 avere un effetto drammatico sulle vostre obbligazioni fiscali. L\u2019utilizzo di strutture aziendali offshore e altre strategie pi\u00f9 complesse pu\u00f2 essere necessario, ma ci\u00f2 pu\u00f2 essere considerato solo dopo aver valutato tutti i fatti riguardanti le circostanze personali uniche di ogni cliente.<\/span><\/h3><h3><span style=\"color: #707070;\">Quindi il primo passo, come sempre, e\u2019 di fare una chiacchierata davanti ad una tazza del nostro delizioso caff\u00e8 e di vedere assieme che cosa fare perch\u00e9\u2019 un po\u2019 meno dei vostri sudati profitti possano cadere nelle mani del dipartimento delle entrate!<\/span><br \/><span style=\"color: #707070;\">Per ulteriori informazioni su come possiamo aiutarvi con i vostri requisiti di pianificazione fiscale scriveteci a thananan@accounting-tax.co.th o chiamate per organizzare una consulenza gratuita senza impegno.<\/span><\/h3><h2>Audit<\/h2><h3>Le Societ\u00e0 indipendenti di audit sono talvolta gli strumenti necessari per la gestione degli amministratori delegati della societ\u00e0 madre per valutare in forma completa loro prestazioni attuali e le previsioni future.<\/h3><h3>Quando questo diventa necessario facciamo affidamento su alcuni revisori indipendenti concordati, di effettuare tali valutazioni in conformit\u00e0 al codice di condotta della Procedura fiscale thailandese.<\/h3><h2>Procedure di recensione e rimborso delle tasse<\/h2><h3>Un altro aspetto importante del rapporto tra le aziende e il dipartimento delle entrate \u00e8 l\u2019idea generalmente accettata che \u00e8 molto difficile ottenere i rimborsi del vostro debito fiscale, senza dover passare attraverso alcune scrupolose verifiche ed indagini che possono comportare l\u2019applicazione di sanzioni. A questo fine un servizio molto importante che la nostra azienda pu\u00f2 fornire, \u00e8 di assumere il compito di avviare e completare le procedure di rimborso di tutti i tipi di tasse con il dipartimento delle entrate.<\/h3><h3>Il servizio consiste nella revisione di tutti i vostri documenti contabili per verificare il rispetto delle normative fiscali, che dar\u00e0 diritto ad un rimborso di tasse di qualsiasi tipo, sia esso personale oppure un\u2019imposta sul reddito, un\u2019imposta sul valore aggiunto, tasse su affari specifici, ecc., quindi presentare e seguire l\u2019iter della domanda, comprese le riunioni ed i negoziati con i funzionari del dipartimento delle entrate, fino a quando il rimborso \u00e8 concesso, per un compenso che normalmente \u00e8 una percentuale della somma recuperata.<\/h3>\t\t\t\t\t\t\t\t<\/div>\n\t\t\t\t<\/div>\n\t\t\t\t\t<\/div>\n\t\t<\/div>\n\t\t\t\t<div class=\"elementor-column elementor-col-33 elementor-top-column elementor-element elementor-element-d067e72 box-about-us\" data-id=\"d067e72\" data-element_type=\"column\" data-e-type=\"column\">\n\t\t\t<div class=\"elementor-widget-wrap\">\n\t\t\t\t\t\t\t<\/div>\n\t\t<\/div>\n\t\t\t\t\t<\/div>\n\t\t<\/section>\n\t\t\t\t<section class=\"elementor-section elementor-top-section elementor-element elementor-element-8d5fb75 elementor-section-boxed elementor-section-height-default elementor-section-height-default\" data-id=\"8d5fb75\" data-element_type=\"section\" data-e-type=\"section\" data-settings=\"{&quot;background_background&quot;:&quot;gradient&quot;}\">\n\t\t\t\t\t\t<div class=\"elementor-container elementor-column-gap-default\">\n\t\t\t\t\t<div class=\"elementor-column elementor-col-100 elementor-top-column elementor-element elementor-element-17b2e13\" data-id=\"17b2e13\" data-element_type=\"column\" data-e-type=\"column\">\n\t\t\t<div class=\"elementor-widget-wrap elementor-element-populated\">\n\t\t\t\t\t\t<div class=\"elementor-element elementor-element-5c36595 elementor-widget elementor-widget-spacer\" data-id=\"5c36595\" data-element_type=\"widget\" data-e-type=\"widget\" data-widget_type=\"spacer.default\">\n\t\t\t\t<div class=\"elementor-widget-container\">\n\t\t\t\t\t\t\t<div class=\"elementor-spacer\">\n\t\t\t<div class=\"elementor-spacer-inner\"><\/div>\n\t\t<\/div>\n\t\t\t\t\t\t<\/div>\n\t\t\t\t<\/div>\n\t\t\t\t\t<\/div>\n\t\t<\/div>\n\t\t\t\t\t<\/div>\n\t\t<\/section>\n\t\t\t\t<\/div>\n\t\t","protected":false},"excerpt":{"rendered":"<p>Pianificazione tasse, audit e rimborsi Pianificazione tasse, audit e rimborsi. A nessuno piace pagare le tasse e, soprattutto, a nessuno piace pagare pi\u00f9 di quanto \u00e8 dovuto ai sensi della legge. Cos\u00ec, pur accettando l\u2019inevitabilit\u00e0 di pagare le tasse \u00e8 saggio considerare i vantaggi derivanti da un servizio di consulenza strategico di pianificazione fiscale. Considerazioni di pianificazione fiscale. La pianificazione fiscale consiste principalmente nello strutturare le attivit\u00e0 dell\u2019azienda o le finanze personali e le strategie di investimento per fare il miglior uso possibile della legislazione corrente in Thailandia, al fine di ridurre le vostre adempienze fiscali. La pianificazione fiscale copre le responsabilit\u00e0 potenziali per le tasse in molti campi, come: Imposta sul redditoImposta di successioneImposte sulle societ\u00e0Tasse di propriet\u00e0Imposta sul valore aggiunto (IVA)Accise e dazi DoganaliImposte sulle propriet\u00e0 e altre attivit\u00e0 La maniera in cui si strutturano le propriet\u00e0 ed il controllo delle vostre propriet\u00e0 e di altri beni, pu\u00f2&hellip;<\/p>\n<p> <a class=\"more-link\" href=\"https:\/\/accounting-tax.co.th\/it\/tax-planning-audits-and-refunds\/\">Read more<\/a><\/p>\n","protected":false},"author":2,"featured_media":0,"parent":0,"menu_order":0,"comment_status":"closed","ping_status":"closed","template":"elementor_header_footer","meta":{"footnotes":""},"class_list":["post-1034","page","type-page","status-publish"],"yoast_head":"<!-- This site is optimized with the Yoast SEO plugin v27.3 - https:\/\/yoast.com\/product\/yoast-seo-wordpress\/ -->\n<title>Tax Planning , Audits and Refunds - CATAccounting<\/title>\n<meta name=\"robots\" content=\"index, follow, max-snippet:-1, max-image-preview:large, max-video-preview:-1\" \/>\n<link rel=\"canonical\" href=\"https:\/\/accounting-tax.co.th\/it\/tax-planning-audits-and-refunds\/\" \/>\n<meta property=\"og:locale\" content=\"it_IT\" \/>\n<meta property=\"og:type\" content=\"article\" \/>\n<meta property=\"og:title\" content=\"Tax Planning , Audits and Refunds - CATAccounting\" \/>\n<meta property=\"og:description\" content=\"Pianificazione tasse, audit e rimborsi Pianificazione tasse, audit e rimborsi. A nessuno piace pagare le tasse e, soprattutto, a nessuno piace pagare pi\u00f9 di quanto \u00e8 dovuto ai sensi della legge. Cos\u00ec, pur accettando l\u2019inevitabilit\u00e0 di pagare le tasse \u00e8 saggio considerare i vantaggi derivanti da un servizio di consulenza strategico di pianificazione fiscale. Considerazioni di pianificazione fiscale. La pianificazione fiscale consiste principalmente nello strutturare le attivit\u00e0 dell\u2019azienda o le finanze personali e le strategie di investimento per fare il miglior uso possibile della legislazione corrente in Thailandia, al fine di ridurre le vostre adempienze fiscali. La pianificazione fiscale copre le responsabilit\u00e0 potenziali per le tasse in molti campi, come: Imposta sul redditoImposta di successioneImposte sulle societ\u00e0Tasse di propriet\u00e0Imposta sul valore aggiunto (IVA)Accise e dazi DoganaliImposte sulle propriet\u00e0 e altre attivit\u00e0 La maniera in cui si strutturano le propriet\u00e0 ed il controllo delle vostre propriet\u00e0 e di altri beni, pu\u00f2&hellip;  Read more\" \/>\n<meta property=\"og:url\" content=\"https:\/\/accounting-tax.co.th\/it\/tax-planning-audits-and-refunds\/\" \/>\n<meta property=\"og:site_name\" content=\"CATAccounting\" \/>\n<meta property=\"article:modified_time\" content=\"2025-01-07T09:04:27+00:00\" \/>\n<meta property=\"og:image\" content=\"https:\/\/accounting-tax.co.th\/wp-content\/uploads\/2021\/06\/Group-27-1-e1624934523689.png\" \/>\n\t<meta property=\"og:image:width\" content=\"634\" \/>\n\t<meta property=\"og:image:height\" content=\"723\" \/>\n\t<meta property=\"og:image:type\" content=\"image\/png\" \/>\n<meta name=\"twitter:card\" content=\"summary_large_image\" \/>\n<meta name=\"twitter:label1\" content=\"Tempo di lettura stimato\" \/>\n\t<meta name=\"twitter:data1\" content=\"3 minuti\" \/>\n<script type=\"application\/ld+json\" class=\"yoast-schema-graph\">{\"@context\":\"https:\\\/\\\/schema.org\",\"@graph\":[{\"@type\":\"WebPage\",\"@id\":\"https:\\\/\\\/accounting-tax.co.th\\\/it\\\/tax-planning-audits-and-refunds\\\/\",\"url\":\"https:\\\/\\\/accounting-tax.co.th\\\/it\\\/tax-planning-audits-and-refunds\\\/\",\"name\":\"Tax Planning , Audits and Refunds - CATAccounting\",\"isPartOf\":{\"@id\":\"https:\\\/\\\/accounting-tax.co.th\\\/it\\\/#website\"},\"primaryImageOfPage\":{\"@id\":\"https:\\\/\\\/accounting-tax.co.th\\\/it\\\/tax-planning-audits-and-refunds\\\/#primaryimage\"},\"image\":{\"@id\":\"https:\\\/\\\/accounting-tax.co.th\\\/it\\\/tax-planning-audits-and-refunds\\\/#primaryimage\"},\"thumbnailUrl\":\"https:\\\/\\\/accounting-tax.co.th\\\/wp-content\\\/uploads\\\/2021\\\/06\\\/Group-27-1-e1624934523689.png\",\"datePublished\":\"2021-06-29T05:01:51+00:00\",\"dateModified\":\"2025-01-07T09:04:27+00:00\",\"breadcrumb\":{\"@id\":\"https:\\\/\\\/accounting-tax.co.th\\\/it\\\/tax-planning-audits-and-refunds\\\/#breadcrumb\"},\"inLanguage\":\"it-IT\",\"potentialAction\":[{\"@type\":\"ReadAction\",\"target\":[\"https:\\\/\\\/accounting-tax.co.th\\\/it\\\/tax-planning-audits-and-refunds\\\/\"]}]},{\"@type\":\"ImageObject\",\"inLanguage\":\"it-IT\",\"@id\":\"https:\\\/\\\/accounting-tax.co.th\\\/it\\\/tax-planning-audits-and-refunds\\\/#primaryimage\",\"url\":\"https:\\\/\\\/accounting-tax.co.th\\\/wp-content\\\/uploads\\\/2021\\\/06\\\/Group-27-1-e1624934523689.png\",\"contentUrl\":\"https:\\\/\\\/accounting-tax.co.th\\\/wp-content\\\/uploads\\\/2021\\\/06\\\/Group-27-1-e1624934523689.png\"},{\"@type\":\"BreadcrumbList\",\"@id\":\"https:\\\/\\\/accounting-tax.co.th\\\/it\\\/tax-planning-audits-and-refunds\\\/#breadcrumb\",\"itemListElement\":[{\"@type\":\"ListItem\",\"position\":1,\"name\":\"Home\",\"item\":\"https:\\\/\\\/accounting-tax.co.th\\\/it\\\/\"},{\"@type\":\"ListItem\",\"position\":2,\"name\":\"Tax Planning , Audits and Refunds\"}]},{\"@type\":\"WebSite\",\"@id\":\"https:\\\/\\\/accounting-tax.co.th\\\/it\\\/#website\",\"url\":\"https:\\\/\\\/accounting-tax.co.th\\\/it\\\/\",\"name\":\"CATAccounting\",\"description\":\"\",\"publisher\":{\"@id\":\"https:\\\/\\\/accounting-tax.co.th\\\/it\\\/#organization\"},\"potentialAction\":[{\"@type\":\"SearchAction\",\"target\":{\"@type\":\"EntryPoint\",\"urlTemplate\":\"https:\\\/\\\/accounting-tax.co.th\\\/it\\\/?s={search_term_string}\"},\"query-input\":{\"@type\":\"PropertyValueSpecification\",\"valueRequired\":true,\"valueName\":\"search_term_string\"}}],\"inLanguage\":\"it-IT\"},{\"@type\":\"Organization\",\"@id\":\"https:\\\/\\\/accounting-tax.co.th\\\/it\\\/#organization\",\"name\":\"CATAccounting\",\"url\":\"https:\\\/\\\/accounting-tax.co.th\\\/it\\\/\",\"logo\":{\"@type\":\"ImageObject\",\"inLanguage\":\"it-IT\",\"@id\":\"https:\\\/\\\/accounting-tax.co.th\\\/it\\\/#\\\/schema\\\/logo\\\/image\\\/\",\"url\":\"https:\\\/\\\/accounting-tax.co.th\\\/wp-content\\\/uploads\\\/2021\\\/06\\\/cropped-logo-original-white.png\",\"contentUrl\":\"https:\\\/\\\/accounting-tax.co.th\\\/wp-content\\\/uploads\\\/2021\\\/06\\\/cropped-logo-original-white.png\",\"width\":361,\"height\":220,\"caption\":\"CATAccounting\"},\"image\":{\"@id\":\"https:\\\/\\\/accounting-tax.co.th\\\/it\\\/#\\\/schema\\\/logo\\\/image\\\/\"}}]}<\/script>\n<!-- \/ Yoast SEO plugin. -->","yoast_head_json":{"title":"Tax Planning , Audits and Refunds - CATAccounting","robots":{"index":"index","follow":"follow","max-snippet":"max-snippet:-1","max-image-preview":"max-image-preview:large","max-video-preview":"max-video-preview:-1"},"canonical":"https:\/\/accounting-tax.co.th\/it\/tax-planning-audits-and-refunds\/","og_locale":"it_IT","og_type":"article","og_title":"Tax Planning , Audits and Refunds - CATAccounting","og_description":"Pianificazione tasse, audit e rimborsi Pianificazione tasse, audit e rimborsi. A nessuno piace pagare le tasse e, soprattutto, a nessuno piace pagare pi\u00f9 di quanto \u00e8 dovuto ai sensi della legge. Cos\u00ec, pur accettando l\u2019inevitabilit\u00e0 di pagare le tasse \u00e8 saggio considerare i vantaggi derivanti da un servizio di consulenza strategico di pianificazione fiscale. Considerazioni di pianificazione fiscale. La pianificazione fiscale consiste principalmente nello strutturare le attivit\u00e0 dell\u2019azienda o le finanze personali e le strategie di investimento per fare il miglior uso possibile della legislazione corrente in Thailandia, al fine di ridurre le vostre adempienze fiscali. La pianificazione fiscale copre le responsabilit\u00e0 potenziali per le tasse in molti campi, come: Imposta sul redditoImposta di successioneImposte sulle societ\u00e0Tasse di propriet\u00e0Imposta sul valore aggiunto (IVA)Accise e dazi DoganaliImposte sulle propriet\u00e0 e altre attivit\u00e0 La maniera in cui si strutturano le propriet\u00e0 ed il controllo delle vostre propriet\u00e0 e di altri beni, pu\u00f2&hellip;  Read more","og_url":"https:\/\/accounting-tax.co.th\/it\/tax-planning-audits-and-refunds\/","og_site_name":"CATAccounting","article_modified_time":"2025-01-07T09:04:27+00:00","og_image":[{"width":634,"height":723,"url":"https:\/\/accounting-tax.co.th\/wp-content\/uploads\/2021\/06\/Group-27-1-e1624934523689.png","type":"image\/png"}],"twitter_card":"summary_large_image","twitter_misc":{"Tempo di lettura stimato":"3 minuti"},"schema":{"@context":"https:\/\/schema.org","@graph":[{"@type":"WebPage","@id":"https:\/\/accounting-tax.co.th\/it\/tax-planning-audits-and-refunds\/","url":"https:\/\/accounting-tax.co.th\/it\/tax-planning-audits-and-refunds\/","name":"Tax Planning , Audits and Refunds - CATAccounting","isPartOf":{"@id":"https:\/\/accounting-tax.co.th\/it\/#website"},"primaryImageOfPage":{"@id":"https:\/\/accounting-tax.co.th\/it\/tax-planning-audits-and-refunds\/#primaryimage"},"image":{"@id":"https:\/\/accounting-tax.co.th\/it\/tax-planning-audits-and-refunds\/#primaryimage"},"thumbnailUrl":"https:\/\/accounting-tax.co.th\/wp-content\/uploads\/2021\/06\/Group-27-1-e1624934523689.png","datePublished":"2021-06-29T05:01:51+00:00","dateModified":"2025-01-07T09:04:27+00:00","breadcrumb":{"@id":"https:\/\/accounting-tax.co.th\/it\/tax-planning-audits-and-refunds\/#breadcrumb"},"inLanguage":"it-IT","potentialAction":[{"@type":"ReadAction","target":["https:\/\/accounting-tax.co.th\/it\/tax-planning-audits-and-refunds\/"]}]},{"@type":"ImageObject","inLanguage":"it-IT","@id":"https:\/\/accounting-tax.co.th\/it\/tax-planning-audits-and-refunds\/#primaryimage","url":"https:\/\/accounting-tax.co.th\/wp-content\/uploads\/2021\/06\/Group-27-1-e1624934523689.png","contentUrl":"https:\/\/accounting-tax.co.th\/wp-content\/uploads\/2021\/06\/Group-27-1-e1624934523689.png"},{"@type":"BreadcrumbList","@id":"https:\/\/accounting-tax.co.th\/it\/tax-planning-audits-and-refunds\/#breadcrumb","itemListElement":[{"@type":"ListItem","position":1,"name":"Home","item":"https:\/\/accounting-tax.co.th\/it\/"},{"@type":"ListItem","position":2,"name":"Tax Planning , Audits and Refunds"}]},{"@type":"WebSite","@id":"https:\/\/accounting-tax.co.th\/it\/#website","url":"https:\/\/accounting-tax.co.th\/it\/","name":"CATAccounting","description":"","publisher":{"@id":"https:\/\/accounting-tax.co.th\/it\/#organization"},"potentialAction":[{"@type":"SearchAction","target":{"@type":"EntryPoint","urlTemplate":"https:\/\/accounting-tax.co.th\/it\/?s={search_term_string}"},"query-input":{"@type":"PropertyValueSpecification","valueRequired":true,"valueName":"search_term_string"}}],"inLanguage":"it-IT"},{"@type":"Organization","@id":"https:\/\/accounting-tax.co.th\/it\/#organization","name":"CATAccounting","url":"https:\/\/accounting-tax.co.th\/it\/","logo":{"@type":"ImageObject","inLanguage":"it-IT","@id":"https:\/\/accounting-tax.co.th\/it\/#\/schema\/logo\/image\/","url":"https:\/\/accounting-tax.co.th\/wp-content\/uploads\/2021\/06\/cropped-logo-original-white.png","contentUrl":"https:\/\/accounting-tax.co.th\/wp-content\/uploads\/2021\/06\/cropped-logo-original-white.png","width":361,"height":220,"caption":"CATAccounting"},"image":{"@id":"https:\/\/accounting-tax.co.th\/it\/#\/schema\/logo\/image\/"}}]}},"_links":{"self":[{"href":"https:\/\/accounting-tax.co.th\/it\/wp-json\/wp\/v2\/pages\/1034","targetHints":{"allow":["GET"]}}],"collection":[{"href":"https:\/\/accounting-tax.co.th\/it\/wp-json\/wp\/v2\/pages"}],"about":[{"href":"https:\/\/accounting-tax.co.th\/it\/wp-json\/wp\/v2\/types\/page"}],"author":[{"embeddable":true,"href":"https:\/\/accounting-tax.co.th\/it\/wp-json\/wp\/v2\/users\/2"}],"replies":[{"embeddable":true,"href":"https:\/\/accounting-tax.co.th\/it\/wp-json\/wp\/v2\/comments?post=1034"}],"version-history":[{"count":30,"href":"https:\/\/accounting-tax.co.th\/it\/wp-json\/wp\/v2\/pages\/1034\/revisions"}],"predecessor-version":[{"id":2321,"href":"https:\/\/accounting-tax.co.th\/it\/wp-json\/wp\/v2\/pages\/1034\/revisions\/2321"}],"wp:attachment":[{"href":"https:\/\/accounting-tax.co.th\/it\/wp-json\/wp\/v2\/media?parent=1034"}],"curies":[{"name":"wp","href":"https:\/\/api.w.org\/{rel}","templated":true}]}}