{"id":1068,"date":"2021-06-29T06:12:07","date_gmt":"2021-06-29T06:12:07","guid":{"rendered":"https:\/\/cataccounting.ap5cnyhy-liquidwebsites.com\/visa-work-permit-services\/"},"modified":"2025-01-10T09:10:31","modified_gmt":"2025-01-10T09:10:31","slug":"visa-work-permit-services","status":"publish","type":"page","link":"https:\/\/accounting-tax.co.th\/it\/visa-work-permit-services\/","title":{"rendered":"Visa &#038; Work Permit Services"},"content":{"rendered":"\t\t<div data-elementor-type=\"wp-page\" data-elementor-id=\"1068\" class=\"elementor elementor-1068\">\n\t\t\t\t\t\t<section class=\"elementor-section elementor-top-section elementor-element elementor-element-41d0ada elementor-section-boxed elementor-section-height-default elementor-section-height-default\" data-id=\"41d0ada\" data-element_type=\"section\" data-e-type=\"section\" data-settings=\"{&quot;background_background&quot;:&quot;gradient&quot;}\">\n\t\t\t\t\t\t<div class=\"elementor-container elementor-column-gap-default\">\n\t\t\t\t\t<div class=\"elementor-column elementor-col-100 elementor-top-column elementor-element elementor-element-0dc2bf0\" data-id=\"0dc2bf0\" data-element_type=\"column\" data-e-type=\"column\">\n\t\t\t<div class=\"elementor-widget-wrap elementor-element-populated\">\n\t\t\t\t\t\t<div class=\"elementor-element elementor-element-9ec321a elementor-widget elementor-widget-spacer\" data-id=\"9ec321a\" data-element_type=\"widget\" data-e-type=\"widget\" data-widget_type=\"spacer.default\">\n\t\t\t\t<div class=\"elementor-widget-container\">\n\t\t\t\t\t\t\t<div class=\"elementor-spacer\">\n\t\t\t<div class=\"elementor-spacer-inner\"><\/div>\n\t\t<\/div>\n\t\t\t\t\t\t<\/div>\n\t\t\t\t<\/div>\n\t\t\t\t\t<\/div>\n\t\t<\/div>\n\t\t\t\t\t<\/div>\n\t\t<\/section>\n\t\t\t\t<section class=\"elementor-section elementor-top-section elementor-element elementor-element-0a6833e elementor-section-full_width elementor-section-height-default elementor-section-height-default\" data-id=\"0a6833e\" data-element_type=\"section\" data-e-type=\"section\" data-settings=\"{&quot;background_background&quot;:&quot;gradient&quot;}\">\n\t\t\t\t\t\t<div class=\"elementor-container elementor-column-gap-default\">\n\t\t\t\t\t<div class=\"elementor-column elementor-col-33 elementor-top-column elementor-element elementor-element-31665a0\" data-id=\"31665a0\" data-element_type=\"column\" data-e-type=\"column\">\n\t\t\t<div class=\"elementor-widget-wrap elementor-element-populated\">\n\t\t\t\t\t\t<div class=\"elementor-element elementor-element-3ebc22c elementor-widget elementor-widget-image\" data-id=\"3ebc22c\" data-element_type=\"widget\" data-e-type=\"widget\" data-widget_type=\"image.default\">\n\t\t\t\t<div class=\"elementor-widget-container\">\n\t\t\t\t\t\t\t\t\t\t\t\t\t\t\t<img fetchpriority=\"high\" decoding=\"async\" width=\"634\" height=\"723\" src=\"https:\/\/accounting-tax.co.th\/wp-content\/uploads\/2021\/06\/Group-27-1-e1624934523689.png\" class=\"attachment-full size-full wp-image-956\" alt=\"\" srcset=\"https:\/\/accounting-tax.co.th\/wp-content\/uploads\/2021\/06\/Group-27-1-e1624934523689.png 634w, https:\/\/accounting-tax.co.th\/wp-content\/uploads\/2021\/06\/Group-27-1-e1624934523689-263x300.png 263w\" sizes=\"(max-width: 634px) 100vw, 634px\" \/>\t\t\t\t\t\t\t\t\t\t\t\t\t\t\t<\/div>\n\t\t\t\t<\/div>\n\t\t\t\t<div class=\"elementor-element elementor-element-363cad1 head-box-visa-service elementor-widget elementor-widget-heading\" data-id=\"363cad1\" data-element_type=\"widget\" data-e-type=\"widget\" data-widget_type=\"heading.default\">\n\t\t\t\t<div class=\"elementor-widget-container\">\n\t\t\t\t\t<h1 class=\"elementor-heading-title elementor-size-default\">Servizi per Visti e Permessi di lavoro<\/h1>\t\t\t\t<\/div>\n\t\t\t\t<\/div>\n\t\t\t\t\t<\/div>\n\t\t<\/div>\n\t\t\t\t<div class=\"elementor-column elementor-col-33 elementor-top-column elementor-element elementor-element-713dd49 box-visa-service box-visa-service-it\" data-id=\"713dd49\" data-element_type=\"column\" data-e-type=\"column\">\n\t\t\t<div class=\"elementor-widget-wrap elementor-element-populated\">\n\t\t\t\t\t\t<div class=\"elementor-element elementor-element-e7c394a elementor-widget elementor-widget-text-editor\" data-id=\"e7c394a\" data-element_type=\"widget\" data-e-type=\"widget\" data-widget_type=\"text-editor.default\">\n\t\t\t\t<div class=\"elementor-widget-container\">\n\t\t\t\t\t\t\t\t\t<p>Servizi per Visti e Permessi di lavoro<\/p><p>\u00c8 sempre consigliabile per ottenere tutto fin dall&#8217;inizio, in ogni momento; pertanto suggeriamo che prima di fare qualsiasi mossa per stabilire la vostra attivit\u00e0 in Thailandia, cerchiate la consulenza di esperti.<\/p><p>Noi di CAT possiamo consigliarvi sui passi che consentono di ottenere il visto per entrare in Thailandia e, successivamente, un permesso di lavoro che vi permetter\u00e0 di iniziare la vostra attivit\u00e0 secondo i regolamenti Thailandesi.<\/p><p>Inizialmente, \u00e8 necessario ottenere un tipo di visto Non-immigrant &#8220;B&#8221;, oppure &#8220;O&#8221; (ma non un visto turistico) da una ambasciata reale thailandese nel vostro paese di residenza, prima di trasferirsi in Thailandia. \u00c8 possibile avviare la domanda per un permesso di lavoro, con il supporto della societ\u00e0 che vi dar\u00e0 lavoro; ci\u00f2 pu\u00f2 essere organizzato dal nostro ufficio, dopo di che si hanno due opzioni:<\/p><p>effettuare il viaggio in Thailandia in anticipo del rilascio del tuo permesso di lavoro o, attendere per quest\u2019ultimo prima della partenza.<\/p><p>Tuttavia, nel primo caso, \u00e8 imperativo non iniziare qualsiasi attivit\u00e0 prima che il permesso sia effettivamente concesso.<br \/>Questo sar\u00e0 fatto con una validit\u00e0 coincidente con la data di scadenza del visto. Durante questo tempo sarete in grado di fare domanda per la proroga di un anno per entrambi, che dovr\u00e0 in seguito essere eseguita regolarmente ogni anno.<\/p>\t\t\t\t\t\t\t\t<\/div>\n\t\t\t\t<\/div>\n\t\t\t\t\t<\/div>\n\t\t<\/div>\n\t\t\t\t<div class=\"elementor-column elementor-col-33 elementor-top-column elementor-element elementor-element-d067e72 box-about-us\" data-id=\"d067e72\" data-element_type=\"column\" data-e-type=\"column\">\n\t\t\t<div class=\"elementor-widget-wrap\">\n\t\t\t\t\t\t\t<\/div>\n\t\t<\/div>\n\t\t\t\t\t<\/div>\n\t\t<\/section>\n\t\t\t\t<section class=\"elementor-section elementor-top-section elementor-element elementor-element-8d5fb75 elementor-section-boxed elementor-section-height-default elementor-section-height-default\" data-id=\"8d5fb75\" data-element_type=\"section\" data-e-type=\"section\" data-settings=\"{&quot;background_background&quot;:&quot;gradient&quot;}\">\n\t\t\t\t\t\t<div class=\"elementor-container elementor-column-gap-default\">\n\t\t\t\t\t<div class=\"elementor-column elementor-col-100 elementor-top-column elementor-element elementor-element-17b2e13\" data-id=\"17b2e13\" data-element_type=\"column\" data-e-type=\"column\">\n\t\t\t<div class=\"elementor-widget-wrap elementor-element-populated\">\n\t\t\t\t\t\t<div class=\"elementor-element elementor-element-5c36595 elementor-widget elementor-widget-spacer\" data-id=\"5c36595\" data-element_type=\"widget\" data-e-type=\"widget\" data-widget_type=\"spacer.default\">\n\t\t\t\t<div class=\"elementor-widget-container\">\n\t\t\t\t\t\t\t<div class=\"elementor-spacer\">\n\t\t\t<div class=\"elementor-spacer-inner\"><\/div>\n\t\t<\/div>\n\t\t\t\t\t\t<\/div>\n\t\t\t\t<\/div>\n\t\t\t\t\t<\/div>\n\t\t<\/div>\n\t\t\t\t\t<\/div>\n\t\t<\/section>\n\t\t\t\t<\/div>\n\t\t","protected":false},"excerpt":{"rendered":"<p>Servizi per Visti e Permessi di lavoro Servizi per Visti e Permessi di lavoro \u00c8 sempre consigliabile per ottenere tutto fin dall&#8217;inizio, in ogni momento; pertanto suggeriamo che prima di fare qualsiasi mossa per stabilire la vostra attivit\u00e0 in Thailandia, cerchiate la consulenza di esperti. Noi di CAT possiamo consigliarvi sui passi che consentono di ottenere il visto per entrare in Thailandia e, successivamente, un permesso di lavoro che vi permetter\u00e0 di iniziare la vostra attivit\u00e0 secondo i regolamenti Thailandesi. Inizialmente, \u00e8 necessario ottenere un tipo di visto Non-immigrant &#8220;B&#8221;, oppure &#8220;O&#8221; (ma non un visto turistico) da una ambasciata reale thailandese nel vostro paese di residenza, prima di trasferirsi in Thailandia. \u00c8 possibile avviare la domanda per un permesso di lavoro, con il supporto della societ\u00e0 che vi dar\u00e0 lavoro; ci\u00f2 pu\u00f2 essere organizzato dal nostro ufficio, dopo di che si hanno due opzioni: effettuare il viaggio in Thailandia&hellip;<\/p>\n<p> <a class=\"more-link\" href=\"https:\/\/accounting-tax.co.th\/it\/visa-work-permit-services\/\">Read more<\/a><\/p>\n","protected":false},"author":2,"featured_media":0,"parent":0,"menu_order":0,"comment_status":"closed","ping_status":"closed","template":"elementor_header_footer","meta":{"footnotes":""},"class_list":["post-1068","page","type-page","status-publish"],"yoast_head":"<!-- This site is optimized with the Yoast SEO plugin v27.3 - https:\/\/yoast.com\/product\/yoast-seo-wordpress\/ -->\n<title>Visa &amp; Work Permit Services - CATAccounting<\/title>\n<meta name=\"robots\" content=\"index, follow, max-snippet:-1, max-image-preview:large, max-video-preview:-1\" \/>\n<link rel=\"canonical\" href=\"https:\/\/accounting-tax.co.th\/it\/visa-work-permit-services\/\" \/>\n<meta property=\"og:locale\" content=\"it_IT\" \/>\n<meta property=\"og:type\" content=\"article\" \/>\n<meta property=\"og:title\" content=\"Visa &amp; Work Permit Services - CATAccounting\" \/>\n<meta property=\"og:description\" content=\"Servizi per Visti e Permessi di lavoro Servizi per Visti e Permessi di lavoro \u00c8 sempre consigliabile per ottenere tutto fin dall&#8217;inizio, in ogni momento; pertanto suggeriamo che prima di fare qualsiasi mossa per stabilire la vostra attivit\u00e0 in Thailandia, cerchiate la consulenza di esperti. Noi di CAT possiamo consigliarvi sui passi che consentono di ottenere il visto per entrare in Thailandia e, successivamente, un permesso di lavoro che vi permetter\u00e0 di iniziare la vostra attivit\u00e0 secondo i regolamenti Thailandesi. Inizialmente, \u00e8 necessario ottenere un tipo di visto Non-immigrant &#8220;B&#8221;, oppure &#8220;O&#8221; (ma non un visto turistico) da una ambasciata reale thailandese nel vostro paese di residenza, prima di trasferirsi in Thailandia. \u00c8 possibile avviare la domanda per un permesso di lavoro, con il supporto della societ\u00e0 che vi dar\u00e0 lavoro; ci\u00f2 pu\u00f2 essere organizzato dal nostro ufficio, dopo di che si hanno due opzioni: effettuare il viaggio in Thailandia&hellip;  Read more\" \/>\n<meta property=\"og:url\" content=\"https:\/\/accounting-tax.co.th\/it\/visa-work-permit-services\/\" \/>\n<meta property=\"og:site_name\" content=\"CATAccounting\" \/>\n<meta property=\"article:modified_time\" content=\"2025-01-10T09:10:31+00:00\" \/>\n<meta property=\"og:image\" content=\"https:\/\/accounting-tax.co.th\/wp-content\/uploads\/2021\/06\/Group-27-1-e1624934523689.png\" \/>\n\t<meta property=\"og:image:width\" content=\"634\" \/>\n\t<meta property=\"og:image:height\" content=\"723\" \/>\n\t<meta property=\"og:image:type\" content=\"image\/png\" \/>\n<meta name=\"twitter:card\" content=\"summary_large_image\" \/>\n<meta name=\"twitter:label1\" content=\"Tempo di lettura stimato\" \/>\n\t<meta name=\"twitter:data1\" content=\"2 minuti\" \/>\n<script type=\"application\/ld+json\" class=\"yoast-schema-graph\">{\"@context\":\"https:\\\/\\\/schema.org\",\"@graph\":[{\"@type\":\"WebPage\",\"@id\":\"https:\\\/\\\/accounting-tax.co.th\\\/it\\\/visa-work-permit-services\\\/\",\"url\":\"https:\\\/\\\/accounting-tax.co.th\\\/it\\\/visa-work-permit-services\\\/\",\"name\":\"Visa & Work Permit Services - CATAccounting\",\"isPartOf\":{\"@id\":\"https:\\\/\\\/accounting-tax.co.th\\\/it\\\/#website\"},\"primaryImageOfPage\":{\"@id\":\"https:\\\/\\\/accounting-tax.co.th\\\/it\\\/visa-work-permit-services\\\/#primaryimage\"},\"image\":{\"@id\":\"https:\\\/\\\/accounting-tax.co.th\\\/it\\\/visa-work-permit-services\\\/#primaryimage\"},\"thumbnailUrl\":\"https:\\\/\\\/accounting-tax.co.th\\\/wp-content\\\/uploads\\\/2021\\\/06\\\/Group-27-1-e1624934523689.png\",\"datePublished\":\"2021-06-29T06:12:07+00:00\",\"dateModified\":\"2025-01-10T09:10:31+00:00\",\"breadcrumb\":{\"@id\":\"https:\\\/\\\/accounting-tax.co.th\\\/it\\\/visa-work-permit-services\\\/#breadcrumb\"},\"inLanguage\":\"it-IT\",\"potentialAction\":[{\"@type\":\"ReadAction\",\"target\":[\"https:\\\/\\\/accounting-tax.co.th\\\/it\\\/visa-work-permit-services\\\/\"]}]},{\"@type\":\"ImageObject\",\"inLanguage\":\"it-IT\",\"@id\":\"https:\\\/\\\/accounting-tax.co.th\\\/it\\\/visa-work-permit-services\\\/#primaryimage\",\"url\":\"https:\\\/\\\/accounting-tax.co.th\\\/wp-content\\\/uploads\\\/2021\\\/06\\\/Group-27-1-e1624934523689.png\",\"contentUrl\":\"https:\\\/\\\/accounting-tax.co.th\\\/wp-content\\\/uploads\\\/2021\\\/06\\\/Group-27-1-e1624934523689.png\"},{\"@type\":\"BreadcrumbList\",\"@id\":\"https:\\\/\\\/accounting-tax.co.th\\\/it\\\/visa-work-permit-services\\\/#breadcrumb\",\"itemListElement\":[{\"@type\":\"ListItem\",\"position\":1,\"name\":\"Home\",\"item\":\"https:\\\/\\\/accounting-tax.co.th\\\/it\\\/\"},{\"@type\":\"ListItem\",\"position\":2,\"name\":\"Visa &#038; Work Permit Services\"}]},{\"@type\":\"WebSite\",\"@id\":\"https:\\\/\\\/accounting-tax.co.th\\\/it\\\/#website\",\"url\":\"https:\\\/\\\/accounting-tax.co.th\\\/it\\\/\",\"name\":\"CATAccounting\",\"description\":\"\",\"publisher\":{\"@id\":\"https:\\\/\\\/accounting-tax.co.th\\\/it\\\/#organization\"},\"potentialAction\":[{\"@type\":\"SearchAction\",\"target\":{\"@type\":\"EntryPoint\",\"urlTemplate\":\"https:\\\/\\\/accounting-tax.co.th\\\/it\\\/?s={search_term_string}\"},\"query-input\":{\"@type\":\"PropertyValueSpecification\",\"valueRequired\":true,\"valueName\":\"search_term_string\"}}],\"inLanguage\":\"it-IT\"},{\"@type\":\"Organization\",\"@id\":\"https:\\\/\\\/accounting-tax.co.th\\\/it\\\/#organization\",\"name\":\"CATAccounting\",\"url\":\"https:\\\/\\\/accounting-tax.co.th\\\/it\\\/\",\"logo\":{\"@type\":\"ImageObject\",\"inLanguage\":\"it-IT\",\"@id\":\"https:\\\/\\\/accounting-tax.co.th\\\/it\\\/#\\\/schema\\\/logo\\\/image\\\/\",\"url\":\"https:\\\/\\\/accounting-tax.co.th\\\/wp-content\\\/uploads\\\/2021\\\/06\\\/cropped-logo-original-white.png\",\"contentUrl\":\"https:\\\/\\\/accounting-tax.co.th\\\/wp-content\\\/uploads\\\/2021\\\/06\\\/cropped-logo-original-white.png\",\"width\":361,\"height\":220,\"caption\":\"CATAccounting\"},\"image\":{\"@id\":\"https:\\\/\\\/accounting-tax.co.th\\\/it\\\/#\\\/schema\\\/logo\\\/image\\\/\"}}]}<\/script>\n<!-- \/ Yoast SEO plugin. -->","yoast_head_json":{"title":"Visa & Work Permit Services - CATAccounting","robots":{"index":"index","follow":"follow","max-snippet":"max-snippet:-1","max-image-preview":"max-image-preview:large","max-video-preview":"max-video-preview:-1"},"canonical":"https:\/\/accounting-tax.co.th\/it\/visa-work-permit-services\/","og_locale":"it_IT","og_type":"article","og_title":"Visa & Work Permit Services - CATAccounting","og_description":"Servizi per Visti e Permessi di lavoro Servizi per Visti e Permessi di lavoro \u00c8 sempre consigliabile per ottenere tutto fin dall&#8217;inizio, in ogni momento; pertanto suggeriamo che prima di fare qualsiasi mossa per stabilire la vostra attivit\u00e0 in Thailandia, cerchiate la consulenza di esperti. Noi di CAT possiamo consigliarvi sui passi che consentono di ottenere il visto per entrare in Thailandia e, successivamente, un permesso di lavoro che vi permetter\u00e0 di iniziare la vostra attivit\u00e0 secondo i regolamenti Thailandesi. Inizialmente, \u00e8 necessario ottenere un tipo di visto Non-immigrant &#8220;B&#8221;, oppure &#8220;O&#8221; (ma non un visto turistico) da una ambasciata reale thailandese nel vostro paese di residenza, prima di trasferirsi in Thailandia. \u00c8 possibile avviare la domanda per un permesso di lavoro, con il supporto della societ\u00e0 che vi dar\u00e0 lavoro; ci\u00f2 pu\u00f2 essere organizzato dal nostro ufficio, dopo di che si hanno due opzioni: effettuare il viaggio in Thailandia&hellip;  Read more","og_url":"https:\/\/accounting-tax.co.th\/it\/visa-work-permit-services\/","og_site_name":"CATAccounting","article_modified_time":"2025-01-10T09:10:31+00:00","og_image":[{"width":634,"height":723,"url":"https:\/\/accounting-tax.co.th\/wp-content\/uploads\/2021\/06\/Group-27-1-e1624934523689.png","type":"image\/png"}],"twitter_card":"summary_large_image","twitter_misc":{"Tempo di lettura stimato":"2 minuti"},"schema":{"@context":"https:\/\/schema.org","@graph":[{"@type":"WebPage","@id":"https:\/\/accounting-tax.co.th\/it\/visa-work-permit-services\/","url":"https:\/\/accounting-tax.co.th\/it\/visa-work-permit-services\/","name":"Visa & Work Permit Services - CATAccounting","isPartOf":{"@id":"https:\/\/accounting-tax.co.th\/it\/#website"},"primaryImageOfPage":{"@id":"https:\/\/accounting-tax.co.th\/it\/visa-work-permit-services\/#primaryimage"},"image":{"@id":"https:\/\/accounting-tax.co.th\/it\/visa-work-permit-services\/#primaryimage"},"thumbnailUrl":"https:\/\/accounting-tax.co.th\/wp-content\/uploads\/2021\/06\/Group-27-1-e1624934523689.png","datePublished":"2021-06-29T06:12:07+00:00","dateModified":"2025-01-10T09:10:31+00:00","breadcrumb":{"@id":"https:\/\/accounting-tax.co.th\/it\/visa-work-permit-services\/#breadcrumb"},"inLanguage":"it-IT","potentialAction":[{"@type":"ReadAction","target":["https:\/\/accounting-tax.co.th\/it\/visa-work-permit-services\/"]}]},{"@type":"ImageObject","inLanguage":"it-IT","@id":"https:\/\/accounting-tax.co.th\/it\/visa-work-permit-services\/#primaryimage","url":"https:\/\/accounting-tax.co.th\/wp-content\/uploads\/2021\/06\/Group-27-1-e1624934523689.png","contentUrl":"https:\/\/accounting-tax.co.th\/wp-content\/uploads\/2021\/06\/Group-27-1-e1624934523689.png"},{"@type":"BreadcrumbList","@id":"https:\/\/accounting-tax.co.th\/it\/visa-work-permit-services\/#breadcrumb","itemListElement":[{"@type":"ListItem","position":1,"name":"Home","item":"https:\/\/accounting-tax.co.th\/it\/"},{"@type":"ListItem","position":2,"name":"Visa &#038; Work Permit Services"}]},{"@type":"WebSite","@id":"https:\/\/accounting-tax.co.th\/it\/#website","url":"https:\/\/accounting-tax.co.th\/it\/","name":"CATAccounting","description":"","publisher":{"@id":"https:\/\/accounting-tax.co.th\/it\/#organization"},"potentialAction":[{"@type":"SearchAction","target":{"@type":"EntryPoint","urlTemplate":"https:\/\/accounting-tax.co.th\/it\/?s={search_term_string}"},"query-input":{"@type":"PropertyValueSpecification","valueRequired":true,"valueName":"search_term_string"}}],"inLanguage":"it-IT"},{"@type":"Organization","@id":"https:\/\/accounting-tax.co.th\/it\/#organization","name":"CATAccounting","url":"https:\/\/accounting-tax.co.th\/it\/","logo":{"@type":"ImageObject","inLanguage":"it-IT","@id":"https:\/\/accounting-tax.co.th\/it\/#\/schema\/logo\/image\/","url":"https:\/\/accounting-tax.co.th\/wp-content\/uploads\/2021\/06\/cropped-logo-original-white.png","contentUrl":"https:\/\/accounting-tax.co.th\/wp-content\/uploads\/2021\/06\/cropped-logo-original-white.png","width":361,"height":220,"caption":"CATAccounting"},"image":{"@id":"https:\/\/accounting-tax.co.th\/it\/#\/schema\/logo\/image\/"}}]}},"_links":{"self":[{"href":"https:\/\/accounting-tax.co.th\/it\/wp-json\/wp\/v2\/pages\/1068","targetHints":{"allow":["GET"]}}],"collection":[{"href":"https:\/\/accounting-tax.co.th\/it\/wp-json\/wp\/v2\/pages"}],"about":[{"href":"https:\/\/accounting-tax.co.th\/it\/wp-json\/wp\/v2\/types\/page"}],"author":[{"embeddable":true,"href":"https:\/\/accounting-tax.co.th\/it\/wp-json\/wp\/v2\/users\/2"}],"replies":[{"embeddable":true,"href":"https:\/\/accounting-tax.co.th\/it\/wp-json\/wp\/v2\/comments?post=1068"}],"version-history":[{"count":12,"href":"https:\/\/accounting-tax.co.th\/it\/wp-json\/wp\/v2\/pages\/1068\/revisions"}],"predecessor-version":[{"id":2336,"href":"https:\/\/accounting-tax.co.th\/it\/wp-json\/wp\/v2\/pages\/1068\/revisions\/2336"}],"wp:attachment":[{"href":"https:\/\/accounting-tax.co.th\/it\/wp-json\/wp\/v2\/media?parent=1068"}],"curies":[{"name":"wp","href":"https:\/\/api.w.org\/{rel}","templated":true}]}}