{"id":903,"date":"2021-06-28T06:19:17","date_gmt":"2021-06-28T06:19:17","guid":{"rendered":"https:\/\/cataccounting.ap5cnyhy-liquidwebsites.com\/about-us\/"},"modified":"2021-09-13T04:46:22","modified_gmt":"2021-09-13T04:46:22","slug":"about-us","status":"publish","type":"page","link":"https:\/\/accounting-tax.co.th\/it\/about-us\/","title":{"rendered":"About us"},"content":{"rendered":"\t\t<div data-elementor-type=\"wp-page\" data-elementor-id=\"903\" class=\"elementor elementor-903\">\n\t\t\t\t\t\t<section class=\"elementor-section elementor-top-section elementor-element elementor-element-41d0ada elementor-section-boxed elementor-section-height-default elementor-section-height-default\" data-id=\"41d0ada\" data-element_type=\"section\" data-e-type=\"section\" data-settings=\"{&quot;background_background&quot;:&quot;gradient&quot;}\">\n\t\t\t\t\t\t<div class=\"elementor-container elementor-column-gap-default\">\n\t\t\t\t\t<div class=\"elementor-column elementor-col-100 elementor-top-column elementor-element elementor-element-0dc2bf0\" data-id=\"0dc2bf0\" data-element_type=\"column\" data-e-type=\"column\">\n\t\t\t<div class=\"elementor-widget-wrap elementor-element-populated\">\n\t\t\t\t\t\t<div class=\"elementor-element elementor-element-9ec321a elementor-widget elementor-widget-spacer\" data-id=\"9ec321a\" data-element_type=\"widget\" data-e-type=\"widget\" data-widget_type=\"spacer.default\">\n\t\t\t\t<div class=\"elementor-widget-container\">\n\t\t\t\t\t\t\t<div class=\"elementor-spacer\">\n\t\t\t<div class=\"elementor-spacer-inner\"><\/div>\n\t\t<\/div>\n\t\t\t\t\t\t<\/div>\n\t\t\t\t<\/div>\n\t\t\t\t\t<\/div>\n\t\t<\/div>\n\t\t\t\t\t<\/div>\n\t\t<\/section>\n\t\t\t\t<section class=\"elementor-section elementor-top-section elementor-element elementor-element-0a6833e elementor-section-full_width elementor-section-height-default elementor-section-height-default\" data-id=\"0a6833e\" data-element_type=\"section\" data-e-type=\"section\" data-settings=\"{&quot;background_background&quot;:&quot;gradient&quot;}\">\n\t\t\t\t\t\t<div class=\"elementor-container elementor-column-gap-default\">\n\t\t\t\t\t<div class=\"elementor-column elementor-col-33 elementor-top-column elementor-element elementor-element-31665a0\" data-id=\"31665a0\" data-element_type=\"column\" data-e-type=\"column\">\n\t\t\t<div class=\"elementor-widget-wrap elementor-element-populated\">\n\t\t\t\t\t\t<div class=\"elementor-element elementor-element-3ebc22c elementor-widget elementor-widget-image\" data-id=\"3ebc22c\" data-element_type=\"widget\" data-e-type=\"widget\" data-widget_type=\"image.default\">\n\t\t\t\t<div class=\"elementor-widget-container\">\n\t\t\t\t\t\t\t\t\t\t\t\t\t\t\t<img fetchpriority=\"high\" decoding=\"async\" width=\"635\" height=\"749\" src=\"https:\/\/accounting-tax.co.th\/wp-content\/uploads\/2021\/06\/Group-25.png\" class=\"attachment-full size-full wp-image-207\" alt=\"\" srcset=\"https:\/\/accounting-tax.co.th\/wp-content\/uploads\/2021\/06\/Group-25.png 635w, https:\/\/accounting-tax.co.th\/wp-content\/uploads\/2021\/06\/Group-25-254x300.png 254w\" sizes=\"(max-width: 635px) 100vw, 635px\" \/>\t\t\t\t\t\t\t\t\t\t\t\t\t\t\t<\/div>\n\t\t\t\t<\/div>\n\t\t\t\t<div class=\"elementor-element elementor-element-363cad1 head-box-about elementor-widget elementor-widget-heading\" data-id=\"363cad1\" data-element_type=\"widget\" data-e-type=\"widget\" data-widget_type=\"heading.default\">\n\t\t\t\t<div class=\"elementor-widget-container\">\n\t\t\t\t\t<h2 class=\"elementor-heading-title elementor-size-default\">Chi siamo<\/h2>\t\t\t\t<\/div>\n\t\t\t\t<\/div>\n\t\t\t\t\t<\/div>\n\t\t<\/div>\n\t\t\t\t<div class=\"elementor-column elementor-col-33 elementor-top-column elementor-element elementor-element-713dd49 box-about-us\" data-id=\"713dd49\" data-element_type=\"column\" data-e-type=\"column\">\n\t\t\t<div class=\"elementor-widget-wrap elementor-element-populated\">\n\t\t\t\t\t\t<div class=\"elementor-element elementor-element-e7c394a elementor-widget elementor-widget-text-editor\" data-id=\"e7c394a\" data-element_type=\"widget\" data-e-type=\"widget\" data-widget_type=\"text-editor.default\">\n\t\t\t\t<div class=\"elementor-widget-container\">\n\t\t\t\t\t\t\t\t\t<p>CAT \u00a0Accounting and Tax Company Limited \u00e8 stata fondata nel 2001 con l&#8217;obiettivo di fornire servizi affidabili di contabilita\u2019, fiscali e \u00a0di revisione contabile e amministrative, ad aziende e privati in Pattaya e nelle aree industriali dell\u2019 Eastern Seabord delle provincie di Chonburi e Rayong.<\/p><p>La sede principale della societ\u00e0 si trova in Thepprasit Road, South Pattaya e occupa uffici su due unit\u00e0 commerciali di 5 piani,per un totale 400 mq. Le attrezzature d\u2019ufficio sono aggiornate con le ultime versioni del sistema di contabilit\u00e0 Express e sono completamente LAN integrate.<\/p><p>Recentemente \u00e8 stato aperto un ufficio operante a Bowin, nella zona industriale Eastern Seaboard allo scopo di dare supporto allo sviluppo del piano per l\u2019EEC (Eastern Economic Corridor) nella regione.<\/p><p>Una parte del nostro servizio e\u2019 stato trasformato per diventare una Societ\u00e0 di Contabilit\u00e0 Digitale, per provvedere servizi contabili nei Sistemi di Contabilit\u00e0 su Cloud, quali Xero, Flowaccount, AccRevo, PEAK, Account, MYOB, Quick Book, Odoo ed altri simili Business softwares intelligenti.<\/p><p>Il numero di persone tra direzione ed impiegati, \u00e8 in media di 20 persone, permanentemente.<\/p><p>Il direttore generale \u00e8 Ms Thananan Khomkai. Si \u00e8 laureata in Amministrazione e Contabilit\u00e0 presso l\u2019Universit\u00e0 Ramkhamhaeng di Bangkok e ottenuto un MBA in Business Administration presso la City University, USA.<\/p><p>Ha accumulato pi\u00f9 di 30 anni di esperienza nel campo della finanza e contabilit\u00e0 con industrie manifatturiere e commerciali.<\/p><p>I revisori della societ\u00e0 sono selezionati fra aziende CPA registrato con comprovata esperienza nel campo della revisione contabile delle societa\u2019.<\/p><p>L&#8217;azienda \u00e8 specializzata nella registrazione contabile delle societa\u2019, la valutazione, la presentazione, la liquidazione e le procedure di rimborso di tutti i tipi di tasse presso il dipartimento delle entrate.<\/p><p>Inoltre, grazie alla recente espansione della nostra esperienza nel settore, siamo in grado di fornire, in collaborazione con ben noti specialisti, servizi di consulenza fiscale per la pianificazione di piccole, medie e grandi imprese nella zona di cui sopra, ed i loro progetti relativi.<\/p><p>Infine, possiamo anche fornire il know-how per la presentazione e l&#8217;approvazione di progetti di investimento da parte dell\u2019ente per lo sviluppo industriale, BOI.<\/p><p>La forza della nostra azienda, a fianco di assoluta riservatezza, professionalit\u00e0, e il rispetto di principi etici, si basa, come in tutte le industrie di servizio, nella qualit\u00e0 delle persone responsabili della prestazione del servizio; in particolare, teniamo a valorizzare il personale specializzato in funzioni contabili e fiscali.<\/p>\t\t\t\t\t\t\t\t<\/div>\n\t\t\t\t<\/div>\n\t\t\t\t\t<\/div>\n\t\t<\/div>\n\t\t\t\t<div class=\"elementor-column elementor-col-33 elementor-top-column elementor-element elementor-element-d067e72 box-about-us\" data-id=\"d067e72\" data-element_type=\"column\" data-e-type=\"column\">\n\t\t\t<div class=\"elementor-widget-wrap\">\n\t\t\t\t\t\t\t<\/div>\n\t\t<\/div>\n\t\t\t\t\t<\/div>\n\t\t<\/section>\n\t\t\t\t<section class=\"elementor-section elementor-top-section elementor-element elementor-element-8d5fb75 elementor-section-boxed elementor-section-height-default elementor-section-height-default\" data-id=\"8d5fb75\" data-element_type=\"section\" data-e-type=\"section\" data-settings=\"{&quot;background_background&quot;:&quot;gradient&quot;}\">\n\t\t\t\t\t\t<div class=\"elementor-container elementor-column-gap-default\">\n\t\t\t\t\t<div class=\"elementor-column elementor-col-100 elementor-top-column elementor-element elementor-element-17b2e13\" data-id=\"17b2e13\" data-element_type=\"column\" data-e-type=\"column\">\n\t\t\t<div class=\"elementor-widget-wrap elementor-element-populated\">\n\t\t\t\t\t\t<div class=\"elementor-element elementor-element-5c36595 elementor-widget elementor-widget-spacer\" data-id=\"5c36595\" data-element_type=\"widget\" data-e-type=\"widget\" data-widget_type=\"spacer.default\">\n\t\t\t\t<div class=\"elementor-widget-container\">\n\t\t\t\t\t\t\t<div class=\"elementor-spacer\">\n\t\t\t<div class=\"elementor-spacer-inner\"><\/div>\n\t\t<\/div>\n\t\t\t\t\t\t<\/div>\n\t\t\t\t<\/div>\n\t\t\t\t\t<\/div>\n\t\t<\/div>\n\t\t\t\t\t<\/div>\n\t\t<\/section>\n\t\t\t\t<\/div>\n\t\t","protected":false},"excerpt":{"rendered":"<p>Chi siamo CAT &nbsp;Accounting and Tax Company Limited \u00e8 stata fondata nel 2001 con l&#8217;obiettivo di fornire servizi affidabili di contabilita\u2019, fiscali e &nbsp;di revisione contabile e amministrative, ad aziende e privati in Pattaya e nelle aree industriali dell\u2019 Eastern Seabord delle provincie di Chonburi e Rayong. La sede principale della societ\u00e0 si trova in Thepprasit Road, South Pattaya e occupa uffici su due unit\u00e0 commerciali di 5 piani,per un totale 400 mq. Le attrezzature d\u2019ufficio sono aggiornate con le ultime versioni del sistema di contabilit\u00e0 Express e sono completamente LAN integrate. Recentemente \u00e8 stato aperto un ufficio operante a Bowin, nella zona industriale Eastern Seaboard allo scopo di dare supporto allo sviluppo del piano per l\u2019EEC (Eastern Economic Corridor) nella regione. Una parte del nostro servizio e\u2019 stato trasformato per diventare una Societ\u00e0 di Contabilit\u00e0 Digitale, per provvedere servizi contabili nei Sistemi di Contabilit\u00e0 su Cloud, quali Xero, Flowaccount,&hellip;<\/p>\n<p> <a class=\"more-link\" href=\"https:\/\/accounting-tax.co.th\/it\/about-us\/\">Read more<\/a><\/p>\n","protected":false},"author":2,"featured_media":0,"parent":0,"menu_order":0,"comment_status":"closed","ping_status":"closed","template":"elementor_header_footer","meta":{"footnotes":""},"class_list":["post-903","page","type-page","status-publish"],"yoast_head":"<!-- This site is optimized with the Yoast SEO plugin v27.3 - https:\/\/yoast.com\/product\/yoast-seo-wordpress\/ -->\n<title>About us - CATAccounting<\/title>\n<meta name=\"robots\" content=\"index, follow, max-snippet:-1, max-image-preview:large, max-video-preview:-1\" \/>\n<link rel=\"canonical\" href=\"https:\/\/accounting-tax.co.th\/it\/about-us\/\" \/>\n<meta property=\"og:locale\" content=\"it_IT\" \/>\n<meta property=\"og:type\" content=\"article\" \/>\n<meta property=\"og:title\" content=\"About us - CATAccounting\" \/>\n<meta property=\"og:description\" content=\"Chi siamo CAT &nbsp;Accounting and Tax Company Limited \u00e8 stata fondata nel 2001 con l&#8217;obiettivo di fornire servizi affidabili di contabilita\u2019, fiscali e &nbsp;di revisione contabile e amministrative, ad aziende e privati in Pattaya e nelle aree industriali dell\u2019 Eastern Seabord delle provincie di Chonburi e Rayong. La sede principale della societ\u00e0 si trova in Thepprasit Road, South Pattaya e occupa uffici su due unit\u00e0 commerciali di 5 piani,per un totale 400 mq. Le attrezzature d\u2019ufficio sono aggiornate con le ultime versioni del sistema di contabilit\u00e0 Express e sono completamente LAN integrate. Recentemente \u00e8 stato aperto un ufficio operante a Bowin, nella zona industriale Eastern Seaboard allo scopo di dare supporto allo sviluppo del piano per l\u2019EEC (Eastern Economic Corridor) nella regione. Una parte del nostro servizio e\u2019 stato trasformato per diventare una Societ\u00e0 di Contabilit\u00e0 Digitale, per provvedere servizi contabili nei Sistemi di Contabilit\u00e0 su Cloud, quali Xero, Flowaccount,&hellip;  Read more\" \/>\n<meta property=\"og:url\" content=\"https:\/\/accounting-tax.co.th\/it\/about-us\/\" \/>\n<meta property=\"og:site_name\" content=\"CATAccounting\" \/>\n<meta property=\"article:modified_time\" content=\"2021-09-13T04:46:22+00:00\" \/>\n<meta property=\"og:image\" content=\"https:\/\/accounting-tax.co.th\/wp-content\/uploads\/2021\/06\/Group-25.png\" \/>\n<meta name=\"twitter:card\" content=\"summary_large_image\" \/>\n<meta name=\"twitter:label1\" content=\"Tempo di lettura stimato\" \/>\n\t<meta name=\"twitter:data1\" content=\"2 minuti\" \/>\n<script type=\"application\/ld+json\" class=\"yoast-schema-graph\">{\"@context\":\"https:\\\/\\\/schema.org\",\"@graph\":[{\"@type\":\"WebPage\",\"@id\":\"https:\\\/\\\/accounting-tax.co.th\\\/it\\\/about-us\\\/\",\"url\":\"https:\\\/\\\/accounting-tax.co.th\\\/it\\\/about-us\\\/\",\"name\":\"About us - CATAccounting\",\"isPartOf\":{\"@id\":\"https:\\\/\\\/accounting-tax.co.th\\\/it\\\/#website\"},\"primaryImageOfPage\":{\"@id\":\"https:\\\/\\\/accounting-tax.co.th\\\/it\\\/about-us\\\/#primaryimage\"},\"image\":{\"@id\":\"https:\\\/\\\/accounting-tax.co.th\\\/it\\\/about-us\\\/#primaryimage\"},\"thumbnailUrl\":\"https:\\\/\\\/accounting-tax.co.th\\\/wp-content\\\/uploads\\\/2021\\\/06\\\/Group-25.png\",\"datePublished\":\"2021-06-28T06:19:17+00:00\",\"dateModified\":\"2021-09-13T04:46:22+00:00\",\"breadcrumb\":{\"@id\":\"https:\\\/\\\/accounting-tax.co.th\\\/it\\\/about-us\\\/#breadcrumb\"},\"inLanguage\":\"it-IT\",\"potentialAction\":[{\"@type\":\"ReadAction\",\"target\":[\"https:\\\/\\\/accounting-tax.co.th\\\/it\\\/about-us\\\/\"]}]},{\"@type\":\"ImageObject\",\"inLanguage\":\"it-IT\",\"@id\":\"https:\\\/\\\/accounting-tax.co.th\\\/it\\\/about-us\\\/#primaryimage\",\"url\":\"https:\\\/\\\/accounting-tax.co.th\\\/wp-content\\\/uploads\\\/2021\\\/06\\\/Group-25.png\",\"contentUrl\":\"https:\\\/\\\/accounting-tax.co.th\\\/wp-content\\\/uploads\\\/2021\\\/06\\\/Group-25.png\"},{\"@type\":\"BreadcrumbList\",\"@id\":\"https:\\\/\\\/accounting-tax.co.th\\\/it\\\/about-us\\\/#breadcrumb\",\"itemListElement\":[{\"@type\":\"ListItem\",\"position\":1,\"name\":\"Home\",\"item\":\"https:\\\/\\\/accounting-tax.co.th\\\/it\\\/\"},{\"@type\":\"ListItem\",\"position\":2,\"name\":\"About us\"}]},{\"@type\":\"WebSite\",\"@id\":\"https:\\\/\\\/accounting-tax.co.th\\\/it\\\/#website\",\"url\":\"https:\\\/\\\/accounting-tax.co.th\\\/it\\\/\",\"name\":\"CATAccounting\",\"description\":\"\",\"publisher\":{\"@id\":\"https:\\\/\\\/accounting-tax.co.th\\\/it\\\/#organization\"},\"potentialAction\":[{\"@type\":\"SearchAction\",\"target\":{\"@type\":\"EntryPoint\",\"urlTemplate\":\"https:\\\/\\\/accounting-tax.co.th\\\/it\\\/?s={search_term_string}\"},\"query-input\":{\"@type\":\"PropertyValueSpecification\",\"valueRequired\":true,\"valueName\":\"search_term_string\"}}],\"inLanguage\":\"it-IT\"},{\"@type\":\"Organization\",\"@id\":\"https:\\\/\\\/accounting-tax.co.th\\\/it\\\/#organization\",\"name\":\"CATAccounting\",\"url\":\"https:\\\/\\\/accounting-tax.co.th\\\/it\\\/\",\"logo\":{\"@type\":\"ImageObject\",\"inLanguage\":\"it-IT\",\"@id\":\"https:\\\/\\\/accounting-tax.co.th\\\/it\\\/#\\\/schema\\\/logo\\\/image\\\/\",\"url\":\"https:\\\/\\\/accounting-tax.co.th\\\/wp-content\\\/uploads\\\/2021\\\/06\\\/cropped-logo-original-white.png\",\"contentUrl\":\"https:\\\/\\\/accounting-tax.co.th\\\/wp-content\\\/uploads\\\/2021\\\/06\\\/cropped-logo-original-white.png\",\"width\":361,\"height\":220,\"caption\":\"CATAccounting\"},\"image\":{\"@id\":\"https:\\\/\\\/accounting-tax.co.th\\\/it\\\/#\\\/schema\\\/logo\\\/image\\\/\"}}]}<\/script>\n<!-- \/ Yoast SEO plugin. -->","yoast_head_json":{"title":"About us - CATAccounting","robots":{"index":"index","follow":"follow","max-snippet":"max-snippet:-1","max-image-preview":"max-image-preview:large","max-video-preview":"max-video-preview:-1"},"canonical":"https:\/\/accounting-tax.co.th\/it\/about-us\/","og_locale":"it_IT","og_type":"article","og_title":"About us - CATAccounting","og_description":"Chi siamo CAT &nbsp;Accounting and Tax Company Limited \u00e8 stata fondata nel 2001 con l&#8217;obiettivo di fornire servizi affidabili di contabilita\u2019, fiscali e &nbsp;di revisione contabile e amministrative, ad aziende e privati in Pattaya e nelle aree industriali dell\u2019 Eastern Seabord delle provincie di Chonburi e Rayong. La sede principale della societ\u00e0 si trova in Thepprasit Road, South Pattaya e occupa uffici su due unit\u00e0 commerciali di 5 piani,per un totale 400 mq. Le attrezzature d\u2019ufficio sono aggiornate con le ultime versioni del sistema di contabilit\u00e0 Express e sono completamente LAN integrate. Recentemente \u00e8 stato aperto un ufficio operante a Bowin, nella zona industriale Eastern Seaboard allo scopo di dare supporto allo sviluppo del piano per l\u2019EEC (Eastern Economic Corridor) nella regione. Una parte del nostro servizio e\u2019 stato trasformato per diventare una Societ\u00e0 di Contabilit\u00e0 Digitale, per provvedere servizi contabili nei Sistemi di Contabilit\u00e0 su Cloud, quali Xero, Flowaccount,&hellip;  Read more","og_url":"https:\/\/accounting-tax.co.th\/it\/about-us\/","og_site_name":"CATAccounting","article_modified_time":"2021-09-13T04:46:22+00:00","og_image":[{"url":"https:\/\/accounting-tax.co.th\/wp-content\/uploads\/2021\/06\/Group-25.png","type":"","width":"","height":""}],"twitter_card":"summary_large_image","twitter_misc":{"Tempo di lettura stimato":"2 minuti"},"schema":{"@context":"https:\/\/schema.org","@graph":[{"@type":"WebPage","@id":"https:\/\/accounting-tax.co.th\/it\/about-us\/","url":"https:\/\/accounting-tax.co.th\/it\/about-us\/","name":"About us - CATAccounting","isPartOf":{"@id":"https:\/\/accounting-tax.co.th\/it\/#website"},"primaryImageOfPage":{"@id":"https:\/\/accounting-tax.co.th\/it\/about-us\/#primaryimage"},"image":{"@id":"https:\/\/accounting-tax.co.th\/it\/about-us\/#primaryimage"},"thumbnailUrl":"https:\/\/accounting-tax.co.th\/wp-content\/uploads\/2021\/06\/Group-25.png","datePublished":"2021-06-28T06:19:17+00:00","dateModified":"2021-09-13T04:46:22+00:00","breadcrumb":{"@id":"https:\/\/accounting-tax.co.th\/it\/about-us\/#breadcrumb"},"inLanguage":"it-IT","potentialAction":[{"@type":"ReadAction","target":["https:\/\/accounting-tax.co.th\/it\/about-us\/"]}]},{"@type":"ImageObject","inLanguage":"it-IT","@id":"https:\/\/accounting-tax.co.th\/it\/about-us\/#primaryimage","url":"https:\/\/accounting-tax.co.th\/wp-content\/uploads\/2021\/06\/Group-25.png","contentUrl":"https:\/\/accounting-tax.co.th\/wp-content\/uploads\/2021\/06\/Group-25.png"},{"@type":"BreadcrumbList","@id":"https:\/\/accounting-tax.co.th\/it\/about-us\/#breadcrumb","itemListElement":[{"@type":"ListItem","position":1,"name":"Home","item":"https:\/\/accounting-tax.co.th\/it\/"},{"@type":"ListItem","position":2,"name":"About us"}]},{"@type":"WebSite","@id":"https:\/\/accounting-tax.co.th\/it\/#website","url":"https:\/\/accounting-tax.co.th\/it\/","name":"CATAccounting","description":"","publisher":{"@id":"https:\/\/accounting-tax.co.th\/it\/#organization"},"potentialAction":[{"@type":"SearchAction","target":{"@type":"EntryPoint","urlTemplate":"https:\/\/accounting-tax.co.th\/it\/?s={search_term_string}"},"query-input":{"@type":"PropertyValueSpecification","valueRequired":true,"valueName":"search_term_string"}}],"inLanguage":"it-IT"},{"@type":"Organization","@id":"https:\/\/accounting-tax.co.th\/it\/#organization","name":"CATAccounting","url":"https:\/\/accounting-tax.co.th\/it\/","logo":{"@type":"ImageObject","inLanguage":"it-IT","@id":"https:\/\/accounting-tax.co.th\/it\/#\/schema\/logo\/image\/","url":"https:\/\/accounting-tax.co.th\/wp-content\/uploads\/2021\/06\/cropped-logo-original-white.png","contentUrl":"https:\/\/accounting-tax.co.th\/wp-content\/uploads\/2021\/06\/cropped-logo-original-white.png","width":361,"height":220,"caption":"CATAccounting"},"image":{"@id":"https:\/\/accounting-tax.co.th\/it\/#\/schema\/logo\/image\/"}}]}},"_links":{"self":[{"href":"https:\/\/accounting-tax.co.th\/it\/wp-json\/wp\/v2\/pages\/903","targetHints":{"allow":["GET"]}}],"collection":[{"href":"https:\/\/accounting-tax.co.th\/it\/wp-json\/wp\/v2\/pages"}],"about":[{"href":"https:\/\/accounting-tax.co.th\/it\/wp-json\/wp\/v2\/types\/page"}],"author":[{"embeddable":true,"href":"https:\/\/accounting-tax.co.th\/it\/wp-json\/wp\/v2\/users\/2"}],"replies":[{"embeddable":true,"href":"https:\/\/accounting-tax.co.th\/it\/wp-json\/wp\/v2\/comments?post=903"}],"version-history":[{"count":22,"href":"https:\/\/accounting-tax.co.th\/it\/wp-json\/wp\/v2\/pages\/903\/revisions"}],"predecessor-version":[{"id":1494,"href":"https:\/\/accounting-tax.co.th\/it\/wp-json\/wp\/v2\/pages\/903\/revisions\/1494"}],"wp:attachment":[{"href":"https:\/\/accounting-tax.co.th\/it\/wp-json\/wp\/v2\/media?parent=903"}],"curies":[{"name":"wp","href":"https:\/\/api.w.org\/{rel}","templated":true}]}}