{"id":999,"date":"2021-06-29T03:57:13","date_gmt":"2021-06-29T03:57:13","guid":{"rendered":"https:\/\/cataccounting.ap5cnyhy-liquidwebsites.com\/payroll-social-security-fund-services\/"},"modified":"2025-01-06T08:40:25","modified_gmt":"2025-01-06T08:40:25","slug":"payroll-social-security-fund-services","status":"publish","type":"page","link":"https:\/\/accounting-tax.co.th\/it\/payroll-social-security-fund-services\/","title":{"rendered":"Payroll &#038; Social Security fund Services"},"content":{"rendered":"\t\t<div data-elementor-type=\"wp-page\" data-elementor-id=\"999\" class=\"elementor elementor-999\">\n\t\t\t\t\t\t<section class=\"elementor-section elementor-top-section elementor-element elementor-element-41d0ada elementor-section-boxed elementor-section-height-default elementor-section-height-default\" data-id=\"41d0ada\" data-element_type=\"section\" data-e-type=\"section\" data-settings=\"{&quot;background_background&quot;:&quot;gradient&quot;}\">\n\t\t\t\t\t\t<div class=\"elementor-container elementor-column-gap-default\">\n\t\t\t\t\t<div class=\"elementor-column elementor-col-100 elementor-top-column elementor-element elementor-element-0dc2bf0\" data-id=\"0dc2bf0\" data-element_type=\"column\" data-e-type=\"column\">\n\t\t\t<div class=\"elementor-widget-wrap elementor-element-populated\">\n\t\t\t\t\t\t<div class=\"elementor-element elementor-element-9ec321a elementor-widget elementor-widget-spacer\" data-id=\"9ec321a\" data-element_type=\"widget\" data-e-type=\"widget\" data-widget_type=\"spacer.default\">\n\t\t\t\t<div class=\"elementor-widget-container\">\n\t\t\t\t\t\t\t<div class=\"elementor-spacer\">\n\t\t\t<div class=\"elementor-spacer-inner\"><\/div>\n\t\t<\/div>\n\t\t\t\t\t\t<\/div>\n\t\t\t\t<\/div>\n\t\t\t\t\t<\/div>\n\t\t<\/div>\n\t\t\t\t\t<\/div>\n\t\t<\/section>\n\t\t\t\t<section class=\"elementor-section elementor-top-section elementor-element elementor-element-0a6833e elementor-section-full_width elementor-section-height-default elementor-section-height-default\" data-id=\"0a6833e\" data-element_type=\"section\" data-e-type=\"section\" data-settings=\"{&quot;background_background&quot;:&quot;gradient&quot;}\">\n\t\t\t\t\t\t<div class=\"elementor-container elementor-column-gap-default\">\n\t\t\t\t\t<div class=\"elementor-column elementor-col-33 elementor-top-column elementor-element elementor-element-31665a0\" data-id=\"31665a0\" data-element_type=\"column\" data-e-type=\"column\">\n\t\t\t<div class=\"elementor-widget-wrap elementor-element-populated\">\n\t\t\t\t\t\t<div class=\"elementor-element elementor-element-3ebc22c elementor-widget elementor-widget-image\" data-id=\"3ebc22c\" data-element_type=\"widget\" data-e-type=\"widget\" data-widget_type=\"image.default\">\n\t\t\t\t<div class=\"elementor-widget-container\">\n\t\t\t\t\t\t\t\t\t\t\t\t\t\t\t<img fetchpriority=\"high\" decoding=\"async\" width=\"634\" height=\"723\" src=\"https:\/\/accounting-tax.co.th\/wp-content\/uploads\/2021\/06\/Group-27-1-e1624934523689.png\" class=\"attachment-full size-full wp-image-956\" alt=\"\" srcset=\"https:\/\/accounting-tax.co.th\/wp-content\/uploads\/2021\/06\/Group-27-1-e1624934523689.png 634w, https:\/\/accounting-tax.co.th\/wp-content\/uploads\/2021\/06\/Group-27-1-e1624934523689-263x300.png 263w\" sizes=\"(max-width: 634px) 100vw, 634px\" \/>\t\t\t\t\t\t\t\t\t\t\t\t\t\t\t<\/div>\n\t\t\t\t<\/div>\n\t\t\t\t<div class=\"elementor-element elementor-element-363cad1 head-box-payroll-service elementor-widget elementor-widget-heading\" data-id=\"363cad1\" data-element_type=\"widget\" data-e-type=\"widget\" data-widget_type=\"heading.default\">\n\t\t\t\t<div class=\"elementor-widget-container\">\n\t\t\t\t\t<h1 class=\"elementor-heading-title elementor-size-default\">Stipendi e servizi di <br> contribuzione al fondo di <br> previdenza sociale<\/h1>\t\t\t\t<\/div>\n\t\t\t\t<\/div>\n\t\t\t\t\t<\/div>\n\t\t<\/div>\n\t\t\t\t<div class=\"elementor-column elementor-col-33 elementor-top-column elementor-element elementor-element-713dd49 box-payroll-service\" data-id=\"713dd49\" data-element_type=\"column\" data-e-type=\"column\">\n\t\t\t<div class=\"elementor-widget-wrap elementor-element-populated\">\n\t\t\t\t\t\t<div class=\"elementor-element elementor-element-e7c394a box-payroll-service-en elementor-widget elementor-widget-text-editor\" data-id=\"e7c394a\" data-element_type=\"widget\" data-e-type=\"widget\" data-widget_type=\"text-editor.default\">\n\t\t\t\t<div class=\"elementor-widget-container\">\n\t\t\t\t\t\t\t\t\t<h2>Stipendi e servizi di contribuzione al fondo di previdenza sociale<\/h2><h3>Niente \u00e8 pi\u00f9 garantito di sconvolgere i vostri dipendenti che sbagliare la loro retribuzione. Con tutti i regolamenti mutevoli, la gestione delle paghe e dei contributi statutari sta diventando sempre pi\u00f9 complesso per molte aziende, assorbendo sempre pi\u00f9 tempo e risorse dal vostro nucleo di funzioni aziendali.<\/h3><h3>CAT pu\u00f2 fornire un servizio paghe completamente esaustiva e confidenziale tra cui:<\/h3><h3><span style=\"color: #707070;\">\u2013 La creazione di un sistema per eseguire e controllare mensilmente buste paga, l\u2019accredito di stipendi nei conti bancari degli impiegati, la registrazione e delezioni dal fondo assicurazione previdenziale, contributi vari, ecc.<\/span><\/h3><h3><br \/><span style=\"color: #707070;\">-Per completare la modulistica legale, compreso le dichiarazioni dei redditi fiscali di fine anno del personale rilasciata per la presentazione al dipartimento delle entrate.<\/span><\/h3>\t\t\t\t\t\t\t\t<\/div>\n\t\t\t\t<\/div>\n\t\t\t\t\t<\/div>\n\t\t<\/div>\n\t\t\t\t<div class=\"elementor-column elementor-col-33 elementor-top-column elementor-element elementor-element-d067e72 box-about-us\" data-id=\"d067e72\" data-element_type=\"column\" data-e-type=\"column\">\n\t\t\t<div class=\"elementor-widget-wrap\">\n\t\t\t\t\t\t\t<\/div>\n\t\t<\/div>\n\t\t\t\t\t<\/div>\n\t\t<\/section>\n\t\t\t\t<section class=\"elementor-section elementor-top-section elementor-element elementor-element-8d5fb75 elementor-section-boxed elementor-section-height-default elementor-section-height-default\" data-id=\"8d5fb75\" data-element_type=\"section\" data-e-type=\"section\" data-settings=\"{&quot;background_background&quot;:&quot;gradient&quot;}\">\n\t\t\t\t\t\t<div class=\"elementor-container elementor-column-gap-default\">\n\t\t\t\t\t<div class=\"elementor-column elementor-col-100 elementor-top-column elementor-element elementor-element-17b2e13\" data-id=\"17b2e13\" data-element_type=\"column\" data-e-type=\"column\">\n\t\t\t<div class=\"elementor-widget-wrap elementor-element-populated\">\n\t\t\t\t\t\t<div class=\"elementor-element elementor-element-5c36595 elementor-widget elementor-widget-spacer\" data-id=\"5c36595\" data-element_type=\"widget\" data-e-type=\"widget\" data-widget_type=\"spacer.default\">\n\t\t\t\t<div class=\"elementor-widget-container\">\n\t\t\t\t\t\t\t<div class=\"elementor-spacer\">\n\t\t\t<div class=\"elementor-spacer-inner\"><\/div>\n\t\t<\/div>\n\t\t\t\t\t\t<\/div>\n\t\t\t\t<\/div>\n\t\t\t\t\t<\/div>\n\t\t<\/div>\n\t\t\t\t\t<\/div>\n\t\t<\/section>\n\t\t\t\t<\/div>\n\t\t","protected":false},"excerpt":{"rendered":"<p>Stipendi e servizi di contribuzione al fondo di previdenza sociale Stipendi e servizi di contribuzione al fondo di previdenza sociale Niente \u00e8 pi\u00f9 garantito di sconvolgere i vostri dipendenti che sbagliare la loro retribuzione. Con tutti i regolamenti mutevoli, la gestione delle paghe e dei contributi statutari sta diventando sempre pi\u00f9 complesso per molte aziende, assorbendo sempre pi\u00f9 tempo e risorse dal vostro nucleo di funzioni aziendali. CAT pu\u00f2 fornire un servizio paghe completamente esaustiva e confidenziale tra cui: \u2013 La creazione di un sistema per eseguire e controllare mensilmente buste paga, l\u2019accredito di stipendi nei conti bancari degli impiegati, la registrazione e delezioni dal fondo assicurazione previdenziale, contributi vari, ecc. -Per completare la modulistica legale, compreso le dichiarazioni dei redditi fiscali di fine anno del personale rilasciata per la presentazione al dipartimento delle entrate.<\/p>\n","protected":false},"author":2,"featured_media":0,"parent":0,"menu_order":0,"comment_status":"closed","ping_status":"closed","template":"elementor_header_footer","meta":{"footnotes":""},"class_list":["post-999","page","type-page","status-publish"],"yoast_head":"<!-- This site is optimized with the Yoast SEO plugin v27.3 - https:\/\/yoast.com\/product\/yoast-seo-wordpress\/ -->\n<title>Payroll &amp; Social Security fund Services - CATAccounting<\/title>\n<meta name=\"robots\" content=\"index, follow, max-snippet:-1, max-image-preview:large, max-video-preview:-1\" \/>\n<link rel=\"canonical\" href=\"https:\/\/accounting-tax.co.th\/it\/payroll-social-security-fund-services\/\" \/>\n<meta property=\"og:locale\" content=\"it_IT\" \/>\n<meta property=\"og:type\" content=\"article\" \/>\n<meta property=\"og:title\" content=\"Payroll &amp; Social Security fund Services - CATAccounting\" \/>\n<meta property=\"og:description\" content=\"Stipendi e servizi di contribuzione al fondo di previdenza sociale Stipendi e servizi di contribuzione al fondo di previdenza sociale Niente \u00e8 pi\u00f9 garantito di sconvolgere i vostri dipendenti che sbagliare la loro retribuzione. Con tutti i regolamenti mutevoli, la gestione delle paghe e dei contributi statutari sta diventando sempre pi\u00f9 complesso per molte aziende, assorbendo sempre pi\u00f9 tempo e risorse dal vostro nucleo di funzioni aziendali. CAT pu\u00f2 fornire un servizio paghe completamente esaustiva e confidenziale tra cui: \u2013 La creazione di un sistema per eseguire e controllare mensilmente buste paga, l\u2019accredito di stipendi nei conti bancari degli impiegati, la registrazione e delezioni dal fondo assicurazione previdenziale, contributi vari, ecc. -Per completare la modulistica legale, compreso le dichiarazioni dei redditi fiscali di fine anno del personale rilasciata per la presentazione al dipartimento delle entrate.\" \/>\n<meta property=\"og:url\" content=\"https:\/\/accounting-tax.co.th\/it\/payroll-social-security-fund-services\/\" \/>\n<meta property=\"og:site_name\" content=\"CATAccounting\" \/>\n<meta property=\"article:modified_time\" content=\"2025-01-06T08:40:25+00:00\" \/>\n<meta property=\"og:image\" content=\"https:\/\/accounting-tax.co.th\/wp-content\/uploads\/2021\/06\/Group-27-1-e1624934523689.png\" \/>\n\t<meta property=\"og:image:width\" content=\"634\" \/>\n\t<meta property=\"og:image:height\" content=\"723\" \/>\n\t<meta property=\"og:image:type\" content=\"image\/png\" \/>\n<meta name=\"twitter:card\" content=\"summary_large_image\" \/>\n<meta name=\"twitter:label1\" content=\"Tempo di lettura stimato\" \/>\n\t<meta name=\"twitter:data1\" content=\"1 minuto\" \/>\n<script type=\"application\/ld+json\" class=\"yoast-schema-graph\">{\"@context\":\"https:\\\/\\\/schema.org\",\"@graph\":[{\"@type\":\"WebPage\",\"@id\":\"https:\\\/\\\/accounting-tax.co.th\\\/it\\\/payroll-social-security-fund-services\\\/\",\"url\":\"https:\\\/\\\/accounting-tax.co.th\\\/it\\\/payroll-social-security-fund-services\\\/\",\"name\":\"Payroll & Social Security fund Services - CATAccounting\",\"isPartOf\":{\"@id\":\"https:\\\/\\\/accounting-tax.co.th\\\/it\\\/#website\"},\"primaryImageOfPage\":{\"@id\":\"https:\\\/\\\/accounting-tax.co.th\\\/it\\\/payroll-social-security-fund-services\\\/#primaryimage\"},\"image\":{\"@id\":\"https:\\\/\\\/accounting-tax.co.th\\\/it\\\/payroll-social-security-fund-services\\\/#primaryimage\"},\"thumbnailUrl\":\"https:\\\/\\\/accounting-tax.co.th\\\/wp-content\\\/uploads\\\/2021\\\/06\\\/Group-27-1-e1624934523689.png\",\"datePublished\":\"2021-06-29T03:57:13+00:00\",\"dateModified\":\"2025-01-06T08:40:25+00:00\",\"breadcrumb\":{\"@id\":\"https:\\\/\\\/accounting-tax.co.th\\\/it\\\/payroll-social-security-fund-services\\\/#breadcrumb\"},\"inLanguage\":\"it-IT\",\"potentialAction\":[{\"@type\":\"ReadAction\",\"target\":[\"https:\\\/\\\/accounting-tax.co.th\\\/it\\\/payroll-social-security-fund-services\\\/\"]}]},{\"@type\":\"ImageObject\",\"inLanguage\":\"it-IT\",\"@id\":\"https:\\\/\\\/accounting-tax.co.th\\\/it\\\/payroll-social-security-fund-services\\\/#primaryimage\",\"url\":\"https:\\\/\\\/accounting-tax.co.th\\\/wp-content\\\/uploads\\\/2021\\\/06\\\/Group-27-1-e1624934523689.png\",\"contentUrl\":\"https:\\\/\\\/accounting-tax.co.th\\\/wp-content\\\/uploads\\\/2021\\\/06\\\/Group-27-1-e1624934523689.png\"},{\"@type\":\"BreadcrumbList\",\"@id\":\"https:\\\/\\\/accounting-tax.co.th\\\/it\\\/payroll-social-security-fund-services\\\/#breadcrumb\",\"itemListElement\":[{\"@type\":\"ListItem\",\"position\":1,\"name\":\"Home\",\"item\":\"https:\\\/\\\/accounting-tax.co.th\\\/it\\\/\"},{\"@type\":\"ListItem\",\"position\":2,\"name\":\"Payroll &#038; Social Security fund Services\"}]},{\"@type\":\"WebSite\",\"@id\":\"https:\\\/\\\/accounting-tax.co.th\\\/it\\\/#website\",\"url\":\"https:\\\/\\\/accounting-tax.co.th\\\/it\\\/\",\"name\":\"CATAccounting\",\"description\":\"\",\"publisher\":{\"@id\":\"https:\\\/\\\/accounting-tax.co.th\\\/it\\\/#organization\"},\"potentialAction\":[{\"@type\":\"SearchAction\",\"target\":{\"@type\":\"EntryPoint\",\"urlTemplate\":\"https:\\\/\\\/accounting-tax.co.th\\\/it\\\/?s={search_term_string}\"},\"query-input\":{\"@type\":\"PropertyValueSpecification\",\"valueRequired\":true,\"valueName\":\"search_term_string\"}}],\"inLanguage\":\"it-IT\"},{\"@type\":\"Organization\",\"@id\":\"https:\\\/\\\/accounting-tax.co.th\\\/it\\\/#organization\",\"name\":\"CATAccounting\",\"url\":\"https:\\\/\\\/accounting-tax.co.th\\\/it\\\/\",\"logo\":{\"@type\":\"ImageObject\",\"inLanguage\":\"it-IT\",\"@id\":\"https:\\\/\\\/accounting-tax.co.th\\\/it\\\/#\\\/schema\\\/logo\\\/image\\\/\",\"url\":\"https:\\\/\\\/accounting-tax.co.th\\\/wp-content\\\/uploads\\\/2021\\\/06\\\/cropped-logo-original-white.png\",\"contentUrl\":\"https:\\\/\\\/accounting-tax.co.th\\\/wp-content\\\/uploads\\\/2021\\\/06\\\/cropped-logo-original-white.png\",\"width\":361,\"height\":220,\"caption\":\"CATAccounting\"},\"image\":{\"@id\":\"https:\\\/\\\/accounting-tax.co.th\\\/it\\\/#\\\/schema\\\/logo\\\/image\\\/\"}}]}<\/script>\n<!-- \/ Yoast SEO plugin. -->","yoast_head_json":{"title":"Payroll & Social Security fund Services - CATAccounting","robots":{"index":"index","follow":"follow","max-snippet":"max-snippet:-1","max-image-preview":"max-image-preview:large","max-video-preview":"max-video-preview:-1"},"canonical":"https:\/\/accounting-tax.co.th\/it\/payroll-social-security-fund-services\/","og_locale":"it_IT","og_type":"article","og_title":"Payroll & Social Security fund Services - CATAccounting","og_description":"Stipendi e servizi di contribuzione al fondo di previdenza sociale Stipendi e servizi di contribuzione al fondo di previdenza sociale Niente \u00e8 pi\u00f9 garantito di sconvolgere i vostri dipendenti che sbagliare la loro retribuzione. Con tutti i regolamenti mutevoli, la gestione delle paghe e dei contributi statutari sta diventando sempre pi\u00f9 complesso per molte aziende, assorbendo sempre pi\u00f9 tempo e risorse dal vostro nucleo di funzioni aziendali. CAT pu\u00f2 fornire un servizio paghe completamente esaustiva e confidenziale tra cui: \u2013 La creazione di un sistema per eseguire e controllare mensilmente buste paga, l\u2019accredito di stipendi nei conti bancari degli impiegati, la registrazione e delezioni dal fondo assicurazione previdenziale, contributi vari, ecc. -Per completare la modulistica legale, compreso le dichiarazioni dei redditi fiscali di fine anno del personale rilasciata per la presentazione al dipartimento delle entrate.","og_url":"https:\/\/accounting-tax.co.th\/it\/payroll-social-security-fund-services\/","og_site_name":"CATAccounting","article_modified_time":"2025-01-06T08:40:25+00:00","og_image":[{"width":634,"height":723,"url":"https:\/\/accounting-tax.co.th\/wp-content\/uploads\/2021\/06\/Group-27-1-e1624934523689.png","type":"image\/png"}],"twitter_card":"summary_large_image","twitter_misc":{"Tempo di lettura stimato":"1 minuto"},"schema":{"@context":"https:\/\/schema.org","@graph":[{"@type":"WebPage","@id":"https:\/\/accounting-tax.co.th\/it\/payroll-social-security-fund-services\/","url":"https:\/\/accounting-tax.co.th\/it\/payroll-social-security-fund-services\/","name":"Payroll & Social Security fund Services - CATAccounting","isPartOf":{"@id":"https:\/\/accounting-tax.co.th\/it\/#website"},"primaryImageOfPage":{"@id":"https:\/\/accounting-tax.co.th\/it\/payroll-social-security-fund-services\/#primaryimage"},"image":{"@id":"https:\/\/accounting-tax.co.th\/it\/payroll-social-security-fund-services\/#primaryimage"},"thumbnailUrl":"https:\/\/accounting-tax.co.th\/wp-content\/uploads\/2021\/06\/Group-27-1-e1624934523689.png","datePublished":"2021-06-29T03:57:13+00:00","dateModified":"2025-01-06T08:40:25+00:00","breadcrumb":{"@id":"https:\/\/accounting-tax.co.th\/it\/payroll-social-security-fund-services\/#breadcrumb"},"inLanguage":"it-IT","potentialAction":[{"@type":"ReadAction","target":["https:\/\/accounting-tax.co.th\/it\/payroll-social-security-fund-services\/"]}]},{"@type":"ImageObject","inLanguage":"it-IT","@id":"https:\/\/accounting-tax.co.th\/it\/payroll-social-security-fund-services\/#primaryimage","url":"https:\/\/accounting-tax.co.th\/wp-content\/uploads\/2021\/06\/Group-27-1-e1624934523689.png","contentUrl":"https:\/\/accounting-tax.co.th\/wp-content\/uploads\/2021\/06\/Group-27-1-e1624934523689.png"},{"@type":"BreadcrumbList","@id":"https:\/\/accounting-tax.co.th\/it\/payroll-social-security-fund-services\/#breadcrumb","itemListElement":[{"@type":"ListItem","position":1,"name":"Home","item":"https:\/\/accounting-tax.co.th\/it\/"},{"@type":"ListItem","position":2,"name":"Payroll &#038; Social Security fund Services"}]},{"@type":"WebSite","@id":"https:\/\/accounting-tax.co.th\/it\/#website","url":"https:\/\/accounting-tax.co.th\/it\/","name":"CATAccounting","description":"","publisher":{"@id":"https:\/\/accounting-tax.co.th\/it\/#organization"},"potentialAction":[{"@type":"SearchAction","target":{"@type":"EntryPoint","urlTemplate":"https:\/\/accounting-tax.co.th\/it\/?s={search_term_string}"},"query-input":{"@type":"PropertyValueSpecification","valueRequired":true,"valueName":"search_term_string"}}],"inLanguage":"it-IT"},{"@type":"Organization","@id":"https:\/\/accounting-tax.co.th\/it\/#organization","name":"CATAccounting","url":"https:\/\/accounting-tax.co.th\/it\/","logo":{"@type":"ImageObject","inLanguage":"it-IT","@id":"https:\/\/accounting-tax.co.th\/it\/#\/schema\/logo\/image\/","url":"https:\/\/accounting-tax.co.th\/wp-content\/uploads\/2021\/06\/cropped-logo-original-white.png","contentUrl":"https:\/\/accounting-tax.co.th\/wp-content\/uploads\/2021\/06\/cropped-logo-original-white.png","width":361,"height":220,"caption":"CATAccounting"},"image":{"@id":"https:\/\/accounting-tax.co.th\/it\/#\/schema\/logo\/image\/"}}]}},"_links":{"self":[{"href":"https:\/\/accounting-tax.co.th\/it\/wp-json\/wp\/v2\/pages\/999","targetHints":{"allow":["GET"]}}],"collection":[{"href":"https:\/\/accounting-tax.co.th\/it\/wp-json\/wp\/v2\/pages"}],"about":[{"href":"https:\/\/accounting-tax.co.th\/it\/wp-json\/wp\/v2\/types\/page"}],"author":[{"embeddable":true,"href":"https:\/\/accounting-tax.co.th\/it\/wp-json\/wp\/v2\/users\/2"}],"replies":[{"embeddable":true,"href":"https:\/\/accounting-tax.co.th\/it\/wp-json\/wp\/v2\/comments?post=999"}],"version-history":[{"count":30,"href":"https:\/\/accounting-tax.co.th\/it\/wp-json\/wp\/v2\/pages\/999\/revisions"}],"predecessor-version":[{"id":2257,"href":"https:\/\/accounting-tax.co.th\/it\/wp-json\/wp\/v2\/pages\/999\/revisions\/2257"}],"wp:attachment":[{"href":"https:\/\/accounting-tax.co.th\/it\/wp-json\/wp\/v2\/media?parent=999"}],"curies":[{"name":"wp","href":"https:\/\/api.w.org\/{rel}","templated":true}]}}